{"id":11,"date":"2023-07-12T17:19:20","date_gmt":"2023-07-12T09:19:20","guid":{"rendered":"https:\/\/charcoalmaking.com\/?page_id=11"},"modified":"2026-04-03T18:00:24","modified_gmt":"2026-04-03T10:00:24","slug":"about-us","status":"publish","type":"page","link":"https:\/\/charcoalmaking.com\/de\/about-us\/","title":{"rendered":"\u00dcber uns"},"content":{"rendered":"<p>Willkommen bei Shuliy Machinery, einem f\u00fchrenden Hersteller von Holzkohlemaschinen und Holzbearbeitungsmaschinen mit Sitz in China. Seit unserer Gr\u00fcndung im Jahr 2011 widmen wir uns der Bereitstellung erstklassiger Ausr\u00fcstung und au\u00dfergew\u00f6hnlicher Dienstleistungen f\u00fcr unsere gesch\u00e4tzten Kunden weltweit. Mit unserem Fachwissen, unserer Innovationskraft und unserem Engagement f\u00fcr die Kundenzufriedenheit haben wir uns als vertrauensw\u00fcrdiger Lieferant in der Branche einen Namen gemacht.<\/p>    <h2 class=\"wp-block-heading\">Technologische Exzellenz<\/h2>    <p>Bei Shuliy Machinery sind wir stolz auf unsere technologische Exzellenz. Unser Team aus qualifizierten Ingenieuren und Technikern bleibt an der Spitze der Branchenfortschritte, um sicherzustellen, dass unsere Maschinen mit modernster Technologie gebaut werden. Wir investieren kontinuierlich in Forschung und Entwicklung und k\u00f6nnen so hochmoderne L\u00f6sungen anbieten, die den sich \u00e4ndernden Anforderungen des Marktes gerecht werden. Durch den Einsatz von Innovationen liefern wir stets leistungsstarke Maschinen, die Effizienz und Produktivit\u00e4t maximieren.<\/p>    <figure class=\"wp-block-gallery has-nested-images columns-default is-cropped wp-block-gallery-2 is-layout-flex wp-block-gallery-is-layout-flex\"> <figure class=\"wp-block-image size-large\"><img loading=\"lazy\" decoding=\"async\" width=\"720\" height=\"540\" data-id=\"1820\" src=\"https:\/\/charcoalmaking.com\/wp-content\/uploads\/2025\/11\/Sawdust-briquette-machine.webp\" alt=\"S\u00e4gemehlbrikettpresse\" class=\"wp-image-1820\" srcset=\"https:\/\/charcoalmaking.com\/wp-content\/uploads\/2025\/11\/Sawdust-briquette-machine.webp 720w, https:\/\/charcoalmaking.com\/wp-content\/uploads\/2025\/11\/Sawdust-briquette-machine-360x270.webp 360w, https:\/\/charcoalmaking.com\/wp-content\/uploads\/2025\/11\/Sawdust-briquette-machine-16x12.webp 16w\" sizes=\"auto, (max-width: 720px) 100vw, 720px\" \/><figcaption class=\"wp-element-caption\">S\u00e4gemehlbrikettpresse<\/figcaption><\/figure>    <figure class=\"wp-block-image size-large\"><img loading=\"lazy\" decoding=\"async\" width=\"720\" height=\"540\" data-id=\"1720\" src=\"https:\/\/charcoalmaking.com\/wp-content\/uploads\/2025\/09\/Continuous-Carbonization-Furnace.webp\" alt=\"Kontinuierlicher Karbonisierungsofen\" class=\"wp-image-1720\" srcset=\"https:\/\/charcoalmaking.com\/wp-content\/uploads\/2025\/09\/Continuous-Carbonization-Furnace.webp 720w, https:\/\/charcoalmaking.com\/wp-content\/uploads\/2025\/09\/Continuous-Carbonization-Furnace-360x270.webp 360w, https:\/\/charcoalmaking.com\/wp-content\/uploads\/2025\/09\/Continuous-Carbonization-Furnace-16x12.webp 16w\" sizes=\"auto, (max-width: 720px) 100vw, 720px\" \/><figcaption class=\"wp-element-caption\">Kontinuierlicher Karbonisierungsofen<\/figcaption><\/figure>    <figure class=\"wp-block-image size-large\"><img loading=\"lazy\" decoding=\"async\" width=\"720\" height=\"540\" data-id=\"1383\" src=\"https:\/\/charcoalmaking.com\/wp-content\/uploads\/2024\/10\/hammer-mill-crusher-will-dust-collector-1.webp\" alt=\"Hammerm\u00fchle Brecher wird Staubsammler\" class=\"wp-image-1383\" srcset=\"https:\/\/charcoalmaking.com\/wp-content\/uploads\/2024\/10\/hammer-mill-crusher-will-dust-collector-1.webp 720w, https:\/\/charcoalmaking.com\/wp-content\/uploads\/2024\/10\/hammer-mill-crusher-will-dust-collector-1-360x270.webp 360w, https:\/\/charcoalmaking.com\/wp-content\/uploads\/2024\/10\/hammer-mill-crusher-will-dust-collector-1-16x12.webp 16w\" sizes=\"auto, (max-width: 720px) 100vw, 720px\" \/><figcaption class=\"wp-element-caption\">Hammerm\u00fchle Brecher wird Staubsammler<\/figcaption><\/figure> <\/figure>    <h2 class=\"wp-block-heading\">Globale Pr\u00e4senz<\/h2>    <p>Im Laufe der Jahre haben unsere Holzbearbeitungsmaschinen und Holzkohlemaschinen weltweit an Popularit\u00e4t gewonnen. Wir haben unsere Produkte erfolgreich in mehr als 20 L\u00e4nder und Regionen exportiert und uns so das Vertrauen und die Loyalit\u00e4t unserer Kunden weltweit erworben. Unser Engagement f\u00fcr h\u00f6chste Qualit\u00e4t und Zuverl\u00e4ssigkeit hat es uns erm\u00f6glicht, langfristige Partnerschaften mit Kunden aufzubauen, die sich bei ihren Maschinenanforderungen auf uns verlassen. Unabh\u00e4ngig von Ihrem Standort sind wir bestrebt, Sie mit Exzellenz und Professionalit\u00e4t zu bedienen.<\/p>    <figure class=\"wp-block-gallery has-nested-images columns-default is-cropped wp-block-gallery-3 is-layout-flex wp-block-gallery-is-layout-flex\"> <figure class=\"wp-block-image size-large\"><img loading=\"lazy\" decoding=\"async\" width=\"720\" height=\"540\" data-id=\"1769\" src=\"https:\/\/charcoalmaking.com\/wp-content\/uploads\/2025\/10\/Loading-the-continuous-carbonization-furnace.webp\" alt=\"Laden des kontinuierlichen KohlenisierungsOfens\" class=\"wp-image-1769\" srcset=\"https:\/\/charcoalmaking.com\/wp-content\/uploads\/2025\/10\/Loading-the-continuous-carbonization-furnace.webp 720w, https:\/\/charcoalmaking.com\/wp-content\/uploads\/2025\/10\/Loading-the-continuous-carbonization-furnace-360x270.webp 360w, https:\/\/charcoalmaking.com\/wp-content\/uploads\/2025\/10\/Loading-the-continuous-carbonization-furnace-16x12.webp 16w\" sizes=\"auto, (max-width: 720px) 100vw, 720px\" \/><figcaption class=\"wp-element-caption\">Laden des kontinuierlichen KohlenisierungsOfens<\/figcaption><\/figure>    <figure class=\"wp-block-image size-large\"><img loading=\"lazy\" decoding=\"async\" width=\"720\" height=\"540\" data-id=\"1577\" src=\"https:\/\/charcoalmaking.com\/wp-content\/uploads\/2025\/07\/Wood-Crusher-1.webp\" alt=\"Holzzerkleinerer verkauft nach Ghana\" class=\"wp-image-1577\" srcset=\"https:\/\/charcoalmaking.com\/wp-content\/uploads\/2025\/07\/Wood-Crusher-1.webp 720w, https:\/\/charcoalmaking.com\/wp-content\/uploads\/2025\/07\/Wood-Crusher-1-360x270.webp 360w, https:\/\/charcoalmaking.com\/wp-content\/uploads\/2025\/07\/Wood-Crusher-1-16x12.webp 16w\" sizes=\"auto, (max-width: 720px) 100vw, 720px\" \/><figcaption class=\"wp-element-caption\">Holzzerkleinerer verkauft nach Ghana<\/figcaption><\/figure>    <figure class=\"wp-block-image size-full\"><img loading=\"lazy\" decoding=\"async\" width=\"720\" height=\"540\" data-id=\"1763\" src=\"https:\/\/charcoalmaking.com\/wp-content\/uploads\/2025\/10\/Continuous-Carbonizing-Machine-Shippment.webp\" alt=\"Kontinuierliche Kohlenisierungsmaschinen-Versand\" class=\"wp-image-1763\" srcset=\"https:\/\/charcoalmaking.com\/wp-content\/uploads\/2025\/10\/Continuous-Carbonizing-Machine-Shippment.webp 720w, https:\/\/charcoalmaking.com\/wp-content\/uploads\/2025\/10\/Continuous-Carbonizing-Machine-Shippment-360x270.webp 360w, https:\/\/charcoalmaking.com\/wp-content\/uploads\/2025\/10\/Continuous-Carbonizing-Machine-Shippment-16x12.webp 16w\" sizes=\"auto, (max-width: 720px) 100vw, 720px\" \/><figcaption class=\"wp-element-caption\">Kontinuierliche Kohlenisierungsmaschinen-Versand<\/figcaption><\/figure> <\/figure>    <h2 class=\"wp-block-heading\">Anpassungsdienste<\/h2>    <p>Wir verstehen, dass jeder Kunde einzigartige Anforderungen hat. Deshalb bieten wir umfassende kundenspezifische Dienstleistungen an, um unsere Maschinen an Ihre spezifischen Bed\u00fcrfnisse anzupassen. Unser erfahrenes Team arbeitet eng mit Ihnen zusammen, um Ihre Produktionsziele, Platzbeschr\u00e4nkungen und Budgetbeschr\u00e4nkungen zu verstehen. Mit diesen Informationen konstruieren und fertigen wir Maschinen, die genau Ihren Spezifikationen entsprechen. Ob Sie Modifikationen an einem bestehenden Modell oder eine v\u00f6llig neue L\u00f6sung ben\u00f6tigen, wir sind hier, um Ihre Vision in die Realit\u00e4t umzusetzen.<\/p>    <figure class=\"wp-block-gallery has-nested-images columns-default is-cropped wp-block-gallery-4 is-layout-flex wp-block-gallery-is-layout-flex\"> <figure class=\"wp-block-image size-large\"><img loading=\"lazy\" decoding=\"async\" width=\"720\" height=\"540\" data-id=\"1814\" src=\"https:\/\/charcoalmaking.com\/wp-content\/uploads\/2025\/11\/Coal-Briquette-Extruder.webp\" alt=\"Kohlebrikett-Extruder\" class=\"wp-image-1814\" srcset=\"https:\/\/charcoalmaking.com\/wp-content\/uploads\/2025\/11\/Coal-Briquette-Extruder.webp 720w, https:\/\/charcoalmaking.com\/wp-content\/uploads\/2025\/11\/Coal-Briquette-Extruder-360x270.webp 360w, https:\/\/charcoalmaking.com\/wp-content\/uploads\/2025\/11\/Coal-Briquette-Extruder-16x12.webp 16w\" sizes=\"auto, (max-width: 720px) 100vw, 720px\" \/><figcaption class=\"wp-element-caption\">Kohlebrikett-Extruder<\/figcaption><\/figure>    <figure class=\"wp-block-image size-large\"><img loading=\"lazy\" decoding=\"async\" width=\"720\" height=\"540\" data-id=\"1816\" src=\"https:\/\/charcoalmaking.com\/wp-content\/uploads\/2025\/11\/Coal-Briquette-Machine-Mold.webp\" alt=\"Form f\u00fcr Kohlebrikettmaschine\" class=\"wp-image-1816\" srcset=\"https:\/\/charcoalmaking.com\/wp-content\/uploads\/2025\/11\/Coal-Briquette-Machine-Mold.webp 720w, https:\/\/charcoalmaking.com\/wp-content\/uploads\/2025\/11\/Coal-Briquette-Machine-Mold-360x270.webp 360w, https:\/\/charcoalmaking.com\/wp-content\/uploads\/2025\/11\/Coal-Briquette-Machine-Mold-16x12.webp 16w\" sizes=\"auto, (max-width: 720px) 100vw, 720px\" \/><figcaption class=\"wp-element-caption\">Form f\u00fcr Kohlebrikettmaschine<\/figcaption><\/figure>    <figure class=\"wp-block-image size-large\"><img loading=\"lazy\" decoding=\"async\" width=\"720\" height=\"540\" data-id=\"1710\" src=\"https:\/\/charcoalmaking.com\/wp-content\/uploads\/2023\/07\/Shipping-of-briquette-production-line.webp\" alt=\"Versand der Brikett-Produktionslinie\" class=\"wp-image-1710\" srcset=\"https:\/\/charcoalmaking.com\/wp-content\/uploads\/2023\/07\/Shipping-of-briquette-production-line.webp 720w, https:\/\/charcoalmaking.com\/wp-content\/uploads\/2023\/07\/Shipping-of-briquette-production-line-360x270.webp 360w, https:\/\/charcoalmaking.com\/wp-content\/uploads\/2023\/07\/Shipping-of-briquette-production-line-16x12.webp 16w\" sizes=\"auto, (max-width: 720px) 100vw, 720px\" \/><figcaption class=\"wp-element-caption\">Versand der Brikettproduktionslinie<\/figcaption><\/figure> <\/figure>    <h2 class=\"wp-block-heading\">Qualit\u00e4tssicherung<\/h2>    <p>Qualit\u00e4t hat bei Shuliy Machinery oberste Priorit\u00e4t. Wir halten uns w\u00e4hrend des gesamten Herstellungsprozesses an strenge Qualit\u00e4tskontrollma\u00dfnahmen und stellen so sicher, dass jede Maschine, die unser Werk verl\u00e4sst, den h\u00f6chsten Standards entspricht. Wir beziehen hochwertige Materialien von zuverl\u00e4ssigen Lieferanten und nutzen fortschrittliche Fertigungstechniken, um robuste und langlebige Ger\u00e4te herzustellen. Unser Qualit\u00e4tsanspruch erstreckt sich auf strenge Test- und Inspektionsverfahren, die die Leistung, Sicherheit und Langlebigkeit unserer Maschinen garantieren.<\/p>    <figure class=\"wp-block-gallery has-nested-images columns-default is-cropped wp-block-gallery-5 is-layout-flex wp-block-gallery-is-layout-flex\"> <figure class=\"wp-block-image size-large\"><img loading=\"lazy\" decoding=\"async\" width=\"540\" height=\"720\" data-id=\"1847\" src=\"https:\/\/charcoalmaking.com\/wp-content\/uploads\/2025\/12\/Charcoal-Dryer-Insulation-Layer.webp\" alt=\"Holzkohle-Trockner-Isolationsschicht\" class=\"wp-image-1847\" srcset=\"https:\/\/charcoalmaking.com\/wp-content\/uploads\/2025\/12\/Charcoal-Dryer-Insulation-Layer.webp 540w, https:\/\/charcoalmaking.com\/wp-content\/uploads\/2025\/12\/Charcoal-Dryer-Insulation-Layer-405x540.webp 405w, https:\/\/charcoalmaking.com\/wp-content\/uploads\/2025\/12\/Charcoal-Dryer-Insulation-Layer-9x12.webp 9w\" sizes=\"auto, (max-width: 540px) 100vw, 540px\" \/><figcaption class=\"wp-element-caption\">Holzkohle-Trockner-Isolationsschicht<\/figcaption><\/figure>    <figure class=\"wp-block-image size-large\"><img loading=\"lazy\" decoding=\"async\" width=\"540\" height=\"720\" data-id=\"1719\" src=\"https:\/\/charcoalmaking.com\/wp-content\/uploads\/2025\/09\/Continuous-Carbonization-Furnace-Main-Unit.webp\" alt=\"Hauptger\u00e4t des kontinuierlichen Verkohlungsofens\" class=\"wp-image-1719\" srcset=\"https:\/\/charcoalmaking.com\/wp-content\/uploads\/2025\/09\/Continuous-Carbonization-Furnace-Main-Unit.webp 540w, https:\/\/charcoalmaking.com\/wp-content\/uploads\/2025\/09\/Continuous-Carbonization-Furnace-Main-Unit-405x540.webp 405w, https:\/\/charcoalmaking.com\/wp-content\/uploads\/2025\/09\/Continuous-Carbonization-Furnace-Main-Unit-9x12.webp 9w\" sizes=\"auto, (max-width: 540px) 100vw, 540px\" \/><figcaption class=\"wp-element-caption\">Hauptger\u00e4t des kontinuierlichen Verkohlungsofens<\/figcaption><\/figure>    <figure class=\"wp-block-image size-large\"><img loading=\"lazy\" decoding=\"async\" width=\"540\" height=\"720\" data-id=\"1723\" src=\"https:\/\/charcoalmaking.com\/wp-content\/uploads\/2025\/09\/Distribution-Panel.webp\" alt=\"Verteilertafel\" class=\"wp-image-1723\" srcset=\"https:\/\/charcoalmaking.com\/wp-content\/uploads\/2025\/09\/Distribution-Panel.webp 540w, https:\/\/charcoalmaking.com\/wp-content\/uploads\/2025\/09\/Distribution-Panel-405x540.webp 405w, https:\/\/charcoalmaking.com\/wp-content\/uploads\/2025\/09\/Distribution-Panel-9x12.webp 9w\" sizes=\"auto, (max-width: 540px) 100vw, 540px\" \/><figcaption class=\"wp-element-caption\">Verteilertafel<\/figcaption><\/figure> <\/figure>    <h2 class=\"wp-block-heading\">Kundensupport<\/h2>    <p>Bei Shuliy Machinery glauben wir an die Bereitstellung eines au\u00dfergew\u00f6hnlichen Kundensupports. Unser engagiertes Team steht Ihnen jederzeit zur Verf\u00fcgung, um Ihre Anfragen zu beantworten, technische Unterst\u00fctzung zu bieten und zeitnahe L\u00f6sungen f\u00fcr alle Ihre Anliegen zu finden. Wir legen Wert auf die Zufriedenheit unserer Kunden und sind bestrebt, ihre Erwartungen in jedem Schritt des Prozesses zu \u00fcbertreffen. Von der ersten Beratung bis zum After-Sales-Support sind wir bestrebt, dauerhafte Beziehungen aufzubauen, die auf Vertrauen, Transparenz und Zuverl\u00e4ssigkeit basieren.<\/p>    <figure class=\"wp-block-gallery has-nested-images columns-default is-cropped wp-block-gallery-6 is-layout-flex wp-block-gallery-is-layout-flex\"> <figure class=\"wp-block-image size-large\"><img loading=\"lazy\" decoding=\"async\" width=\"720\" height=\"540\" data-id=\"1449\" src=\"https:\/\/charcoalmaking.com\/wp-content\/uploads\/2024\/11\/automatic-wood-processing-machine.webp\" alt=\"automatische Holzverarbeitungsmaschine\" class=\"wp-image-1449\" srcset=\"https:\/\/charcoalmaking.com\/wp-content\/uploads\/2024\/11\/automatic-wood-processing-machine.webp 720w, https:\/\/charcoalmaking.com\/wp-content\/uploads\/2024\/11\/automatic-wood-processing-machine-360x270.webp 360w, https:\/\/charcoalmaking.com\/wp-content\/uploads\/2024\/11\/automatic-wood-processing-machine-16x12.webp 16w\" sizes=\"auto, (max-width: 720px) 100vw, 720px\" \/><figcaption class=\"wp-element-caption\">automatische Holzverarbeitungsmaschine<\/figcaption><\/figure>    <figure class=\"wp-block-image size-large\"><img loading=\"lazy\" decoding=\"async\" width=\"720\" height=\"540\" data-id=\"1381\" src=\"https:\/\/charcoalmaking.com\/wp-content\/uploads\/2024\/10\/hammer-mill-crusher-will-dust-collector.webp\" alt=\"Hammerm\u00fchle Brecher wird Staubsammler\" class=\"wp-image-1381\" srcset=\"https:\/\/charcoalmaking.com\/wp-content\/uploads\/2024\/10\/hammer-mill-crusher-will-dust-collector.webp 720w, https:\/\/charcoalmaking.com\/wp-content\/uploads\/2024\/10\/hammer-mill-crusher-will-dust-collector-360x270.webp 360w, https:\/\/charcoalmaking.com\/wp-content\/uploads\/2024\/10\/hammer-mill-crusher-will-dust-collector-16x12.webp 16w\" sizes=\"auto, (max-width: 720px) 100vw, 720px\" \/><figcaption class=\"wp-element-caption\">Hammerm\u00fchle Brecher wird Staubsammler<\/figcaption><\/figure>    <figure class=\"wp-block-image size-large\"><img loading=\"lazy\" decoding=\"async\" width=\"720\" height=\"540\" data-id=\"1450\" src=\"https:\/\/charcoalmaking.com\/wp-content\/uploads\/2024\/11\/powerful-magnetic-suction-device.webp\" alt=\"leistungsstarkes magnetisches Saugger\u00e4t\" class=\"wp-image-1450\" srcset=\"https:\/\/charcoalmaking.com\/wp-content\/uploads\/2024\/11\/powerful-magnetic-suction-device.webp 720w, https:\/\/charcoalmaking.com\/wp-content\/uploads\/2024\/11\/powerful-magnetic-suction-device-360x270.webp 360w, https:\/\/charcoalmaking.com\/wp-content\/uploads\/2024\/11\/powerful-magnetic-suction-device-16x12.webp 16w\" sizes=\"auto, (max-width: 720px) 100vw, 720px\" \/><figcaption class=\"wp-element-caption\">leistungsstarkes magnetisches Saugger\u00e4t<\/figcaption><\/figure> <\/figure>    <h2 class=\"wp-block-heading\">Nachhaltigkeit<\/h2>    <p>Als umweltbewusstes Unternehmen legen wir bei unserer Gesch\u00e4ftst\u00e4tigkeit gro\u00dfen Wert auf Nachhaltigkeit. Unsere Maschinen sind darauf ausgelegt, die Energieeffizienz zu maximieren, Abfall zu minimieren und so zu einer umweltfreundlicheren und nachhaltigeren Zukunft beizutragen. Wir verpflichten uns, umweltfreundliche Praktiken einzuf\u00fchren, unseren CO2-Fu\u00dfabdruck zu reduzieren und verantwortungsvolle Herstellungsprozesse zu f\u00f6rdern.<\/p>    <figure class=\"wp-block-gallery has-nested-images columns-default is-cropped wp-block-gallery-7 is-layout-flex wp-block-gallery-is-layout-flex\"> <figure class=\"wp-block-image size-large\"><img loading=\"lazy\" decoding=\"async\" width=\"720\" height=\"540\" data-id=\"1554\" src=\"https:\/\/charcoalmaking.com\/wp-content\/uploads\/2025\/07\/Charcoal-Briquettes-Production-Line.webp\" alt=\"Produktionslinie f\u00fcr Holzkohlebriketts\" class=\"wp-image-1554\" srcset=\"https:\/\/charcoalmaking.com\/wp-content\/uploads\/2025\/07\/Charcoal-Briquettes-Production-Line.webp 720w, https:\/\/charcoalmaking.com\/wp-content\/uploads\/2025\/07\/Charcoal-Briquettes-Production-Line-360x270.webp 360w, https:\/\/charcoalmaking.com\/wp-content\/uploads\/2025\/07\/Charcoal-Briquettes-Production-Line-16x12.webp 16w\" sizes=\"auto, (max-width: 720px) 100vw, 720px\" \/><figcaption class=\"wp-element-caption\">Produktionslinie f\u00fcr Holzkohlebriketts<\/figcaption><\/figure>    <figure class=\"wp-block-image size-large\"><img loading=\"lazy\" decoding=\"async\" width=\"720\" height=\"540\" data-id=\"1603\" src=\"https:\/\/charcoalmaking.com\/wp-content\/uploads\/2025\/07\/shisha-charcoal-production-line.webp\" alt=\"Produktionslinie f\u00fcr Shisha-Kohle\" class=\"wp-image-1603\" srcset=\"https:\/\/charcoalmaking.com\/wp-content\/uploads\/2025\/07\/shisha-charcoal-production-line.webp 720w, https:\/\/charcoalmaking.com\/wp-content\/uploads\/2025\/07\/shisha-charcoal-production-line-360x270.webp 360w, https:\/\/charcoalmaking.com\/wp-content\/uploads\/2025\/07\/shisha-charcoal-production-line-16x12.webp 16w\" sizes=\"auto, (max-width: 720px) 100vw, 720px\" \/><figcaption class=\"wp-element-caption\">Shisha-Kohlenproduktion-Linie<\/figcaption><\/figure> <\/figure>    <h2 class=\"wp-block-heading\">W\u00e4hlen Sie Shuliy Machinery<\/h2>    <p>Wenn es um Holzbearbeitungsmaschinen und Holzkohlemaschinen geht, w\u00e4hlen Sie Shuliy Machinery als Ihren vertrauensw\u00fcrdigen Partner. Mit unserer technologischen Exzellenz, unserer globalen Pr\u00e4senz, unseren kundenspezifischen Dienstleistungen, unserer Qualit\u00e4tssicherung, unserer Kundenbetreuung und unserem Engagement f\u00fcr Nachhaltigkeit sind wir die ideale Wahl f\u00fcr Ihre Maschinenanforderungen. Treten Sie unserer st\u00e4ndig wachsenden Liste zufriedener Kunden bei und erleben Sie die Zuverl\u00e4ssigkeit und Leistung, die uns von der Konkurrenz abhebt.<\/p>    <p>Kontaktieren Sie uns noch heute, um Ihre Anforderungen zu besprechen und wir helfen Ihnen dabei, die perfekte L\u00f6sung f\u00fcr Ihre Anforderungen in der Holzverarbeitung und Holzkohleproduktion zu finden.<\/p>    <figure class=\"wp-block-gallery has-nested-images columns-default is-cropped wp-block-gallery-8 is-layout-flex wp-block-gallery-is-layout-flex\"> <figure class=\"wp-block-image size-large\"><img loading=\"lazy\" decoding=\"async\" width=\"720\" height=\"540\" data-id=\"1919\" src=\"https:\/\/charcoalmaking.com\/wp-content\/uploads\/2026\/04\/Yemeni-customers-visit.webp\" alt=\"Besuch jemenitischer Kunden\" class=\"wp-image-1919\" srcset=\"https:\/\/charcoalmaking.com\/wp-content\/uploads\/2026\/04\/Yemeni-customers-visit.webp 720w, https:\/\/charcoalmaking.com\/wp-content\/uploads\/2026\/04\/Yemeni-customers-visit-360x270.webp 360w, https:\/\/charcoalmaking.com\/wp-content\/uploads\/2026\/04\/Yemeni-customers-visit-16x12.webp 16w\" sizes=\"auto, (max-width: 720px) 100vw, 720px\" \/><figcaption class=\"wp-element-caption\">Besuch jemenitischer Kunden<\/figcaption><\/figure>    <figure class=\"wp-block-image size-large\"><img loading=\"lazy\" decoding=\"async\" width=\"720\" height=\"540\" data-id=\"1502\" src=\"https:\/\/charcoalmaking.com\/wp-content\/uploads\/2023\/07\/Group-photo-of-us-and-our-clients.webp\" alt=\"Gruppenfoto von uns und unseren Kunden\" class=\"wp-image-1502\" srcset=\"https:\/\/charcoalmaking.com\/wp-content\/uploads\/2023\/07\/Group-photo-of-us-and-our-clients.webp 720w, https:\/\/charcoalmaking.com\/wp-content\/uploads\/2023\/07\/Group-photo-of-us-and-our-clients-360x270.webp 360w, https:\/\/charcoalmaking.com\/wp-content\/uploads\/2023\/07\/Group-photo-of-us-and-our-clients-16x12.webp 16w\" sizes=\"auto, (max-width: 720px) 100vw, 720px\" \/><figcaption class=\"wp-element-caption\">Gruppenfoto unserer Kunden und uns<\/figcaption><\/figure>    <figure class=\"wp-block-image size-large\"><img loading=\"lazy\" decoding=\"async\" width=\"720\" height=\"540\" data-id=\"1914\" src=\"https:\/\/charcoalmaking.com\/wp-content\/uploads\/2026\/04\/Nigerian-customers-visit.webp\" alt=\"Besuch nigerianischer Kunden\" class=\"wp-image-1914\" srcset=\"https:\/\/charcoalmaking.com\/wp-content\/uploads\/2026\/04\/Nigerian-customers-visit.webp 720w, https:\/\/charcoalmaking.com\/wp-content\/uploads\/2026\/04\/Nigerian-customers-visit-360x270.webp 360w, https:\/\/charcoalmaking.com\/wp-content\/uploads\/2026\/04\/Nigerian-customers-visit-16x12.webp 16w\" sizes=\"auto, (max-width: 720px) 100vw, 720px\" \/><figcaption class=\"wp-element-caption\">Besuch nigerianischer Kunden<\/figcaption><\/figure> <\/figure>","protected":false},"excerpt":{"rendered":"<p>Welcome to Shuliy Machinery, a leading manufacturer of charcoal machines and woodworking machinery based in China. Since our establishment in 2011, we have been dedicated to delivering top-quality equipment and exceptional services to our valued customers worldwide. With our expertise, innovation, and commitment to customer satisfaction, we have gained recognition as a trusted supplier in [&hellip;]<\/p>\n","protected":false},"author":1,"featured_media":0,"parent":0,"menu_order":0,"comment_status":"closed","ping_status":"closed","template":"","meta":{"footnotes":""},"class_list":["post-11","page","type-page","status-publish","hentry"],"_links":{"self":[{"href":"https:\/\/charcoalmaking.com\/de\/wp-json\/wp\/v2\/pages\/11","targetHints":{"allow":["GET"]}}],"collection":[{"href":"https:\/\/charcoalmaking.com\/de\/wp-json\/wp\/v2\/pages"}],"about":[{"href":"https:\/\/charcoalmaking.com\/de\/wp-json\/wp\/v2\/types\/page"}],"author":[{"embeddable":true,"href":"https:\/\/charcoalmaking.com\/de\/wp-json\/wp\/v2\/users\/1"}],"replies":[{"embeddable":true,"href":"https:\/\/charcoalmaking.com\/de\/wp-json\/wp\/v2\/comments?post=11"}],"version-history":[{"count":4,"href":"https:\/\/charcoalmaking.com\/de\/wp-json\/wp\/v2\/pages\/11\/revisions"}],"predecessor-version":[{"id":1928,"href":"https:\/\/charcoalmaking.com\/de\/wp-json\/wp\/v2\/pages\/11\/revisions\/1928"}],"wp:attachment":[{"href":"https:\/\/charcoalmaking.com\/de\/wp-json\/wp\/v2\/media?parent=11"}],"curies":[{"name":"wp","href":"https:\/\/api.w.org\/{rel}","templated":true}]}}