{"id":1782,"date":"2025-10-28T16:28:39","date_gmt":"2025-10-28T08:28:39","guid":{"rendered":"https:\/\/charcoalmaking.com\/?page_id=1782"},"modified":"2025-10-28T16:28:43","modified_gmt":"2025-10-28T08:28:43","slug":"invest-in-an-automatic-charcoal-production-line","status":"publish","type":"page","link":"https:\/\/charcoalmaking.com\/de\/invest-in-an-automatic-charcoal-production-line\/","title":{"rendered":"Warum in eine automatische Holzkohleproduktionslinie investieren?"},"content":{"rendered":"<p>K\u00f6nnen traditionelle Holzkohlefabriken wirklich profitabel bleiben? Gibt es eine effizientere, energiesparende Methode, um hochwertige Holzkohle herzustellen?<\/p>    <p>Automatische Holzkohleproduktionslinien sind auf dem globalen Markt f\u00fcr Holzkohle auf dem Vormarsch. Sie erm\u00f6glichen es Unternehmen, h\u00f6here Gewinne mit weniger Arbeitskraft und in k\u00fcrzerer Zeit zu erzielen.<\/p>    <figure class=\"wp-block-gallery has-nested-images columns-default is-cropped wp-block-gallery-2 is-layout-flex wp-block-gallery-is-layout-flex\"> <figure class=\"wp-block-image size-large\"><img loading=\"lazy\" decoding=\"async\" width=\"720\" height=\"540\" data-id=\"1706\" src=\"https:\/\/charcoalmaking.com\/wp-content\/uploads\/2023\/07\/Coal-Briquette-Machine.webp\" alt=\"Kohlebrikettiermaschine\" class=\"wp-image-1706\" srcset=\"https:\/\/charcoalmaking.com\/wp-content\/uploads\/2023\/07\/Coal-Briquette-Machine.webp 720w, https:\/\/charcoalmaking.com\/wp-content\/uploads\/2023\/07\/Coal-Briquette-Machine-360x270.webp 360w, https:\/\/charcoalmaking.com\/wp-content\/uploads\/2023\/07\/Coal-Briquette-Machine-16x12.webp 16w\" sizes=\"auto, (max-width: 720px) 100vw, 720px\" \/><figcaption class=\"wp-element-caption\">Kohlebrikettiermaschine<\/figcaption><\/figure>    <figure class=\"wp-block-image size-large\"><img loading=\"lazy\" decoding=\"async\" width=\"720\" height=\"540\" data-id=\"157\" src=\"https:\/\/charcoalmaking.com\/wp-content\/uploads\/2023\/07\/charcoal-briquette-making-machine.webp\" alt=\"Maschine zur Herstellung von Holzkohlebriketts\" class=\"wp-image-157\" srcset=\"https:\/\/charcoalmaking.com\/wp-content\/uploads\/2023\/07\/charcoal-briquette-making-machine.webp 720w, https:\/\/charcoalmaking.com\/wp-content\/uploads\/2023\/07\/charcoal-briquette-making-machine-360x270.webp 360w\" sizes=\"auto, (max-width: 720px) 100vw, 720px\" \/><figcaption class=\"wp-element-caption\">Maschine zur Herstellung von Holzkohlebriketts<\/figcaption><\/figure>    <figure class=\"wp-block-image size-large\"><img loading=\"lazy\" decoding=\"async\" width=\"720\" height=\"540\" data-id=\"156\" src=\"https:\/\/charcoalmaking.com\/wp-content\/uploads\/2023\/07\/charcoal-briquette-machine.webp\" alt=\"Holzkohlebrikettmaschine\" class=\"wp-image-156\" srcset=\"https:\/\/charcoalmaking.com\/wp-content\/uploads\/2023\/07\/charcoal-briquette-machine.webp 720w, https:\/\/charcoalmaking.com\/wp-content\/uploads\/2023\/07\/charcoal-briquette-machine-360x270.webp 360w\" sizes=\"auto, (max-width: 720px) 100vw, 720px\" \/><figcaption class=\"wp-element-caption\">Holzkohlebrikettmaschine<\/figcaption><\/figure> <\/figure>    <h2 class=\"wp-block-heading\">Aufbau und Prozess einer automatischen Holzkohleproduktionslinie<\/h2>    <p>Eine vollst\u00e4ndige automatische Holzkohleproduktionslinie umfasst typischerweise die folgenden Ger\u00e4te:<\/p>    <ul class=\"wp-block-list\"> <li><strong>Holzzerkleinerer:<\/strong> zerkleinert Rohstoffe wie Zweige, Holzst\u00fccke und Stroh zu feinen Partikeln, um die Gleichm\u00e4\u00dfigkeit des Brikett-Futterstoffs sicherzustellen.<\/li>    <li><strong>Trommeltrockner:<\/strong> entfernt schnell \u00fcbersch\u00fcssige Feuchtigkeit aus Holzpulver, um eine stabile und glatte Brikettierung zu gew\u00e4hrleisten.<\/li>    <li><strong>Brikettpresse:<\/strong> formt getrocknetes Holzpulver durch Hochdruck-Extrusion zu hochdichten, gleichm\u00e4\u00dfig gro\u00dfen Briketts.<\/li>    <li><strong>Verkohlungsofen: <\/strong>wandelt Briketts durch Hochtemperatur- und sauerstofffreie Verkohlung in hochwertigen Holzkohle um.<\/li>    <li><strong>Kissenverpackungsmaschine:<\/strong> f\u00fchrt automatisch Wiegen, Versiegeln und Verpacken durch, verbessert das Aussehen und die Transportf\u00e4higkeit der fertigen Holzkohle.<\/li> <\/ul>   <div class=\"wp-block-image\"> <figure class=\"aligncenter size-large\"><img loading=\"lazy\" decoding=\"async\" width=\"720\" height=\"540\" src=\"https:\/\/charcoalmaking.com\/wp-content\/uploads\/2024\/11\/charcoal-processing-line.webp\" alt=\"Holzkohleverarbeitungslinie\" class=\"wp-image-1395\" srcset=\"https:\/\/charcoalmaking.com\/wp-content\/uploads\/2024\/11\/charcoal-processing-line.webp 720w, https:\/\/charcoalmaking.com\/wp-content\/uploads\/2024\/11\/charcoal-processing-line-360x270.webp 360w, https:\/\/charcoalmaking.com\/wp-content\/uploads\/2024\/11\/charcoal-processing-line-16x12.webp 16w\" sizes=\"auto, (max-width: 720px) 100vw, 720px\" \/><figcaption class=\"wp-element-caption\">Holzkohleverarbeitungslinie<\/figcaption><\/figure> <\/div>   <p class=\"translation-block\">Die gesamte<a href=\"https:\/\/charcoalmaking.com\/de\/charcoal-production-line\/\" data-type=\"link\" data-id=\"https:\/\/charcoalmaking.com\/charcoal-production-line\/\">automatische Holzkohleproduktionslinie<\/a>erreicht automatisches Zuf\u00fchren, Temperaturkontrolle und Geschwindigkeitsregulierung.<br>Ben\u00f6tigt nur<strong>2\u20133 Bediener<\/strong>f\u00fcr einen stabilen Betrieb.<\/p>    <h2 class=\"wp-block-heading\">Warum unsere automatisierte Holzkohlelinie w\u00e4hlen?<\/h2>    <p class=\"translation-block\"><strong>Deutlich reduzierte Arbeitskosten<\/strong><\/p>    <p class=\"translation-block\">Traditionelle manuelle Holzkohleproduktion erfordert mehr als ein Dutzend Arbeiter, w\u00e4hrend eine automatisierte Produktionslinie den gesamten Prozess mit nur<strong>2\u20133 Bedienern<\/strong>abschlie\u00dfen kann.<\/p>    <p class=\"translation-block\"><strong>Die Produktionseffizienz verdoppelt sich<\/strong><\/p>    <p>Kontinuierliche Produktionssysteme erm\u00f6glichen einen stabilen Betrieb, unabh\u00e4ngig von Wetter oder Erfahrung der Arbeiter.<\/p>    <p class=\"translation-block\"><strong>Geringerer Energieverbrauch und h\u00f6here Ressourcennutzung<\/strong><\/p>    <p>Trocknungs- und Carbonisierungsanlagen nutzen Abw\u00e4rmer\u00fcckgewinnungstechnologie, was etwa 30% Energieeinsparungen im Vergleich zu veralteten Prozessen bedeutet.<\/p>    <figure class=\"wp-block-gallery has-nested-images columns-default is-cropped wp-block-gallery-3 is-layout-flex wp-block-gallery-is-layout-flex\"> <figure class=\"wp-block-image size-large\"><img loading=\"lazy\" decoding=\"async\" width=\"720\" height=\"540\" data-id=\"1102\" src=\"https:\/\/charcoalmaking.com\/wp-content\/uploads\/2023\/07\/bbq-charcoal-machine.jpg\" alt=\"Grillkohlemaschine\" class=\"wp-image-1102\" srcset=\"https:\/\/charcoalmaking.com\/wp-content\/uploads\/2023\/07\/bbq-charcoal-machine.jpg 720w, https:\/\/charcoalmaking.com\/wp-content\/uploads\/2023\/07\/bbq-charcoal-machine-360x270.jpg 360w, https:\/\/charcoalmaking.com\/wp-content\/uploads\/2023\/07\/bbq-charcoal-machine-16x12.jpg 16w\" sizes=\"auto, (max-width: 720px) 100vw, 720px\" \/><figcaption class=\"wp-element-caption\">Grillkohlemaschine<\/figcaption><\/figure>    <figure class=\"wp-block-image size-large\"><img loading=\"lazy\" decoding=\"async\" width=\"1024\" height=\"768\" data-id=\"1101\" src=\"https:\/\/charcoalmaking.com\/wp-content\/uploads\/2023\/07\/bbq-charcoal-briquettes-extruder-machine-1024x768.jpg\" alt=\"Extrudermaschine f\u00fcr Grillkohlebriketts\" class=\"wp-image-1101\" srcset=\"https:\/\/charcoalmaking.com\/wp-content\/uploads\/2023\/07\/bbq-charcoal-briquettes-extruder-machine-1024x768.jpg 1024w, https:\/\/charcoalmaking.com\/wp-content\/uploads\/2023\/07\/bbq-charcoal-briquettes-extruder-machine-720x540.jpg 720w, https:\/\/charcoalmaking.com\/wp-content\/uploads\/2023\/07\/bbq-charcoal-briquettes-extruder-machine-360x270.jpg 360w, https:\/\/charcoalmaking.com\/wp-content\/uploads\/2023\/07\/bbq-charcoal-briquettes-extruder-machine-768x576.jpg 768w, https:\/\/charcoalmaking.com\/wp-content\/uploads\/2023\/07\/bbq-charcoal-briquettes-extruder-machine-1536x1152.jpg 1536w, https:\/\/charcoalmaking.com\/wp-content\/uploads\/2023\/07\/bbq-charcoal-briquettes-extruder-machine-2048x1536.jpg 2048w, https:\/\/charcoalmaking.com\/wp-content\/uploads\/2023\/07\/bbq-charcoal-briquettes-extruder-machine-16x12.jpg 16w\" sizes=\"auto, (max-width: 1024px) 100vw, 1024px\" \/><figcaption class=\"wp-element-caption\">Extrudermaschine f\u00fcr Grillkohlebriketts<\/figcaption><\/figure>    <figure class=\"wp-block-image size-large\"><img loading=\"lazy\" decoding=\"async\" width=\"720\" height=\"540\" data-id=\"777\" src=\"https:\/\/charcoalmaking.com\/wp-content\/uploads\/2023\/08\/charcoal-drying-equipment.webp\" alt=\"Ausr\u00fcstung zum Trocknen von Holzkohle\" class=\"wp-image-777\" srcset=\"https:\/\/charcoalmaking.com\/wp-content\/uploads\/2023\/08\/charcoal-drying-equipment.webp 720w, https:\/\/charcoalmaking.com\/wp-content\/uploads\/2023\/08\/charcoal-drying-equipment-360x270.webp 360w\" sizes=\"auto, (max-width: 720px) 100vw, 720px\" \/><figcaption class=\"wp-element-caption\">Ausr\u00fcstung zum Trocknen von Holzkohle<\/figcaption><\/figure> <\/figure>    <p class=\"translation-block\"><strong>Konstantere Produktqualit\u00e4t, geeignet f\u00fcr Exportm\u00e4rkte<\/strong><\/p>    <p>Automatisierte Steuerung sorgt f\u00fcr gleichm\u00e4\u00dfige Holzkohledichte und l\u00e4ngere Brenndauer, was sie ideal f\u00fcr Grillen, Heizen und industrielle Anwendungen macht.<\/p>    <p class=\"translation-block\"><strong>Schnelle Amortisation und hohe Gewinnmargen<\/strong><\/p>    <p>F\u00fcr eine t\u00e4gliche Produktionskapazit\u00e4t von 5 Tonnen, basierend auf den aktuellen Marktpreisen<br>Die Investition kann in etwa 6\u20138 Monaten mit einer Bruttogewinnmarge von 40 % wieder hereingeholt werden.<\/p>   <div class=\"wp-block-image\"> <figure class=\"aligncenter size-large\"><img loading=\"lazy\" decoding=\"async\" width=\"720\" height=\"540\" src=\"https:\/\/charcoalmaking.com\/wp-content\/uploads\/2023\/07\/charcoal-production-line-1.webp\" alt=\"Holzkohleverarbeitungsanlage\" class=\"wp-image-177\" srcset=\"https:\/\/charcoalmaking.com\/wp-content\/uploads\/2023\/07\/charcoal-production-line-1.webp 720w, https:\/\/charcoalmaking.com\/wp-content\/uploads\/2023\/07\/charcoal-production-line-1-360x270.webp 360w\" sizes=\"auto, (max-width: 720px) 100vw, 720px\" \/><figcaption class=\"wp-element-caption\">Holzkohleverarbeitungsanlage<\/figcaption><\/figure> <\/div>   <h2 class=\"wp-block-heading\">Fazit<\/h2>    <p>Die Investition in eine automatische Holzkohleproduktionslinie ist nicht nur eine Ger\u00e4teaufwertung \u2013 es ist ein entscheidender Schritt zur Steigerung der Wettbewerbsf\u00e4higkeit Ihres Unternehmens. Intelligente, energieeffiziente und leistungsstarke L\u00f6sungen verwandeln Ihre Holzkohlefabrik in eine moderne Anlage.<\/p>    <p>Bitte kontaktieren Sie uns f\u00fcr detailliertere Informationen zu unserer Holzkohleproduktionslinie!<\/p>    <figure class=\"wp-block-embed is-type-wp-embed is-provider-charcoal-machinery wp-block-embed-charcoal-machinery\"><div class=\"wp-block-embed__wrapper\"> <blockquote class=\"wp-embedded-content\" data-secret=\"qFmQ2cIVON\"><a href=\"https:\/\/charcoalmaking.com\/de\/charcoal-production-line\/\">Holzkohle-Produktionslinie | Kohlemaschine<\/a><\/blockquote><iframe loading=\"lazy\" class=\"wp-embedded-content\" sandbox=\"allow-scripts\" security=\"restricted\" style=\"position: absolute; visibility: hidden;\" title=\"\u201eHolzkohleproduktionslinie | Holzkohlemaschine\u201c \u2014 Holzkohlemaschinen\" src=\"https:\/\/charcoalmaking.com\/charcoal-production-line\/embed\/#?secret=3RHgQAfKwh#?secret=qFmQ2cIVON\" data-secret=\"qFmQ2cIVON\" width=\"500\" height=\"282\" frameborder=\"0\" marginwidth=\"0\" marginheight=\"0\" scrolling=\"no\"><\/iframe> <\/div><\/figure>","protected":false},"excerpt":{"rendered":"<p>Can traditional charcoal factories truly remain profitable? Is there a more efficient, energy-saving way to produce high-quality charcoal? Automatic charcoal production lines are emerging as the new trend in the global charcoal industry. They enable businesses to achieve higher profits with less labor and in less time. Composition and process of an automatic charcoal production [&hellip;]<\/p>\n","protected":false},"author":1,"featured_media":0,"parent":0,"menu_order":0,"comment_status":"closed","ping_status":"closed","template":"","meta":{"footnotes":""},"class_list":["post-1782","page","type-page","status-publish","hentry"],"_links":{"self":[{"href":"https:\/\/charcoalmaking.com\/de\/wp-json\/wp\/v2\/pages\/1782","targetHints":{"allow":["GET"]}}],"collection":[{"href":"https:\/\/charcoalmaking.com\/de\/wp-json\/wp\/v2\/pages"}],"about":[{"href":"https:\/\/charcoalmaking.com\/de\/wp-json\/wp\/v2\/types\/page"}],"author":[{"embeddable":true,"href":"https:\/\/charcoalmaking.com\/de\/wp-json\/wp\/v2\/users\/1"}],"replies":[{"embeddable":true,"href":"https:\/\/charcoalmaking.com\/de\/wp-json\/wp\/v2\/comments?post=1782"}],"version-history":[{"count":0,"href":"https:\/\/charcoalmaking.com\/de\/wp-json\/wp\/v2\/pages\/1782\/revisions"}],"wp:attachment":[{"href":"https:\/\/charcoalmaking.com\/de\/wp-json\/wp\/v2\/media?parent=1782"}],"curies":[{"name":"wp","href":"https:\/\/api.w.org\/{rel}","templated":true}]}}