{"id":11,"date":"2023-07-12T17:19:20","date_gmt":"2023-07-12T09:19:20","guid":{"rendered":"https:\/\/charcoalmaking.com\/?page_id=11"},"modified":"2026-04-03T18:00:24","modified_gmt":"2026-04-03T10:00:24","slug":"about-us","status":"publish","type":"page","link":"https:\/\/charcoalmaking.com\/es\/about-us\/","title":{"rendered":"Sobre nosotros"},"content":{"rendered":"<p>Bienvenido a Shuliy Machinery, un fabricante l\u00edder de m\u00e1quinas de carb\u00f3n y maquinaria para trabajar la madera con sede en China. Desde nuestra creaci\u00f3n en 2011, nos hemos dedicado a ofrecer equipos de alta calidad y servicios excepcionales a nuestros valiosos clientes en todo el mundo. Con nuestra experiencia, innovaci\u00f3n y compromiso con la satisfacci\u00f3n del cliente, hemos ganado el reconocimiento como proveedor confiable en la industria.<\/p>    <h2 class=\"wp-block-heading\">Excelencia Tecnol\u00f3gica<\/h2>    <p>En Shuliy Machinery, nos enorgullecemos de nuestra excelencia tecnol\u00f3gica. Nuestro equipo de ingenieros y t\u00e9cnicos capacitados se mantiene a la vanguardia de los avances de la industria para garantizar que nuestras m\u00e1quinas est\u00e9n construidas con tecnolog\u00eda de punta. Invertimos constantemente en investigaci\u00f3n y desarrollo, lo que nos permite ofrecer soluciones de \u00faltima generaci\u00f3n que satisfacen las necesidades cambiantes del mercado. Al adoptar la innovaci\u00f3n, ofrecemos constantemente maquinaria de alto rendimiento que maximiza la eficiencia y la productividad.<\/p>    <figure class=\"wp-block-gallery has-nested-images columns-default is-cropped wp-block-gallery-2 is-layout-flex wp-block-gallery-is-layout-flex\"> <figure class=\"wp-block-image size-large\"><img loading=\"lazy\" decoding=\"async\" width=\"720\" height=\"540\" data-id=\"1820\" src=\"https:\/\/charcoalmaking.com\/wp-content\/uploads\/2025\/11\/Sawdust-briquette-machine.webp\" alt=\"M\u00e1quina de briquetas de aserr\u00edn\" class=\"wp-image-1820\" srcset=\"https:\/\/charcoalmaking.com\/wp-content\/uploads\/2025\/11\/Sawdust-briquette-machine.webp 720w, https:\/\/charcoalmaking.com\/wp-content\/uploads\/2025\/11\/Sawdust-briquette-machine-360x270.webp 360w, https:\/\/charcoalmaking.com\/wp-content\/uploads\/2025\/11\/Sawdust-briquette-machine-16x12.webp 16w\" sizes=\"auto, (max-width: 720px) 100vw, 720px\" \/><figcaption class=\"wp-element-caption\">M\u00e1quina de briquetas de aserr\u00edn<\/figcaption><\/figure>    <figure class=\"wp-block-image size-large\"><img loading=\"lazy\" decoding=\"async\" width=\"720\" height=\"540\" data-id=\"1720\" src=\"https:\/\/charcoalmaking.com\/wp-content\/uploads\/2025\/09\/Continuous-Carbonization-Furnace.webp\" alt=\"Horno de carbonizaci\u00f3n continuo\" class=\"wp-image-1720\" srcset=\"https:\/\/charcoalmaking.com\/wp-content\/uploads\/2025\/09\/Continuous-Carbonization-Furnace.webp 720w, https:\/\/charcoalmaking.com\/wp-content\/uploads\/2025\/09\/Continuous-Carbonization-Furnace-360x270.webp 360w, https:\/\/charcoalmaking.com\/wp-content\/uploads\/2025\/09\/Continuous-Carbonization-Furnace-16x12.webp 16w\" sizes=\"auto, (max-width: 720px) 100vw, 720px\" \/><figcaption class=\"wp-element-caption\">Horno de carbonizaci\u00f3n continuo<\/figcaption><\/figure>    <figure class=\"wp-block-image size-large\"><img loading=\"lazy\" decoding=\"async\" width=\"720\" height=\"540\" data-id=\"1383\" src=\"https:\/\/charcoalmaking.com\/wp-content\/uploads\/2024\/10\/hammer-mill-crusher-will-dust-collector-1.webp\" alt=\"molino de martillos trituradora colector de polvo\" class=\"wp-image-1383\" srcset=\"https:\/\/charcoalmaking.com\/wp-content\/uploads\/2024\/10\/hammer-mill-crusher-will-dust-collector-1.webp 720w, https:\/\/charcoalmaking.com\/wp-content\/uploads\/2024\/10\/hammer-mill-crusher-will-dust-collector-1-360x270.webp 360w, https:\/\/charcoalmaking.com\/wp-content\/uploads\/2024\/10\/hammer-mill-crusher-will-dust-collector-1-16x12.webp 16w\" sizes=\"auto, (max-width: 720px) 100vw, 720px\" \/><figcaption class=\"wp-element-caption\">molino de martillos trituradora colector de polvo<\/figcaption><\/figure> <\/figure>    <h2 class=\"wp-block-heading\">Presencia global<\/h2>    <p>Con el paso de los a\u00f1os, nuestra maquinaria para trabajar la madera y nuestras m\u00e1quinas de carb\u00f3n han ganado popularidad en todo el mundo. Hemos exportado con \u00e9xito nuestros productos a m\u00e1s de 20 pa\u00edses y regiones, gan\u00e1ndonos la confianza y la lealtad de clientes de todo el mundo. Nuestro compromiso de ofrecer calidad y confiabilidad superiores nos ha permitido establecer asociaciones a largo plazo con clientes que conf\u00edan en nosotros para sus necesidades de maquinaria. Independientemente de su ubicaci\u00f3n, estamos dedicados a servirle con excelencia y profesionalismo.<\/p>    <figure class=\"wp-block-gallery has-nested-images columns-default is-cropped wp-block-gallery-3 is-layout-flex wp-block-gallery-is-layout-flex\"> <figure class=\"wp-block-image size-large\"><img loading=\"lazy\" decoding=\"async\" width=\"720\" height=\"540\" data-id=\"1769\" src=\"https:\/\/charcoalmaking.com\/wp-content\/uploads\/2025\/10\/Loading-the-continuous-carbonization-furnace.webp\" alt=\"Cargando el horno de carbonizaci\u00f3n continua\" class=\"wp-image-1769\" srcset=\"https:\/\/charcoalmaking.com\/wp-content\/uploads\/2025\/10\/Loading-the-continuous-carbonization-furnace.webp 720w, https:\/\/charcoalmaking.com\/wp-content\/uploads\/2025\/10\/Loading-the-continuous-carbonization-furnace-360x270.webp 360w, https:\/\/charcoalmaking.com\/wp-content\/uploads\/2025\/10\/Loading-the-continuous-carbonization-furnace-16x12.webp 16w\" sizes=\"auto, (max-width: 720px) 100vw, 720px\" \/><figcaption class=\"wp-element-caption\">Cargando el horno de carbonizaci\u00f3n continua<\/figcaption><\/figure>    <figure class=\"wp-block-image size-large\"><img loading=\"lazy\" decoding=\"async\" width=\"720\" height=\"540\" data-id=\"1577\" src=\"https:\/\/charcoalmaking.com\/wp-content\/uploads\/2025\/07\/Wood-Crusher-1.webp\" alt=\"Trituradora de madera vendida a Ghana\" class=\"wp-image-1577\" srcset=\"https:\/\/charcoalmaking.com\/wp-content\/uploads\/2025\/07\/Wood-Crusher-1.webp 720w, https:\/\/charcoalmaking.com\/wp-content\/uploads\/2025\/07\/Wood-Crusher-1-360x270.webp 360w, https:\/\/charcoalmaking.com\/wp-content\/uploads\/2025\/07\/Wood-Crusher-1-16x12.webp 16w\" sizes=\"auto, (max-width: 720px) 100vw, 720px\" \/><figcaption class=\"wp-element-caption\">Trituradora de madera vendida a Ghana<\/figcaption><\/figure>    <figure class=\"wp-block-image size-full\"><img loading=\"lazy\" decoding=\"async\" width=\"720\" height=\"540\" data-id=\"1763\" src=\"https:\/\/charcoalmaking.com\/wp-content\/uploads\/2025\/10\/Continuous-Carbonizing-Machine-Shippment.webp\" alt=\"Env\u00edo de M\u00e1quina de Carbonizaci\u00f3n Continua\" class=\"wp-image-1763\" srcset=\"https:\/\/charcoalmaking.com\/wp-content\/uploads\/2025\/10\/Continuous-Carbonizing-Machine-Shippment.webp 720w, https:\/\/charcoalmaking.com\/wp-content\/uploads\/2025\/10\/Continuous-Carbonizing-Machine-Shippment-360x270.webp 360w, https:\/\/charcoalmaking.com\/wp-content\/uploads\/2025\/10\/Continuous-Carbonizing-Machine-Shippment-16x12.webp 16w\" sizes=\"auto, (max-width: 720px) 100vw, 720px\" \/><figcaption class=\"wp-element-caption\">Env\u00edo de M\u00e1quina de Carbonizaci\u00f3n Continua<\/figcaption><\/figure> <\/figure>    <h2 class=\"wp-block-heading\">Servicios de personalizaci\u00f3n<\/h2>    <p>Entendemos que cada cliente tiene requisitos \u00fanicos. Es por eso que ofrecemos servicios integrales de personalizaci\u00f3n para adaptar nuestras m\u00e1quinas a sus necesidades espec\u00edficas. Nuestro equipo experimentado trabaja estrechamente con usted para comprender sus objetivos de producci\u00f3n, limitaciones de espacio y restricciones presupuestarias. Con esta informaci\u00f3n, dise\u00f1amos y fabricamos m\u00e1quinas que cumplen exactamente con sus especificaciones. Ya sea que necesite modificaciones a un modelo existente o una soluci\u00f3n completamente nueva, estamos aqu\u00ed para convertir su visi\u00f3n en realidad.<\/p>    <figure class=\"wp-block-gallery has-nested-images columns-default is-cropped wp-block-gallery-4 is-layout-flex wp-block-gallery-is-layout-flex\"> <figure class=\"wp-block-image size-large\"><img loading=\"lazy\" decoding=\"async\" width=\"720\" height=\"540\" data-id=\"1814\" src=\"https:\/\/charcoalmaking.com\/wp-content\/uploads\/2025\/11\/Coal-Briquette-Extruder.webp\" alt=\"Extrusora de briquetas de carb\u00f3n\" class=\"wp-image-1814\" srcset=\"https:\/\/charcoalmaking.com\/wp-content\/uploads\/2025\/11\/Coal-Briquette-Extruder.webp 720w, https:\/\/charcoalmaking.com\/wp-content\/uploads\/2025\/11\/Coal-Briquette-Extruder-360x270.webp 360w, https:\/\/charcoalmaking.com\/wp-content\/uploads\/2025\/11\/Coal-Briquette-Extruder-16x12.webp 16w\" sizes=\"auto, (max-width: 720px) 100vw, 720px\" \/><figcaption class=\"wp-element-caption\">Extrusora de briquetas de carb\u00f3n<\/figcaption><\/figure>    <figure class=\"wp-block-image size-large\"><img loading=\"lazy\" decoding=\"async\" width=\"720\" height=\"540\" data-id=\"1816\" src=\"https:\/\/charcoalmaking.com\/wp-content\/uploads\/2025\/11\/Coal-Briquette-Machine-Mold.webp\" alt=\"Molde de la m\u00e1quina de briquetas de carb\u00f3n\" class=\"wp-image-1816\" srcset=\"https:\/\/charcoalmaking.com\/wp-content\/uploads\/2025\/11\/Coal-Briquette-Machine-Mold.webp 720w, https:\/\/charcoalmaking.com\/wp-content\/uploads\/2025\/11\/Coal-Briquette-Machine-Mold-360x270.webp 360w, https:\/\/charcoalmaking.com\/wp-content\/uploads\/2025\/11\/Coal-Briquette-Machine-Mold-16x12.webp 16w\" sizes=\"auto, (max-width: 720px) 100vw, 720px\" \/><figcaption class=\"wp-element-caption\">Molde de la m\u00e1quina de briquetas de carb\u00f3n<\/figcaption><\/figure>    <figure class=\"wp-block-image size-large\"><img loading=\"lazy\" decoding=\"async\" width=\"720\" height=\"540\" data-id=\"1710\" src=\"https:\/\/charcoalmaking.com\/wp-content\/uploads\/2023\/07\/Shipping-of-briquette-production-line.webp\" alt=\"Env\u00edo de la l\u00ednea de producci\u00f3n de briquetas\" class=\"wp-image-1710\" srcset=\"https:\/\/charcoalmaking.com\/wp-content\/uploads\/2023\/07\/Shipping-of-briquette-production-line.webp 720w, https:\/\/charcoalmaking.com\/wp-content\/uploads\/2023\/07\/Shipping-of-briquette-production-line-360x270.webp 360w, https:\/\/charcoalmaking.com\/wp-content\/uploads\/2023\/07\/Shipping-of-briquette-production-line-16x12.webp 16w\" sizes=\"auto, (max-width: 720px) 100vw, 720px\" \/><figcaption class=\"wp-element-caption\">Env\u00edo de la l\u00ednea de producci\u00f3n de briquetas<\/figcaption><\/figure> <\/figure>    <h2 class=\"wp-block-heading\">Seguro de calidad<\/h2>    <p>La calidad es nuestra principal prioridad en Shuliy Machinery. Nos adherimos a estrictas medidas de control de calidad durante todo el proceso de fabricaci\u00f3n, asegurando que cada m\u00e1quina que sale de nuestras instalaciones cumpla con los m\u00e1s altos est\u00e1ndares. Obtenemos materiales de primera calidad de proveedores confiables y empleamos t\u00e9cnicas de fabricaci\u00f3n avanzadas para crear equipos robustos y duraderos. Nuestro compromiso con la calidad se extiende a rigurosos procedimientos de prueba e inspecci\u00f3n, garantizando el rendimiento, la seguridad y la longevidad de nuestras m\u00e1quinas.<\/p>    <figure class=\"wp-block-gallery has-nested-images columns-default is-cropped wp-block-gallery-5 is-layout-flex wp-block-gallery-is-layout-flex\"> <figure class=\"wp-block-image size-large\"><img loading=\"lazy\" decoding=\"async\" width=\"540\" height=\"720\" data-id=\"1847\" src=\"https:\/\/charcoalmaking.com\/wp-content\/uploads\/2025\/12\/Charcoal-Dryer-Insulation-Layer.webp\" alt=\"Capa de aislamiento de la secadora de carb\u00f3n\" class=\"wp-image-1847\" srcset=\"https:\/\/charcoalmaking.com\/wp-content\/uploads\/2025\/12\/Charcoal-Dryer-Insulation-Layer.webp 540w, https:\/\/charcoalmaking.com\/wp-content\/uploads\/2025\/12\/Charcoal-Dryer-Insulation-Layer-405x540.webp 405w, https:\/\/charcoalmaking.com\/wp-content\/uploads\/2025\/12\/Charcoal-Dryer-Insulation-Layer-9x12.webp 9w\" sizes=\"auto, (max-width: 540px) 100vw, 540px\" \/><figcaption class=\"wp-element-caption\">Capa de aislamiento de la secadora de carb\u00f3n<\/figcaption><\/figure>    <figure class=\"wp-block-image size-large\"><img loading=\"lazy\" decoding=\"async\" width=\"540\" height=\"720\" data-id=\"1719\" src=\"https:\/\/charcoalmaking.com\/wp-content\/uploads\/2025\/09\/Continuous-Carbonization-Furnace-Main-Unit.webp\" alt=\"Unidad principal del horno de carbonizaci\u00f3n continua\" class=\"wp-image-1719\" srcset=\"https:\/\/charcoalmaking.com\/wp-content\/uploads\/2025\/09\/Continuous-Carbonization-Furnace-Main-Unit.webp 540w, https:\/\/charcoalmaking.com\/wp-content\/uploads\/2025\/09\/Continuous-Carbonization-Furnace-Main-Unit-405x540.webp 405w, https:\/\/charcoalmaking.com\/wp-content\/uploads\/2025\/09\/Continuous-Carbonization-Furnace-Main-Unit-9x12.webp 9w\" sizes=\"auto, (max-width: 540px) 100vw, 540px\" \/><figcaption class=\"wp-element-caption\">Unidad principal del horno de carbonizaci\u00f3n continua<\/figcaption><\/figure>    <figure class=\"wp-block-image size-large\"><img loading=\"lazy\" decoding=\"async\" width=\"540\" height=\"720\" data-id=\"1723\" src=\"https:\/\/charcoalmaking.com\/wp-content\/uploads\/2025\/09\/Distribution-Panel.webp\" alt=\"Panel de distribuci\u00f3n\" class=\"wp-image-1723\" srcset=\"https:\/\/charcoalmaking.com\/wp-content\/uploads\/2025\/09\/Distribution-Panel.webp 540w, https:\/\/charcoalmaking.com\/wp-content\/uploads\/2025\/09\/Distribution-Panel-405x540.webp 405w, https:\/\/charcoalmaking.com\/wp-content\/uploads\/2025\/09\/Distribution-Panel-9x12.webp 9w\" sizes=\"auto, (max-width: 540px) 100vw, 540px\" \/><figcaption class=\"wp-element-caption\">Panel de distribuci\u00f3n<\/figcaption><\/figure> <\/figure>    <h2 class=\"wp-block-heading\">Atenci\u00f3n al cliente<\/h2>    <p>En Shuliy Machinery, creemos en brindar una atenci\u00f3n al cliente excepcional. Nuestro equipo dedicado siempre est\u00e1 disponible para atender sus consultas, ofrecer asistencia t\u00e9cnica y brindar soluciones oportunas a cualquier inquietud que pueda tener. Valoramos la satisfacci\u00f3n de nuestros clientes y nos esforzamos por superar sus expectativas en cada paso del proceso. Desde la consulta inicial hasta el soporte posventa, estamos comprometidos a construir relaciones duraderas basadas en la confianza, la transparencia y la confiabilidad.<\/p>    <figure class=\"wp-block-gallery has-nested-images columns-default is-cropped wp-block-gallery-6 is-layout-flex wp-block-gallery-is-layout-flex\"> <figure class=\"wp-block-image size-large\"><img loading=\"lazy\" decoding=\"async\" width=\"720\" height=\"540\" data-id=\"1449\" src=\"https:\/\/charcoalmaking.com\/wp-content\/uploads\/2024\/11\/automatic-wood-processing-machine.webp\" alt=\"m\u00e1quina autom\u00e1tica de procesamiento de madera\" class=\"wp-image-1449\" srcset=\"https:\/\/charcoalmaking.com\/wp-content\/uploads\/2024\/11\/automatic-wood-processing-machine.webp 720w, https:\/\/charcoalmaking.com\/wp-content\/uploads\/2024\/11\/automatic-wood-processing-machine-360x270.webp 360w, https:\/\/charcoalmaking.com\/wp-content\/uploads\/2024\/11\/automatic-wood-processing-machine-16x12.webp 16w\" sizes=\"auto, (max-width: 720px) 100vw, 720px\" \/><figcaption class=\"wp-element-caption\">m\u00e1quina autom\u00e1tica de procesamiento de madera<\/figcaption><\/figure>    <figure class=\"wp-block-image size-large\"><img loading=\"lazy\" decoding=\"async\" width=\"720\" height=\"540\" data-id=\"1381\" src=\"https:\/\/charcoalmaking.com\/wp-content\/uploads\/2024\/10\/hammer-mill-crusher-will-dust-collector.webp\" alt=\"molino de martillos trituradora colector de polvo\" class=\"wp-image-1381\" srcset=\"https:\/\/charcoalmaking.com\/wp-content\/uploads\/2024\/10\/hammer-mill-crusher-will-dust-collector.webp 720w, https:\/\/charcoalmaking.com\/wp-content\/uploads\/2024\/10\/hammer-mill-crusher-will-dust-collector-360x270.webp 360w, https:\/\/charcoalmaking.com\/wp-content\/uploads\/2024\/10\/hammer-mill-crusher-will-dust-collector-16x12.webp 16w\" sizes=\"auto, (max-width: 720px) 100vw, 720px\" \/><figcaption class=\"wp-element-caption\">molino de martillos trituradora colector de polvo<\/figcaption><\/figure>    <figure class=\"wp-block-image size-large\"><img loading=\"lazy\" decoding=\"async\" width=\"720\" height=\"540\" data-id=\"1450\" src=\"https:\/\/charcoalmaking.com\/wp-content\/uploads\/2024\/11\/powerful-magnetic-suction-device.webp\" alt=\"potente dispositivo de succi\u00f3n magn\u00e9tico\" class=\"wp-image-1450\" srcset=\"https:\/\/charcoalmaking.com\/wp-content\/uploads\/2024\/11\/powerful-magnetic-suction-device.webp 720w, https:\/\/charcoalmaking.com\/wp-content\/uploads\/2024\/11\/powerful-magnetic-suction-device-360x270.webp 360w, https:\/\/charcoalmaking.com\/wp-content\/uploads\/2024\/11\/powerful-magnetic-suction-device-16x12.webp 16w\" sizes=\"auto, (max-width: 720px) 100vw, 720px\" \/><figcaption class=\"wp-element-caption\">potente dispositivo de succi\u00f3n magn\u00e9tico<\/figcaption><\/figure> <\/figure>    <h2 class=\"wp-block-heading\">Sostenibilidad<\/h2>    <p>Como empresa consciente del medio ambiente, priorizamos la sostenibilidad en nuestras operaciones. Nuestras m\u00e1quinas est\u00e1n dise\u00f1adas para maximizar la eficiencia energ\u00e9tica y minimizar los residuos, contribuyendo a un futuro m\u00e1s verde y sostenible. Estamos comprometidos a adoptar pr\u00e1cticas ecol\u00f3gicas, reducir nuestra huella de carbono y promover procesos de fabricaci\u00f3n responsables.<\/p>    <figure class=\"wp-block-gallery has-nested-images columns-default is-cropped wp-block-gallery-7 is-layout-flex wp-block-gallery-is-layout-flex\"> <figure class=\"wp-block-image size-large\"><img loading=\"lazy\" decoding=\"async\" width=\"720\" height=\"540\" data-id=\"1554\" src=\"https:\/\/charcoalmaking.com\/wp-content\/uploads\/2025\/07\/Charcoal-Briquettes-Production-Line.webp\" alt=\"L\u00ednea de producci\u00f3n de briquetas de carb\u00f3n\" class=\"wp-image-1554\" srcset=\"https:\/\/charcoalmaking.com\/wp-content\/uploads\/2025\/07\/Charcoal-Briquettes-Production-Line.webp 720w, https:\/\/charcoalmaking.com\/wp-content\/uploads\/2025\/07\/Charcoal-Briquettes-Production-Line-360x270.webp 360w, https:\/\/charcoalmaking.com\/wp-content\/uploads\/2025\/07\/Charcoal-Briquettes-Production-Line-16x12.webp 16w\" sizes=\"auto, (max-width: 720px) 100vw, 720px\" \/><figcaption class=\"wp-element-caption\">L\u00ednea de producci\u00f3n de briquetas de carb\u00f3n<\/figcaption><\/figure>    <figure class=\"wp-block-image size-large\"><img loading=\"lazy\" decoding=\"async\" width=\"720\" height=\"540\" data-id=\"1603\" src=\"https:\/\/charcoalmaking.com\/wp-content\/uploads\/2025\/07\/shisha-charcoal-production-line.webp\" alt=\"L\u00ednea de producci\u00f3n de carb\u00f3n para shisha.\" class=\"wp-image-1603\" srcset=\"https:\/\/charcoalmaking.com\/wp-content\/uploads\/2025\/07\/shisha-charcoal-production-line.webp 720w, https:\/\/charcoalmaking.com\/wp-content\/uploads\/2025\/07\/shisha-charcoal-production-line-360x270.webp 360w, https:\/\/charcoalmaking.com\/wp-content\/uploads\/2025\/07\/shisha-charcoal-production-line-16x12.webp 16w\" sizes=\"auto, (max-width: 720px) 100vw, 720px\" \/><figcaption class=\"wp-element-caption\">L\u00ednea de producci\u00f3n de carb\u00f3n para shisha<\/figcaption><\/figure> <\/figure>    <h2 class=\"wp-block-heading\">Elija maquinaria Shuliy<\/h2>    <p>Cuando se trata de maquinaria para trabajar la madera y m\u00e1quinas de carb\u00f3n, elija Shuliy Machinery como su socio de confianza. Con nuestra excelencia tecnol\u00f3gica, presencia global, servicios de personalizaci\u00f3n, garant\u00eda de calidad, atenci\u00f3n al cliente y compromiso con la sostenibilidad, somos la opci\u00f3n ideal para sus necesidades de maquinaria. \u00danase a nuestra lista cada vez mayor de clientes satisfechos y experimente la confiabilidad y el rendimiento que nos diferencian de la competencia.<\/p>    <p>Cont\u00e1ctenos hoy para analizar sus requisitos y perm\u00edtanos ayudarlo a encontrar la soluci\u00f3n perfecta para sus necesidades de carpinter\u00eda y producci\u00f3n de carb\u00f3n.<\/p>    <figure class=\"wp-block-gallery has-nested-images columns-default is-cropped wp-block-gallery-8 is-layout-flex wp-block-gallery-is-layout-flex\"> <figure class=\"wp-block-image size-large\"><img loading=\"lazy\" decoding=\"async\" width=\"720\" height=\"540\" data-id=\"1919\" src=\"https:\/\/charcoalmaking.com\/wp-content\/uploads\/2026\/04\/Yemeni-customers-visit.webp\" alt=\"Clientes yemen\u00edes visitan\" class=\"wp-image-1919\" srcset=\"https:\/\/charcoalmaking.com\/wp-content\/uploads\/2026\/04\/Yemeni-customers-visit.webp 720w, https:\/\/charcoalmaking.com\/wp-content\/uploads\/2026\/04\/Yemeni-customers-visit-360x270.webp 360w, https:\/\/charcoalmaking.com\/wp-content\/uploads\/2026\/04\/Yemeni-customers-visit-16x12.webp 16w\" sizes=\"auto, (max-width: 720px) 100vw, 720px\" \/><figcaption class=\"wp-element-caption\">Clientes yemen\u00edes visitan<\/figcaption><\/figure>    <figure class=\"wp-block-image size-large\"><img loading=\"lazy\" decoding=\"async\" width=\"720\" height=\"540\" data-id=\"1502\" src=\"https:\/\/charcoalmaking.com\/wp-content\/uploads\/2023\/07\/Group-photo-of-us-and-our-clients.webp\" alt=\"Foto de grupo de nosotros y nuestros clientes\" class=\"wp-image-1502\" srcset=\"https:\/\/charcoalmaking.com\/wp-content\/uploads\/2023\/07\/Group-photo-of-us-and-our-clients.webp 720w, https:\/\/charcoalmaking.com\/wp-content\/uploads\/2023\/07\/Group-photo-of-us-and-our-clients-360x270.webp 360w, https:\/\/charcoalmaking.com\/wp-content\/uploads\/2023\/07\/Group-photo-of-us-and-our-clients-16x12.webp 16w\" sizes=\"auto, (max-width: 720px) 100vw, 720px\" \/><figcaption class=\"wp-element-caption\">Foto de grupo de nuestros clientes y nosotros<\/figcaption><\/figure>    <figure class=\"wp-block-image size-large\"><img loading=\"lazy\" decoding=\"async\" width=\"720\" height=\"540\" data-id=\"1914\" src=\"https:\/\/charcoalmaking.com\/wp-content\/uploads\/2026\/04\/Nigerian-customers-visit.webp\" alt=\"Clientes nigerianos visitan\" class=\"wp-image-1914\" srcset=\"https:\/\/charcoalmaking.com\/wp-content\/uploads\/2026\/04\/Nigerian-customers-visit.webp 720w, https:\/\/charcoalmaking.com\/wp-content\/uploads\/2026\/04\/Nigerian-customers-visit-360x270.webp 360w, https:\/\/charcoalmaking.com\/wp-content\/uploads\/2026\/04\/Nigerian-customers-visit-16x12.webp 16w\" sizes=\"auto, (max-width: 720px) 100vw, 720px\" \/><figcaption class=\"wp-element-caption\">Clientes nigerianos visitan<\/figcaption><\/figure> <\/figure>","protected":false},"excerpt":{"rendered":"<p>Welcome to Shuliy Machinery, a leading manufacturer of charcoal machines and woodworking machinery based in China. Since our establishment in 2011, we have been dedicated to delivering top-quality equipment and exceptional services to our valued customers worldwide. With our expertise, innovation, and commitment to customer satisfaction, we have gained recognition as a trusted supplier in [&hellip;]<\/p>\n","protected":false},"author":1,"featured_media":0,"parent":0,"menu_order":0,"comment_status":"closed","ping_status":"closed","template":"","meta":{"footnotes":""},"class_list":["post-11","page","type-page","status-publish","hentry"],"_links":{"self":[{"href":"https:\/\/charcoalmaking.com\/es\/wp-json\/wp\/v2\/pages\/11","targetHints":{"allow":["GET"]}}],"collection":[{"href":"https:\/\/charcoalmaking.com\/es\/wp-json\/wp\/v2\/pages"}],"about":[{"href":"https:\/\/charcoalmaking.com\/es\/wp-json\/wp\/v2\/types\/page"}],"author":[{"embeddable":true,"href":"https:\/\/charcoalmaking.com\/es\/wp-json\/wp\/v2\/users\/1"}],"replies":[{"embeddable":true,"href":"https:\/\/charcoalmaking.com\/es\/wp-json\/wp\/v2\/comments?post=11"}],"version-history":[{"count":4,"href":"https:\/\/charcoalmaking.com\/es\/wp-json\/wp\/v2\/pages\/11\/revisions"}],"predecessor-version":[{"id":1928,"href":"https:\/\/charcoalmaking.com\/es\/wp-json\/wp\/v2\/pages\/11\/revisions\/1928"}],"wp:attachment":[{"href":"https:\/\/charcoalmaking.com\/es\/wp-json\/wp\/v2\/media?parent=11"}],"curies":[{"name":"wp","href":"https:\/\/api.w.org\/{rel}","templated":true}]}}