{"id":1782,"date":"2025-10-28T16:28:39","date_gmt":"2025-10-28T08:28:39","guid":{"rendered":"https:\/\/charcoalmaking.com\/?page_id=1782"},"modified":"2025-10-28T16:28:43","modified_gmt":"2025-10-28T08:28:43","slug":"invest-in-an-automatic-charcoal-production-line","status":"publish","type":"page","link":"https:\/\/charcoalmaking.com\/es\/invest-in-an-automatic-charcoal-production-line\/","title":{"rendered":"\u00bfPor qu\u00e9 invertir en una l\u00ednea de producci\u00f3n de carb\u00f3n vegetal automatizada?"},"content":{"rendered":"<p>\u00bfPueden las f\u00e1bricas tradicionales de carb\u00f3n vegetal seguir siendo rentables? \u00bfExiste una forma m\u00e1s eficiente y que ahorre energ\u00eda para producir carb\u00f3n vegetal de alta calidad?<\/p>    <p>Las l\u00edneas de producci\u00f3n autom\u00e1tica de carb\u00f3n vegetal est\u00e1n emergiendo como la nueva tendencia en la industria mundial del carb\u00f3n vegetal. Permiten a las empresas obtener mayores beneficios con menos mano de obra y en menos tiempo.<\/p>    <figure class=\"wp-block-gallery has-nested-images columns-default is-cropped wp-block-gallery-2 is-layout-flex wp-block-gallery-is-layout-flex\"> <figure class=\"wp-block-image size-large\"><img loading=\"lazy\" decoding=\"async\" width=\"720\" height=\"540\" data-id=\"1706\" src=\"https:\/\/charcoalmaking.com\/wp-content\/uploads\/2023\/07\/Coal-Briquette-Machine.webp\" alt=\"M\u00e1quina de briquetas de carb\u00f3n\" class=\"wp-image-1706\" srcset=\"https:\/\/charcoalmaking.com\/wp-content\/uploads\/2023\/07\/Coal-Briquette-Machine.webp 720w, https:\/\/charcoalmaking.com\/wp-content\/uploads\/2023\/07\/Coal-Briquette-Machine-360x270.webp 360w, https:\/\/charcoalmaking.com\/wp-content\/uploads\/2023\/07\/Coal-Briquette-Machine-16x12.webp 16w\" sizes=\"auto, (max-width: 720px) 100vw, 720px\" \/><figcaption class=\"wp-element-caption\">M\u00e1quina de briquetas de carb\u00f3n<\/figcaption><\/figure>    <figure class=\"wp-block-image size-large\"><img loading=\"lazy\" decoding=\"async\" width=\"720\" height=\"540\" data-id=\"157\" src=\"https:\/\/charcoalmaking.com\/wp-content\/uploads\/2023\/07\/charcoal-briquette-making-machine.webp\" alt=\"m\u00e1quina para fabricar briquetas de carb\u00f3n\" class=\"wp-image-157\" srcset=\"https:\/\/charcoalmaking.com\/wp-content\/uploads\/2023\/07\/charcoal-briquette-making-machine.webp 720w, https:\/\/charcoalmaking.com\/wp-content\/uploads\/2023\/07\/charcoal-briquette-making-machine-360x270.webp 360w\" sizes=\"auto, (max-width: 720px) 100vw, 720px\" \/><figcaption class=\"wp-element-caption\">m\u00e1quina para fabricar briquetas de carb\u00f3n<\/figcaption><\/figure>    <figure class=\"wp-block-image size-large\"><img loading=\"lazy\" decoding=\"async\" width=\"720\" height=\"540\" data-id=\"156\" src=\"https:\/\/charcoalmaking.com\/wp-content\/uploads\/2023\/07\/charcoal-briquette-machine.webp\" alt=\"m\u00e1quina de briquetas de carb\u00f3n de madera\" class=\"wp-image-156\" srcset=\"https:\/\/charcoalmaking.com\/wp-content\/uploads\/2023\/07\/charcoal-briquette-machine.webp 720w, https:\/\/charcoalmaking.com\/wp-content\/uploads\/2023\/07\/charcoal-briquette-machine-360x270.webp 360w\" sizes=\"auto, (max-width: 720px) 100vw, 720px\" \/><figcaption class=\"wp-element-caption\">m\u00e1quina de briquetas de carb\u00f3n de madera<\/figcaption><\/figure> <\/figure>    <h2 class=\"wp-block-heading\">Composici\u00f3n y proceso de una l\u00ednea de producci\u00f3n autom\u00e1tica de carb\u00f3n vegetal<\/h2>    <p>Una l\u00ednea de producci\u00f3n de carb\u00f3n vegetal completamente automatizada generalmente incluye el siguiente equipo:<\/p>    <ul class=\"wp-block-list\"> <li><strong>Trituradora de madera:<\/strong> muele materias primas como ramas, trozos de madera y paja en part\u00edculas finas para garantizar la uniformidad del alimento de briquetas.<\/li>    <li><strong>Secador de tambor:<\/strong> elimina r\u00e1pidamente el exceso de humedad del polvo de madera para garantizar briquetado estable y suave.<\/li>    <li><strong>Prensa de briquetas:<\/strong> modela el polvo de madera seco en briquetas de alta densidad y tama\u00f1o uniforme mediante extrusi\u00f3n a alta presi\u00f3n.<\/li>    <li><strong>Horno de carbonizaci\u00f3n: <\/strong>convierte los briquetas en carb\u00f3n de alta calidad mediante carbonizaci\u00f3n a alta temperatura y sin ox\u00edgeno.<\/li>    <li><strong>M\u00e1quina de embalaje con almohadilla:<\/strong> completa autom\u00e1ticamente el pesaje, el sellado y el embalaje, mejorando la apariencia del carb\u00f3n terminado y su facilidad de transporte.<\/li> <\/ul>   <div class=\"wp-block-image\"> <figure class=\"aligncenter size-large\"><img loading=\"lazy\" decoding=\"async\" width=\"720\" height=\"540\" src=\"https:\/\/charcoalmaking.com\/wp-content\/uploads\/2024\/11\/charcoal-processing-line.webp\" alt=\"l\u00ednea de procesamiento de carb\u00f3n\" class=\"wp-image-1395\" srcset=\"https:\/\/charcoalmaking.com\/wp-content\/uploads\/2024\/11\/charcoal-processing-line.webp 720w, https:\/\/charcoalmaking.com\/wp-content\/uploads\/2024\/11\/charcoal-processing-line-360x270.webp 360w, https:\/\/charcoalmaking.com\/wp-content\/uploads\/2024\/11\/charcoal-processing-line-16x12.webp 16w\" sizes=\"auto, (max-width: 720px) 100vw, 720px\" \/><figcaption class=\"wp-element-caption\">l\u00ednea de procesamiento de carb\u00f3n<\/figcaption><\/figure> <\/div>   <p class=\"translation-block\">Toda la<a href=\"https:\/\/charcoalmaking.com\/es\/charcoal-production-line\/\" data-type=\"link\" data-id=\"https:\/\/charcoalmaking.com\/charcoal-production-line\/\">l\u00ednea de producci\u00f3n autom\u00e1tica de carb\u00f3n vegetal<\/a>logra alimentaci\u00f3n autom\u00e1tica, control de temperatura y regulaci\u00f3n de velocidad.<br>Requiere solo<strong>2\u20133 operadores<\/strong>para una operaci\u00f3n estable.<\/p>    <h2 class=\"wp-block-heading\">\u00bfPor qu\u00e9 elegir nuestra l\u00ednea de carb\u00f3n vegetal automatizada?<\/h2>    <p class=\"translation-block\"><strong>Costos de mano de obra significativamente reducidos<\/strong><\/p>    <p class=\"translation-block\">La producci\u00f3n tradicional manual de carb\u00f3n vegetal requiere m\u00e1s de una docena de trabajadores colaborando, mientras que una l\u00ednea de producci\u00f3n automatizada puede completar todo el proceso con solo<strong>2\u20133 operadores<\/strong>.<\/p>    <p class=\"translation-block\"><strong>La eficiencia de producci\u00f3n se duplica<\/strong><\/p>    <p>Los sistemas de producci\u00f3n continua permiten una operaci\u00f3n estable, sin verse afectados por el clima o la experiencia del trabajador.<\/p>    <p class=\"translation-block\"><strong>Menor consumo de energ\u00eda y mayor aprovechamiento de recursos<\/strong><\/p>    <p>Los sistemas de secado y carbonizaci\u00f3n utilizan tecnolog\u00eda de recuperaci\u00f3n de calor residual, logrando aproximadamente un 30% de ahorro energ\u00e9tico en comparaci\u00f3n con procesos obsoletos.<\/p>    <figure class=\"wp-block-gallery has-nested-images columns-default is-cropped wp-block-gallery-3 is-layout-flex wp-block-gallery-is-layout-flex\"> <figure class=\"wp-block-image size-large\"><img loading=\"lazy\" decoding=\"async\" width=\"720\" height=\"540\" data-id=\"1102\" src=\"https:\/\/charcoalmaking.com\/wp-content\/uploads\/2023\/07\/bbq-charcoal-machine.jpg\" alt=\"m\u00e1quina de carb\u00f3n para barbacoa\" class=\"wp-image-1102\" srcset=\"https:\/\/charcoalmaking.com\/wp-content\/uploads\/2023\/07\/bbq-charcoal-machine.jpg 720w, https:\/\/charcoalmaking.com\/wp-content\/uploads\/2023\/07\/bbq-charcoal-machine-360x270.jpg 360w, https:\/\/charcoalmaking.com\/wp-content\/uploads\/2023\/07\/bbq-charcoal-machine-16x12.jpg 16w\" sizes=\"auto, (max-width: 720px) 100vw, 720px\" \/><figcaption class=\"wp-element-caption\">m\u00e1quina de carb\u00f3n para barbacoa<\/figcaption><\/figure>    <figure class=\"wp-block-image size-large\"><img loading=\"lazy\" decoding=\"async\" width=\"1024\" height=\"768\" data-id=\"1101\" src=\"https:\/\/charcoalmaking.com\/wp-content\/uploads\/2023\/07\/bbq-charcoal-briquettes-extruder-machine-1024x768.jpg\" alt=\"M\u00e1quina extrusora de briquetas de carb\u00f3n para barbacoa\" class=\"wp-image-1101\" srcset=\"https:\/\/charcoalmaking.com\/wp-content\/uploads\/2023\/07\/bbq-charcoal-briquettes-extruder-machine-1024x768.jpg 1024w, https:\/\/charcoalmaking.com\/wp-content\/uploads\/2023\/07\/bbq-charcoal-briquettes-extruder-machine-720x540.jpg 720w, https:\/\/charcoalmaking.com\/wp-content\/uploads\/2023\/07\/bbq-charcoal-briquettes-extruder-machine-360x270.jpg 360w, https:\/\/charcoalmaking.com\/wp-content\/uploads\/2023\/07\/bbq-charcoal-briquettes-extruder-machine-768x576.jpg 768w, https:\/\/charcoalmaking.com\/wp-content\/uploads\/2023\/07\/bbq-charcoal-briquettes-extruder-machine-1536x1152.jpg 1536w, https:\/\/charcoalmaking.com\/wp-content\/uploads\/2023\/07\/bbq-charcoal-briquettes-extruder-machine-2048x1536.jpg 2048w, https:\/\/charcoalmaking.com\/wp-content\/uploads\/2023\/07\/bbq-charcoal-briquettes-extruder-machine-16x12.jpg 16w\" sizes=\"auto, (max-width: 1024px) 100vw, 1024px\" \/><figcaption class=\"wp-element-caption\">M\u00e1quina extrusora de briquetas de carb\u00f3n para barbacoa<\/figcaption><\/figure>    <figure class=\"wp-block-image size-large\"><img loading=\"lazy\" decoding=\"async\" width=\"720\" height=\"540\" data-id=\"777\" src=\"https:\/\/charcoalmaking.com\/wp-content\/uploads\/2023\/08\/charcoal-drying-equipment.webp\" alt=\"equipo de secado de carb\u00f3n\" class=\"wp-image-777\" srcset=\"https:\/\/charcoalmaking.com\/wp-content\/uploads\/2023\/08\/charcoal-drying-equipment.webp 720w, https:\/\/charcoalmaking.com\/wp-content\/uploads\/2023\/08\/charcoal-drying-equipment-360x270.webp 360w\" sizes=\"auto, (max-width: 720px) 100vw, 720px\" \/><figcaption class=\"wp-element-caption\">equipo de secado de carb\u00f3n<\/figcaption><\/figure> <\/figure>    <p class=\"translation-block\"><strong>Calidad de producto m\u00e1s consistente, adecuada para mercados de exportaci\u00f3n<\/strong><\/p>    <p>El control automatizado garantiza una densidad uniforme del carb\u00f3n y un tiempo de combusti\u00f3n prolongado, lo que lo hace ideal para barbacoas, calefacci\u00f3n y aplicaciones industriales.<\/p>    <p class=\"translation-block\"><strong>R\u00e1pido retorno de inversi\u00f3n y altos m\u00e1rgenes de beneficio<\/strong><\/p>    <p>Para una capacidad de producci\u00f3n diaria de 5 toneladas, bas\u00e1ndose en los precios actuales del mercado,<br>La inversi\u00f3n puede recuperarse en aproximadamente 6\u20138 meses con un margen de beneficio bruto del 40%.<\/p>   <div class=\"wp-block-image\"> <figure class=\"aligncenter size-large\"><img loading=\"lazy\" decoding=\"async\" width=\"720\" height=\"540\" src=\"https:\/\/charcoalmaking.com\/wp-content\/uploads\/2023\/07\/charcoal-production-line-1.webp\" alt=\"planta de procesamiento de carb\u00f3n\" class=\"wp-image-177\" srcset=\"https:\/\/charcoalmaking.com\/wp-content\/uploads\/2023\/07\/charcoal-production-line-1.webp 720w, https:\/\/charcoalmaking.com\/wp-content\/uploads\/2023\/07\/charcoal-production-line-1-360x270.webp 360w\" sizes=\"auto, (max-width: 720px) 100vw, 720px\" \/><figcaption class=\"wp-element-caption\">planta de procesamiento de carb\u00f3n<\/figcaption><\/figure> <\/div>   <h2 class=\"wp-block-heading\">Conclusi\u00f3n<\/h2>    <p>Invertir en una l\u00ednea de producci\u00f3n autom\u00e1tica de carb\u00f3n vegetal no es solo una mejora en el equipo, sino un paso crucial para mejorar la competitividad de su empresa. Soluciones inteligentes, energ\u00e9ticamente eficientes y de alto rendimiento transformar\u00e1n su f\u00e1brica de carb\u00f3n en una instalaci\u00f3n moderna.<\/p>    <p>\u00a1Por favor, cont\u00e1ctenos para obtener informaci\u00f3n m\u00e1s detallada sobre nuestra l\u00ednea de producci\u00f3n de carb\u00f3n vegetal!<\/p>    <figure class=\"wp-block-embed is-type-wp-embed is-provider-charcoal-machinery wp-block-embed-charcoal-machinery\"><div class=\"wp-block-embed__wrapper\"> <blockquote class=\"wp-embedded-content\" data-secret=\"qFmQ2cIVON\"><a href=\"https:\/\/charcoalmaking.com\/es\/charcoal-production-line\/\">L\u00ednea de producci\u00f3n de carb\u00f3n vegetal | M\u00e1quina de carb\u00f3n<\/a><\/blockquote><iframe loading=\"lazy\" class=\"wp-embedded-content\" sandbox=\"allow-scripts\" security=\"restricted\" style=\"position: absolute; visibility: hidden;\" title=\"\u201cL\u00ednea de Producci\u00f3n de Carb\u00f3n | M\u00e1quina de Carb\u00f3n\u201d \u2014 Maquinaria de Carb\u00f3n\" src=\"https:\/\/charcoalmaking.com\/charcoal-production-line\/embed\/#?secret=3RHgQAfKwh#?secret=qFmQ2cIVON\" data-secret=\"qFmQ2cIVON\" width=\"500\" height=\"282\" frameborder=\"0\" marginwidth=\"0\" marginheight=\"0\" scrolling=\"no\"><\/iframe> <\/div><\/figure>","protected":false},"excerpt":{"rendered":"<p>Can traditional charcoal factories truly remain profitable? Is there a more efficient, energy-saving way to produce high-quality charcoal? Automatic charcoal production lines are emerging as the new trend in the global charcoal industry. They enable businesses to achieve higher profits with less labor and in less time. Composition and process of an automatic charcoal production [&hellip;]<\/p>\n","protected":false},"author":1,"featured_media":0,"parent":0,"menu_order":0,"comment_status":"closed","ping_status":"closed","template":"","meta":{"footnotes":""},"class_list":["post-1782","page","type-page","status-publish","hentry"],"_links":{"self":[{"href":"https:\/\/charcoalmaking.com\/es\/wp-json\/wp\/v2\/pages\/1782","targetHints":{"allow":["GET"]}}],"collection":[{"href":"https:\/\/charcoalmaking.com\/es\/wp-json\/wp\/v2\/pages"}],"about":[{"href":"https:\/\/charcoalmaking.com\/es\/wp-json\/wp\/v2\/types\/page"}],"author":[{"embeddable":true,"href":"https:\/\/charcoalmaking.com\/es\/wp-json\/wp\/v2\/users\/1"}],"replies":[{"embeddable":true,"href":"https:\/\/charcoalmaking.com\/es\/wp-json\/wp\/v2\/comments?post=1782"}],"version-history":[{"count":0,"href":"https:\/\/charcoalmaking.com\/es\/wp-json\/wp\/v2\/pages\/1782\/revisions"}],"wp:attachment":[{"href":"https:\/\/charcoalmaking.com\/es\/wp-json\/wp\/v2\/media?parent=1782"}],"curies":[{"name":"wp","href":"https:\/\/api.w.org\/{rel}","templated":true}]}}