{"id":11,"date":"2023-07-12T17:19:20","date_gmt":"2023-07-12T09:19:20","guid":{"rendered":"https:\/\/charcoalmaking.com\/?page_id=11"},"modified":"2026-04-03T18:00:24","modified_gmt":"2026-04-03T10:00:24","slug":"about-us","status":"publish","type":"page","link":"https:\/\/charcoalmaking.com\/fr\/about-us\/","title":{"rendered":"\u00c0 propos de nous"},"content":{"rendered":"<p>Bienvenue chez Shuliy Machinery, l'un des principaux fabricants de machines \u00e0 charbon de bois et de machines \u00e0 bois bas\u00e9 en Chine. Depuis notre cr\u00e9ation en 2011, nous nous engageons \u00e0 fournir des \u00e9quipements de qualit\u00e9 sup\u00e9rieure et des services exceptionnels \u00e0 nos pr\u00e9cieux clients du monde entier. Gr\u00e2ce \u00e0 notre expertise, notre innovation et notre engagement envers la satisfaction de nos clients, nous avons acquis la reconnaissance en tant que fournisseur de confiance dans l'industrie.<\/p>    <h2 class=\"wp-block-heading\">Excellence technologique<\/h2>    <p>Chez Shuliy Machinery, nous sommes fiers de notre excellence technologique. Notre \u00e9quipe d'ing\u00e9nieurs et de techniciens qualifi\u00e9s reste \u00e0 la pointe des avanc\u00e9es de l'industrie pour garantir que nos machines sont construites avec une technologie de pointe. Nous investissons constamment dans la recherche et le d\u00e9veloppement, ce qui nous permet de proposer des solutions de pointe qui r\u00e9pondent aux besoins changeants du march\u00e9. En adoptant l'innovation, nous fournissons constamment des machines hautes performances qui maximisent l'efficacit\u00e9 et la productivit\u00e9.<\/p>    <figure class=\"wp-block-gallery has-nested-images columns-default is-cropped wp-block-gallery-2 is-layout-flex wp-block-gallery-is-layout-flex\"> <figure class=\"wp-block-image size-large\"><img loading=\"lazy\" decoding=\"async\" width=\"720\" height=\"540\" data-id=\"1820\" src=\"https:\/\/charcoalmaking.com\/wp-content\/uploads\/2025\/11\/Sawdust-briquette-machine.webp\" alt=\"Machine \u00e0 briquettes de sciure\" class=\"wp-image-1820\" srcset=\"https:\/\/charcoalmaking.com\/wp-content\/uploads\/2025\/11\/Sawdust-briquette-machine.webp 720w, https:\/\/charcoalmaking.com\/wp-content\/uploads\/2025\/11\/Sawdust-briquette-machine-360x270.webp 360w, https:\/\/charcoalmaking.com\/wp-content\/uploads\/2025\/11\/Sawdust-briquette-machine-16x12.webp 16w\" sizes=\"auto, (max-width: 720px) 100vw, 720px\" \/><figcaption class=\"wp-element-caption\">Machine \u00e0 briquettes de sciure<\/figcaption><\/figure>    <figure class=\"wp-block-image size-large\"><img loading=\"lazy\" decoding=\"async\" width=\"720\" height=\"540\" data-id=\"1720\" src=\"https:\/\/charcoalmaking.com\/wp-content\/uploads\/2025\/09\/Continuous-Carbonization-Furnace.webp\" alt=\"Four de carbonisation continu\" class=\"wp-image-1720\" srcset=\"https:\/\/charcoalmaking.com\/wp-content\/uploads\/2025\/09\/Continuous-Carbonization-Furnace.webp 720w, https:\/\/charcoalmaking.com\/wp-content\/uploads\/2025\/09\/Continuous-Carbonization-Furnace-360x270.webp 360w, https:\/\/charcoalmaking.com\/wp-content\/uploads\/2025\/09\/Continuous-Carbonization-Furnace-16x12.webp 16w\" sizes=\"auto, (max-width: 720px) 100vw, 720px\" \/><figcaption class=\"wp-element-caption\">Four de carbonisation continu<\/figcaption><\/figure>    <figure class=\"wp-block-image size-large\"><img loading=\"lazy\" decoding=\"async\" width=\"720\" height=\"540\" data-id=\"1383\" src=\"https:\/\/charcoalmaking.com\/wp-content\/uploads\/2024\/10\/hammer-mill-crusher-will-dust-collector-1.webp\" alt=\"broyeur \u00e0 marteaux collecteur de poussi\u00e8re\" class=\"wp-image-1383\" srcset=\"https:\/\/charcoalmaking.com\/wp-content\/uploads\/2024\/10\/hammer-mill-crusher-will-dust-collector-1.webp 720w, https:\/\/charcoalmaking.com\/wp-content\/uploads\/2024\/10\/hammer-mill-crusher-will-dust-collector-1-360x270.webp 360w, https:\/\/charcoalmaking.com\/wp-content\/uploads\/2024\/10\/hammer-mill-crusher-will-dust-collector-1-16x12.webp 16w\" sizes=\"auto, (max-width: 720px) 100vw, 720px\" \/><figcaption class=\"wp-element-caption\">broyeur \u00e0 marteaux collecteur de poussi\u00e8re<\/figcaption><\/figure> <\/figure>    <h2 class=\"wp-block-heading\">Pr\u00e9sence globale<\/h2>    <p>Au fil des ann\u00e9es, nos machines \u00e0 bois et nos machines \u00e0 charbon de bois ont gagn\u00e9 en popularit\u00e9 dans le monde entier. Nous avons export\u00e9 avec succ\u00e8s nos produits dans plus de 20 pays et r\u00e9gions, gagnant la confiance et la fid\u00e9lit\u00e9 des clients du monde entier. Notre engagement \u00e0 fournir une qualit\u00e9 et une fiabilit\u00e9 sup\u00e9rieures nous a permis d'\u00e9tablir des partenariats \u00e0 long terme avec des clients qui comptent sur nous pour leurs besoins en machines. Quelle que soit votre localisation, nous nous engageons \u00e0 vous servir avec excellence et professionnalisme.<\/p>    <figure class=\"wp-block-gallery has-nested-images columns-default is-cropped wp-block-gallery-3 is-layout-flex wp-block-gallery-is-layout-flex\"> <figure class=\"wp-block-image size-large\"><img loading=\"lazy\" decoding=\"async\" width=\"720\" height=\"540\" data-id=\"1769\" src=\"https:\/\/charcoalmaking.com\/wp-content\/uploads\/2025\/10\/Loading-the-continuous-carbonization-furnace.webp\" alt=\"Chargement du four de carbonisation continue\" class=\"wp-image-1769\" srcset=\"https:\/\/charcoalmaking.com\/wp-content\/uploads\/2025\/10\/Loading-the-continuous-carbonization-furnace.webp 720w, https:\/\/charcoalmaking.com\/wp-content\/uploads\/2025\/10\/Loading-the-continuous-carbonization-furnace-360x270.webp 360w, https:\/\/charcoalmaking.com\/wp-content\/uploads\/2025\/10\/Loading-the-continuous-carbonization-furnace-16x12.webp 16w\" sizes=\"auto, (max-width: 720px) 100vw, 720px\" \/><figcaption class=\"wp-element-caption\">Chargement du four de carbonisation continue<\/figcaption><\/figure>    <figure class=\"wp-block-image size-large\"><img loading=\"lazy\" decoding=\"async\" width=\"720\" height=\"540\" data-id=\"1577\" src=\"https:\/\/charcoalmaking.com\/wp-content\/uploads\/2025\/07\/Wood-Crusher-1.webp\" alt=\"Broyeur de bois vendu au Ghana\" class=\"wp-image-1577\" srcset=\"https:\/\/charcoalmaking.com\/wp-content\/uploads\/2025\/07\/Wood-Crusher-1.webp 720w, https:\/\/charcoalmaking.com\/wp-content\/uploads\/2025\/07\/Wood-Crusher-1-360x270.webp 360w, https:\/\/charcoalmaking.com\/wp-content\/uploads\/2025\/07\/Wood-Crusher-1-16x12.webp 16w\" sizes=\"auto, (max-width: 720px) 100vw, 720px\" \/><figcaption class=\"wp-element-caption\">Broyeur de bois vendu au Ghana<\/figcaption><\/figure>    <figure class=\"wp-block-image size-full\"><img loading=\"lazy\" decoding=\"async\" width=\"720\" height=\"540\" data-id=\"1763\" src=\"https:\/\/charcoalmaking.com\/wp-content\/uploads\/2025\/10\/Continuous-Carbonizing-Machine-Shippment.webp\" alt=\"Exp\u00e9dition de la machine de carbonisation continue\" class=\"wp-image-1763\" srcset=\"https:\/\/charcoalmaking.com\/wp-content\/uploads\/2025\/10\/Continuous-Carbonizing-Machine-Shippment.webp 720w, https:\/\/charcoalmaking.com\/wp-content\/uploads\/2025\/10\/Continuous-Carbonizing-Machine-Shippment-360x270.webp 360w, https:\/\/charcoalmaking.com\/wp-content\/uploads\/2025\/10\/Continuous-Carbonizing-Machine-Shippment-16x12.webp 16w\" sizes=\"auto, (max-width: 720px) 100vw, 720px\" \/><figcaption class=\"wp-element-caption\">Exp\u00e9dition de la machine de carbonisation continue<\/figcaption><\/figure> <\/figure>    <h2 class=\"wp-block-heading\">Services de personnalisation<\/h2>    <p>Nous comprenons que chaque client a des exigences uniques. C'est pourquoi nous proposons des services de personnalisation complets pour adapter nos machines \u00e0 vos besoins sp\u00e9cifiques. Notre \u00e9quipe exp\u00e9riment\u00e9e travaille en \u00e9troite collaboration avec vous pour comprendre vos objectifs de production, vos limites d\u2019espace et vos contraintes budg\u00e9taires. Forts de ces informations, nous concevons et fabriquons des machines qui r\u00e9pondent pr\u00e9cis\u00e9ment \u00e0 votre cahier des charges. Que vous ayez besoin de modifications d'un mod\u00e8le existant ou d'une solution compl\u00e8tement nouvelle, nous sommes l\u00e0 pour transformer votre vision en r\u00e9alit\u00e9.<\/p>    <figure class=\"wp-block-gallery has-nested-images columns-default is-cropped wp-block-gallery-4 is-layout-flex wp-block-gallery-is-layout-flex\"> <figure class=\"wp-block-image size-large\"><img loading=\"lazy\" decoding=\"async\" width=\"720\" height=\"540\" data-id=\"1814\" src=\"https:\/\/charcoalmaking.com\/wp-content\/uploads\/2025\/11\/Coal-Briquette-Extruder.webp\" alt=\"Extrudeuse de briquettes de charbon\" class=\"wp-image-1814\" srcset=\"https:\/\/charcoalmaking.com\/wp-content\/uploads\/2025\/11\/Coal-Briquette-Extruder.webp 720w, https:\/\/charcoalmaking.com\/wp-content\/uploads\/2025\/11\/Coal-Briquette-Extruder-360x270.webp 360w, https:\/\/charcoalmaking.com\/wp-content\/uploads\/2025\/11\/Coal-Briquette-Extruder-16x12.webp 16w\" sizes=\"auto, (max-width: 720px) 100vw, 720px\" \/><figcaption class=\"wp-element-caption\">Extrudeuse de briquettes de charbon<\/figcaption><\/figure>    <figure class=\"wp-block-image size-large\"><img loading=\"lazy\" decoding=\"async\" width=\"720\" height=\"540\" data-id=\"1816\" src=\"https:\/\/charcoalmaking.com\/wp-content\/uploads\/2025\/11\/Coal-Briquette-Machine-Mold.webp\" alt=\"Moule de la machine \u00e0 briquettes de charbon\" class=\"wp-image-1816\" srcset=\"https:\/\/charcoalmaking.com\/wp-content\/uploads\/2025\/11\/Coal-Briquette-Machine-Mold.webp 720w, https:\/\/charcoalmaking.com\/wp-content\/uploads\/2025\/11\/Coal-Briquette-Machine-Mold-360x270.webp 360w, https:\/\/charcoalmaking.com\/wp-content\/uploads\/2025\/11\/Coal-Briquette-Machine-Mold-16x12.webp 16w\" sizes=\"auto, (max-width: 720px) 100vw, 720px\" \/><figcaption class=\"wp-element-caption\">Moule de la machine \u00e0 briquettes de charbon<\/figcaption><\/figure>    <figure class=\"wp-block-image size-large\"><img loading=\"lazy\" decoding=\"async\" width=\"720\" height=\"540\" data-id=\"1710\" src=\"https:\/\/charcoalmaking.com\/wp-content\/uploads\/2023\/07\/Shipping-of-briquette-production-line.webp\" alt=\"Exp\u00e9dition de la ligne de production de briquettes\" class=\"wp-image-1710\" srcset=\"https:\/\/charcoalmaking.com\/wp-content\/uploads\/2023\/07\/Shipping-of-briquette-production-line.webp 720w, https:\/\/charcoalmaking.com\/wp-content\/uploads\/2023\/07\/Shipping-of-briquette-production-line-360x270.webp 360w, https:\/\/charcoalmaking.com\/wp-content\/uploads\/2023\/07\/Shipping-of-briquette-production-line-16x12.webp 16w\" sizes=\"auto, (max-width: 720px) 100vw, 720px\" \/><figcaption class=\"wp-element-caption\">Exp\u00e9dition de la ligne de production de briquettes<\/figcaption><\/figure> <\/figure>    <h2 class=\"wp-block-heading\">Assurance qualit\u00e9<\/h2>    <p>La qualit\u00e9 est notre priorit\u00e9 absolue chez Shuliy Machinery. Nous adh\u00e9rons \u00e0 des mesures strictes de contr\u00f4le de qualit\u00e9 tout au long du processus de fabrication, garantissant que chaque machine quittant nos installations r\u00e9pond aux normes les plus \u00e9lev\u00e9es. Nous nous approvisionnons en mat\u00e9riaux de premi\u00e8re qualit\u00e9 aupr\u00e8s de fournisseurs fiables et employons des techniques de fabrication avanc\u00e9es pour cr\u00e9er des \u00e9quipements robustes et durables. Notre engagement envers la qualit\u00e9 s'\u00e9tend \u00e0 des proc\u00e9dures de tests et d'inspection rigoureuses, garantissant les performances, la s\u00e9curit\u00e9 et la long\u00e9vit\u00e9 de nos machines.<\/p>    <figure class=\"wp-block-gallery has-nested-images columns-default is-cropped wp-block-gallery-5 is-layout-flex wp-block-gallery-is-layout-flex\"> <figure class=\"wp-block-image size-large\"><img loading=\"lazy\" decoding=\"async\" width=\"540\" height=\"720\" data-id=\"1847\" src=\"https:\/\/charcoalmaking.com\/wp-content\/uploads\/2025\/12\/Charcoal-Dryer-Insulation-Layer.webp\" alt=\"Couche d&#039;isolation du s\u00e9choir \u00e0 charbon\" class=\"wp-image-1847\" srcset=\"https:\/\/charcoalmaking.com\/wp-content\/uploads\/2025\/12\/Charcoal-Dryer-Insulation-Layer.webp 540w, https:\/\/charcoalmaking.com\/wp-content\/uploads\/2025\/12\/Charcoal-Dryer-Insulation-Layer-405x540.webp 405w, https:\/\/charcoalmaking.com\/wp-content\/uploads\/2025\/12\/Charcoal-Dryer-Insulation-Layer-9x12.webp 9w\" sizes=\"auto, (max-width: 540px) 100vw, 540px\" \/><figcaption class=\"wp-element-caption\">Couche d'isolation du s\u00e9choir \u00e0 charbon<\/figcaption><\/figure>    <figure class=\"wp-block-image size-large\"><img loading=\"lazy\" decoding=\"async\" width=\"540\" height=\"720\" data-id=\"1719\" src=\"https:\/\/charcoalmaking.com\/wp-content\/uploads\/2025\/09\/Continuous-Carbonization-Furnace-Main-Unit.webp\" alt=\"Unit\u00e9 principale du four de carbonisation continue\" class=\"wp-image-1719\" srcset=\"https:\/\/charcoalmaking.com\/wp-content\/uploads\/2025\/09\/Continuous-Carbonization-Furnace-Main-Unit.webp 540w, https:\/\/charcoalmaking.com\/wp-content\/uploads\/2025\/09\/Continuous-Carbonization-Furnace-Main-Unit-405x540.webp 405w, https:\/\/charcoalmaking.com\/wp-content\/uploads\/2025\/09\/Continuous-Carbonization-Furnace-Main-Unit-9x12.webp 9w\" sizes=\"auto, (max-width: 540px) 100vw, 540px\" \/><figcaption class=\"wp-element-caption\">Unit\u00e9 principale du four de carbonisation continue<\/figcaption><\/figure>    <figure class=\"wp-block-image size-large\"><img loading=\"lazy\" decoding=\"async\" width=\"540\" height=\"720\" data-id=\"1723\" src=\"https:\/\/charcoalmaking.com\/wp-content\/uploads\/2025\/09\/Distribution-Panel.webp\" alt=\"Tableau de distribution\" class=\"wp-image-1723\" srcset=\"https:\/\/charcoalmaking.com\/wp-content\/uploads\/2025\/09\/Distribution-Panel.webp 540w, https:\/\/charcoalmaking.com\/wp-content\/uploads\/2025\/09\/Distribution-Panel-405x540.webp 405w, https:\/\/charcoalmaking.com\/wp-content\/uploads\/2025\/09\/Distribution-Panel-9x12.webp 9w\" sizes=\"auto, (max-width: 540px) 100vw, 540px\" \/><figcaption class=\"wp-element-caption\">Tableau de distribution<\/figcaption><\/figure> <\/figure>    <h2 class=\"wp-block-heading\">Service client<\/h2>    <p>Chez Shuliy Machinery, nous croyons en la fourniture d'un support client exceptionnel. Notre \u00e9quipe d\u00e9di\u00e9e est toujours disponible pour r\u00e9pondre \u00e0 vos demandes, offrir une assistance technique et fournir des solutions rapides \u00e0 toutes vos pr\u00e9occupations. Nous valorisons la satisfaction de nos clients et nous effor\u00e7ons de d\u00e9passer leurs attentes \u00e0 chaque \u00e9tape du processus. De la consultation initiale au support apr\u00e8s-vente, nous nous engageons \u00e0 construire des relations durables bas\u00e9es sur la confiance, la transparence et la fiabilit\u00e9.<\/p>    <figure class=\"wp-block-gallery has-nested-images columns-default is-cropped wp-block-gallery-6 is-layout-flex wp-block-gallery-is-layout-flex\"> <figure class=\"wp-block-image size-large\"><img loading=\"lazy\" decoding=\"async\" width=\"720\" height=\"540\" data-id=\"1449\" src=\"https:\/\/charcoalmaking.com\/wp-content\/uploads\/2024\/11\/automatic-wood-processing-machine.webp\" alt=\"machine de traitement du bois automatique\" class=\"wp-image-1449\" srcset=\"https:\/\/charcoalmaking.com\/wp-content\/uploads\/2024\/11\/automatic-wood-processing-machine.webp 720w, https:\/\/charcoalmaking.com\/wp-content\/uploads\/2024\/11\/automatic-wood-processing-machine-360x270.webp 360w, https:\/\/charcoalmaking.com\/wp-content\/uploads\/2024\/11\/automatic-wood-processing-machine-16x12.webp 16w\" sizes=\"auto, (max-width: 720px) 100vw, 720px\" \/><figcaption class=\"wp-element-caption\">machine de traitement du bois automatique<\/figcaption><\/figure>    <figure class=\"wp-block-image size-large\"><img loading=\"lazy\" decoding=\"async\" width=\"720\" height=\"540\" data-id=\"1381\" src=\"https:\/\/charcoalmaking.com\/wp-content\/uploads\/2024\/10\/hammer-mill-crusher-will-dust-collector.webp\" alt=\"broyeur \u00e0 marteaux collecteur de poussi\u00e8re\" class=\"wp-image-1381\" srcset=\"https:\/\/charcoalmaking.com\/wp-content\/uploads\/2024\/10\/hammer-mill-crusher-will-dust-collector.webp 720w, https:\/\/charcoalmaking.com\/wp-content\/uploads\/2024\/10\/hammer-mill-crusher-will-dust-collector-360x270.webp 360w, https:\/\/charcoalmaking.com\/wp-content\/uploads\/2024\/10\/hammer-mill-crusher-will-dust-collector-16x12.webp 16w\" sizes=\"auto, (max-width: 720px) 100vw, 720px\" \/><figcaption class=\"wp-element-caption\">broyeur \u00e0 marteaux collecteur de poussi\u00e8re<\/figcaption><\/figure>    <figure class=\"wp-block-image size-large\"><img loading=\"lazy\" decoding=\"async\" width=\"720\" height=\"540\" data-id=\"1450\" src=\"https:\/\/charcoalmaking.com\/wp-content\/uploads\/2024\/11\/powerful-magnetic-suction-device.webp\" alt=\"puissant dispositif d&#039;aspiration magn\u00e9tique\" class=\"wp-image-1450\" srcset=\"https:\/\/charcoalmaking.com\/wp-content\/uploads\/2024\/11\/powerful-magnetic-suction-device.webp 720w, https:\/\/charcoalmaking.com\/wp-content\/uploads\/2024\/11\/powerful-magnetic-suction-device-360x270.webp 360w, https:\/\/charcoalmaking.com\/wp-content\/uploads\/2024\/11\/powerful-magnetic-suction-device-16x12.webp 16w\" sizes=\"auto, (max-width: 720px) 100vw, 720px\" \/><figcaption class=\"wp-element-caption\">puissant dispositif d'aspiration magn\u00e9tique<\/figcaption><\/figure> <\/figure>    <h2 class=\"wp-block-heading\">Durabilit\u00e9<\/h2>    <p>En tant qu'entreprise soucieuse de l'environnement, nous accordons la priorit\u00e9 \u00e0 la durabilit\u00e9 dans nos op\u00e9rations. Nos machines sont con\u00e7ues pour maximiser l\u2019efficacit\u00e9 \u00e9nerg\u00e9tique et minimiser les d\u00e9chets, contribuant ainsi \u00e0 un avenir plus vert et plus durable. Nous nous engageons \u00e0 adopter des pratiques respectueuses de l'environnement, \u00e0 r\u00e9duire notre empreinte carbone et \u00e0 promouvoir des processus de fabrication responsables.<\/p>    <figure class=\"wp-block-gallery has-nested-images columns-default is-cropped wp-block-gallery-7 is-layout-flex wp-block-gallery-is-layout-flex\"> <figure class=\"wp-block-image size-large\"><img loading=\"lazy\" decoding=\"async\" width=\"720\" height=\"540\" data-id=\"1554\" src=\"https:\/\/charcoalmaking.com\/wp-content\/uploads\/2025\/07\/Charcoal-Briquettes-Production-Line.webp\" alt=\"Ligne de production de briquettes de charbon de bois\" class=\"wp-image-1554\" srcset=\"https:\/\/charcoalmaking.com\/wp-content\/uploads\/2025\/07\/Charcoal-Briquettes-Production-Line.webp 720w, https:\/\/charcoalmaking.com\/wp-content\/uploads\/2025\/07\/Charcoal-Briquettes-Production-Line-360x270.webp 360w, https:\/\/charcoalmaking.com\/wp-content\/uploads\/2025\/07\/Charcoal-Briquettes-Production-Line-16x12.webp 16w\" sizes=\"auto, (max-width: 720px) 100vw, 720px\" \/><figcaption class=\"wp-element-caption\">Ligne de production de briquettes de charbon de bois<\/figcaption><\/figure>    <figure class=\"wp-block-image size-large\"><img loading=\"lazy\" decoding=\"async\" width=\"720\" height=\"540\" data-id=\"1603\" src=\"https:\/\/charcoalmaking.com\/wp-content\/uploads\/2025\/07\/shisha-charcoal-production-line.webp\" alt=\"ligne de production de charbon de chicha\" class=\"wp-image-1603\" srcset=\"https:\/\/charcoalmaking.com\/wp-content\/uploads\/2025\/07\/shisha-charcoal-production-line.webp 720w, https:\/\/charcoalmaking.com\/wp-content\/uploads\/2025\/07\/shisha-charcoal-production-line-360x270.webp 360w, https:\/\/charcoalmaking.com\/wp-content\/uploads\/2025\/07\/shisha-charcoal-production-line-16x12.webp 16w\" sizes=\"auto, (max-width: 720px) 100vw, 720px\" \/><figcaption class=\"wp-element-caption\">Ligne de production de charbon \u00e0 charbon \u00e0 narguil\u00e9 Shisha<\/figcaption><\/figure> <\/figure>    <h2 class=\"wp-block-heading\">Choisissez les machines Shuliy<\/h2>    <p>Lorsqu'il s'agit de machines \u00e0 bois et de machines \u00e0 charbon de bois, choisissez Shuliy Machinery comme partenaire de confiance. Gr\u00e2ce \u00e0 notre excellence technologique, notre pr\u00e9sence mondiale, nos services de personnalisation, notre assurance qualit\u00e9, notre support client et notre engagement en faveur du d\u00e9veloppement durable, nous sommes le choix id\u00e9al pour vos besoins en machines. Rejoignez notre liste toujours croissante de clients satisfaits et d\u00e9couvrez la fiabilit\u00e9 et les performances qui nous distinguent de la concurrence.<\/p>    <p>Contactez-nous d\u00e8s aujourd'hui pour discuter de vos besoins et laissez-nous vous aider \u00e0 trouver la solution parfaite pour vos besoins en mati\u00e8re de menuiserie et de production de charbon de bois.<\/p>    <figure class=\"wp-block-gallery has-nested-images columns-default is-cropped wp-block-gallery-8 is-layout-flex wp-block-gallery-is-layout-flex\"> <figure class=\"wp-block-image size-large\"><img loading=\"lazy\" decoding=\"async\" width=\"720\" height=\"540\" data-id=\"1919\" src=\"https:\/\/charcoalmaking.com\/wp-content\/uploads\/2026\/04\/Yemeni-customers-visit.webp\" alt=\"Les clients y\u00e9m\u00e9nites visitent\" class=\"wp-image-1919\" srcset=\"https:\/\/charcoalmaking.com\/wp-content\/uploads\/2026\/04\/Yemeni-customers-visit.webp 720w, https:\/\/charcoalmaking.com\/wp-content\/uploads\/2026\/04\/Yemeni-customers-visit-360x270.webp 360w, https:\/\/charcoalmaking.com\/wp-content\/uploads\/2026\/04\/Yemeni-customers-visit-16x12.webp 16w\" sizes=\"auto, (max-width: 720px) 100vw, 720px\" \/><figcaption class=\"wp-element-caption\">Les clients y\u00e9m\u00e9nites visitent<\/figcaption><\/figure>    <figure class=\"wp-block-image size-large\"><img loading=\"lazy\" decoding=\"async\" width=\"720\" height=\"540\" data-id=\"1502\" src=\"https:\/\/charcoalmaking.com\/wp-content\/uploads\/2023\/07\/Group-photo-of-us-and-our-clients.webp\" alt=\"Photo de groupe de nous et de nos clients\" class=\"wp-image-1502\" srcset=\"https:\/\/charcoalmaking.com\/wp-content\/uploads\/2023\/07\/Group-photo-of-us-and-our-clients.webp 720w, https:\/\/charcoalmaking.com\/wp-content\/uploads\/2023\/07\/Group-photo-of-us-and-our-clients-360x270.webp 360w, https:\/\/charcoalmaking.com\/wp-content\/uploads\/2023\/07\/Group-photo-of-us-and-our-clients-16x12.webp 16w\" sizes=\"auto, (max-width: 720px) 100vw, 720px\" \/><figcaption class=\"wp-element-caption\">Photo de groupe de nos clients et nous<\/figcaption><\/figure>    <figure class=\"wp-block-image size-large\"><img loading=\"lazy\" decoding=\"async\" width=\"720\" height=\"540\" data-id=\"1914\" src=\"https:\/\/charcoalmaking.com\/wp-content\/uploads\/2026\/04\/Nigerian-customers-visit.webp\" alt=\"Les clients nig\u00e9rians visitent\" class=\"wp-image-1914\" srcset=\"https:\/\/charcoalmaking.com\/wp-content\/uploads\/2026\/04\/Nigerian-customers-visit.webp 720w, https:\/\/charcoalmaking.com\/wp-content\/uploads\/2026\/04\/Nigerian-customers-visit-360x270.webp 360w, https:\/\/charcoalmaking.com\/wp-content\/uploads\/2026\/04\/Nigerian-customers-visit-16x12.webp 16w\" sizes=\"auto, (max-width: 720px) 100vw, 720px\" \/><figcaption class=\"wp-element-caption\">Les clients nig\u00e9rians visitent<\/figcaption><\/figure> <\/figure>","protected":false},"excerpt":{"rendered":"<p>Welcome to Shuliy Machinery, a leading manufacturer of charcoal machines and woodworking machinery based in China. Since our establishment in 2011, we have been dedicated to delivering top-quality equipment and exceptional services to our valued customers worldwide. With our expertise, innovation, and commitment to customer satisfaction, we have gained recognition as a trusted supplier in [&hellip;]<\/p>\n","protected":false},"author":1,"featured_media":0,"parent":0,"menu_order":0,"comment_status":"closed","ping_status":"closed","template":"","meta":{"footnotes":""},"class_list":["post-11","page","type-page","status-publish","hentry"],"_links":{"self":[{"href":"https:\/\/charcoalmaking.com\/fr\/wp-json\/wp\/v2\/pages\/11","targetHints":{"allow":["GET"]}}],"collection":[{"href":"https:\/\/charcoalmaking.com\/fr\/wp-json\/wp\/v2\/pages"}],"about":[{"href":"https:\/\/charcoalmaking.com\/fr\/wp-json\/wp\/v2\/types\/page"}],"author":[{"embeddable":true,"href":"https:\/\/charcoalmaking.com\/fr\/wp-json\/wp\/v2\/users\/1"}],"replies":[{"embeddable":true,"href":"https:\/\/charcoalmaking.com\/fr\/wp-json\/wp\/v2\/comments?post=11"}],"version-history":[{"count":4,"href":"https:\/\/charcoalmaking.com\/fr\/wp-json\/wp\/v2\/pages\/11\/revisions"}],"predecessor-version":[{"id":1928,"href":"https:\/\/charcoalmaking.com\/fr\/wp-json\/wp\/v2\/pages\/11\/revisions\/1928"}],"wp:attachment":[{"href":"https:\/\/charcoalmaking.com\/fr\/wp-json\/wp\/v2\/media?parent=11"}],"curies":[{"name":"wp","href":"https:\/\/api.w.org\/{rel}","templated":true}]}}