{"id":1782,"date":"2025-10-28T16:28:39","date_gmt":"2025-10-28T08:28:39","guid":{"rendered":"https:\/\/charcoalmaking.com\/?page_id=1782"},"modified":"2025-10-28T16:28:43","modified_gmt":"2025-10-28T08:28:43","slug":"invest-in-an-automatic-charcoal-production-line","status":"publish","type":"page","link":"https:\/\/charcoalmaking.com\/fr\/invest-in-an-automatic-charcoal-production-line\/","title":{"rendered":"Pourquoi investir dans une ligne de production de charbon automatis\u00e9e ?"},"content":{"rendered":"<p>Les usines de charbon traditionnelles peuvent-elles vraiment rester rentables ? Existe-t-il un moyen plus efficace et \u00e9conome en \u00e9nergie de produire du charbon de haute qualit\u00e9 ?<\/p>    <p>Les lignes de production de charbon automatique \u00e9mergent comme la nouvelle tendance dans l'industrie mondiale du charbon. Elles permettent aux entreprises d'atteindre des b\u00e9n\u00e9fices plus \u00e9lev\u00e9s avec moins de main-d'\u0153uvre et en moins de temps.<\/p>    <figure class=\"wp-block-gallery has-nested-images columns-default is-cropped wp-block-gallery-2 is-layout-flex wp-block-gallery-is-layout-flex\"> <figure class=\"wp-block-image size-large\"><img loading=\"lazy\" decoding=\"async\" width=\"720\" height=\"540\" data-id=\"1706\" src=\"https:\/\/charcoalmaking.com\/wp-content\/uploads\/2023\/07\/Coal-Briquette-Machine.webp\" alt=\"Machine \u00e0 briquettes de charbon\" class=\"wp-image-1706\" srcset=\"https:\/\/charcoalmaking.com\/wp-content\/uploads\/2023\/07\/Coal-Briquette-Machine.webp 720w, https:\/\/charcoalmaking.com\/wp-content\/uploads\/2023\/07\/Coal-Briquette-Machine-360x270.webp 360w, https:\/\/charcoalmaking.com\/wp-content\/uploads\/2023\/07\/Coal-Briquette-Machine-16x12.webp 16w\" sizes=\"auto, (max-width: 720px) 100vw, 720px\" \/><figcaption class=\"wp-element-caption\">Machine \u00e0 briquettes de charbon<\/figcaption><\/figure>    <figure class=\"wp-block-image size-large\"><img loading=\"lazy\" decoding=\"async\" width=\"720\" height=\"540\" data-id=\"157\" src=\"https:\/\/charcoalmaking.com\/wp-content\/uploads\/2023\/07\/charcoal-briquette-making-machine.webp\" alt=\"machine de fabrication de briquettes de charbon de bois\" class=\"wp-image-157\" srcset=\"https:\/\/charcoalmaking.com\/wp-content\/uploads\/2023\/07\/charcoal-briquette-making-machine.webp 720w, https:\/\/charcoalmaking.com\/wp-content\/uploads\/2023\/07\/charcoal-briquette-making-machine-360x270.webp 360w\" sizes=\"auto, (max-width: 720px) 100vw, 720px\" \/><figcaption class=\"wp-element-caption\">machine de fabrication de briquettes de charbon de bois<\/figcaption><\/figure>    <figure class=\"wp-block-image size-large\"><img loading=\"lazy\" decoding=\"async\" width=\"720\" height=\"540\" data-id=\"156\" src=\"https:\/\/charcoalmaking.com\/wp-content\/uploads\/2023\/07\/charcoal-briquette-machine.webp\" alt=\"machine \u00e0 briquettes de charbon de bois\" class=\"wp-image-156\" srcset=\"https:\/\/charcoalmaking.com\/wp-content\/uploads\/2023\/07\/charcoal-briquette-machine.webp 720w, https:\/\/charcoalmaking.com\/wp-content\/uploads\/2023\/07\/charcoal-briquette-machine-360x270.webp 360w\" sizes=\"auto, (max-width: 720px) 100vw, 720px\" \/><figcaption class=\"wp-element-caption\">machine \u00e0 briquettes de charbon de bois<\/figcaption><\/figure> <\/figure>    <h2 class=\"wp-block-heading\">Composition et processus d'une ligne de production de charbon automatique<\/h2>    <p>Une ligne de production de charbon automatique compl\u00e8te comprend g\u00e9n\u00e9ralement l'\u00e9quipement suivant :<\/p>    <ul class=\"wp-block-list\"> <li><strong>Concasseur \u00e0 bois :<\/strong> moulin les mati\u00e8res premi\u00e8res telles que les branches, les morceaux de bois et la paille en particules fines pour garantir l'uniformit\u00e9 de la mati\u00e8re premi\u00e8re des briquettes.<\/li>    <li><strong>S\u00e8che-drum :<\/strong> \u00e9limine rapidement l'exc\u00e8s d'humidit\u00e9 de la poudre de bois pour garantir un briquetage stable et lisse.<\/li>    <li><strong>Presse \u00e0 briquettes :<\/strong> forme de la poudre de bois s\u00e9ch\u00e9e en briquettes de haute densit\u00e9 et de taille uniforme par extrusion \u00e0 haute pression.<\/li>    <li><strong>Fourneau de carbonisation : <\/strong>convertit les briquettes en charbon de haute qualit\u00e9 via une carbonisation \u00e0 haute temp\u00e9rature et sans oxyg\u00e8ne.<\/li>    <li><strong>Machine d'emballage en coussin :<\/strong> compl\u00e8te automatiquement le pesage, le scellage et l'emballage, am\u00e9liorant l'apparence du charbon fini et sa facilit\u00e9 de transport.<\/li> <\/ul>   <div class=\"wp-block-image\"> <figure class=\"aligncenter size-large\"><img loading=\"lazy\" decoding=\"async\" width=\"720\" height=\"540\" src=\"https:\/\/charcoalmaking.com\/wp-content\/uploads\/2024\/11\/charcoal-processing-line.webp\" alt=\"ligne de traitement du charbon de bois\" class=\"wp-image-1395\" srcset=\"https:\/\/charcoalmaking.com\/wp-content\/uploads\/2024\/11\/charcoal-processing-line.webp 720w, https:\/\/charcoalmaking.com\/wp-content\/uploads\/2024\/11\/charcoal-processing-line-360x270.webp 360w, https:\/\/charcoalmaking.com\/wp-content\/uploads\/2024\/11\/charcoal-processing-line-16x12.webp 16w\" sizes=\"auto, (max-width: 720px) 100vw, 720px\" \/><figcaption class=\"wp-element-caption\">ligne de traitement du charbon de bois<\/figcaption><\/figure> <\/div>   <p class=\"translation-block\">L'ensemble de la<a href=\"https:\/\/charcoalmaking.com\/fr\/charcoal-production-line\/\" data-type=\"link\" data-id=\"https:\/\/charcoalmaking.com\/charcoal-production-line\/\">ligne de production de charbon automatique<\/a>r\u00e9alise un chargement automatis\u00e9, un contr\u00f4le de la temp\u00e9rature et une r\u00e9gulation de la vitesse.<br>N\u00e9cessitant seulement<strong>2 \u00e0 3 op\u00e9rateurs<\/strong>pour un fonctionnement stable.<\/p>    <h2 class=\"wp-block-heading\">Pourquoi choisir notre ligne de charbon automatis\u00e9e ?<\/h2>    <p class=\"translation-block\"><strong>Co\u00fbts de main-d'\u0153uvre consid\u00e9rablement r\u00e9duits<\/strong><\/p>    <p class=\"translation-block\">La production manuelle de charbon traditionnelle n\u00e9cessite plus d'une douzaine de travailleurs pour collaborer, tandis qu'une ligne de production automatis\u00e9e peut compl\u00e9ter l'ensemble du processus avec seulement<strong>2 \u00e0 3 op\u00e9rateurs<\/strong>.<\/p>    <p class=\"translation-block\"><strong>L'efficacit\u00e9 de production double<\/strong><\/p>    <p>Les syst\u00e8mes de production continue permettent un fonctionnement stable, non affect\u00e9 par les conditions m\u00e9t\u00e9orologiques ou l'exp\u00e9rience des travailleurs.<\/p>    <p class=\"translation-block\"><strong>Une consommation d'\u00e9nergie plus faible et une meilleure utilisation des ressources<\/strong><\/p>    <p>Les syst\u00e8mes de s\u00e9chage et de carbonisation utilisent la technologie de r\u00e9cup\u00e9ration de chaleur r\u00e9siduelle, r\u00e9alisant environ 30% d'\u00e9conomies d'\u00e9nergie par rapport aux processus obsol\u00e8tes.<\/p>    <figure class=\"wp-block-gallery has-nested-images columns-default is-cropped wp-block-gallery-3 is-layout-flex wp-block-gallery-is-layout-flex\"> <figure class=\"wp-block-image size-large\"><img loading=\"lazy\" decoding=\"async\" width=\"720\" height=\"540\" data-id=\"1102\" src=\"https:\/\/charcoalmaking.com\/wp-content\/uploads\/2023\/07\/bbq-charcoal-machine.jpg\" alt=\"machine \u00e0 charbon de bois pour barbecue\" class=\"wp-image-1102\" srcset=\"https:\/\/charcoalmaking.com\/wp-content\/uploads\/2023\/07\/bbq-charcoal-machine.jpg 720w, https:\/\/charcoalmaking.com\/wp-content\/uploads\/2023\/07\/bbq-charcoal-machine-360x270.jpg 360w, https:\/\/charcoalmaking.com\/wp-content\/uploads\/2023\/07\/bbq-charcoal-machine-16x12.jpg 16w\" sizes=\"auto, (max-width: 720px) 100vw, 720px\" \/><figcaption class=\"wp-element-caption\">machine \u00e0 charbon de bois pour barbecue<\/figcaption><\/figure>    <figure class=\"wp-block-image size-large\"><img loading=\"lazy\" decoding=\"async\" width=\"1024\" height=\"768\" data-id=\"1101\" src=\"https:\/\/charcoalmaking.com\/wp-content\/uploads\/2023\/07\/bbq-charcoal-briquettes-extruder-machine-1024x768.jpg\" alt=\"Extrudeuse de briquettes de charbon de bois pour barbecue\" class=\"wp-image-1101\" srcset=\"https:\/\/charcoalmaking.com\/wp-content\/uploads\/2023\/07\/bbq-charcoal-briquettes-extruder-machine-1024x768.jpg 1024w, https:\/\/charcoalmaking.com\/wp-content\/uploads\/2023\/07\/bbq-charcoal-briquettes-extruder-machine-720x540.jpg 720w, https:\/\/charcoalmaking.com\/wp-content\/uploads\/2023\/07\/bbq-charcoal-briquettes-extruder-machine-360x270.jpg 360w, https:\/\/charcoalmaking.com\/wp-content\/uploads\/2023\/07\/bbq-charcoal-briquettes-extruder-machine-768x576.jpg 768w, https:\/\/charcoalmaking.com\/wp-content\/uploads\/2023\/07\/bbq-charcoal-briquettes-extruder-machine-1536x1152.jpg 1536w, https:\/\/charcoalmaking.com\/wp-content\/uploads\/2023\/07\/bbq-charcoal-briquettes-extruder-machine-2048x1536.jpg 2048w, https:\/\/charcoalmaking.com\/wp-content\/uploads\/2023\/07\/bbq-charcoal-briquettes-extruder-machine-16x12.jpg 16w\" sizes=\"auto, (max-width: 1024px) 100vw, 1024px\" \/><figcaption class=\"wp-element-caption\">Extrudeuse de briquettes de charbon de bois pour barbecue<\/figcaption><\/figure>    <figure class=\"wp-block-image size-large\"><img loading=\"lazy\" decoding=\"async\" width=\"720\" height=\"540\" data-id=\"777\" src=\"https:\/\/charcoalmaking.com\/wp-content\/uploads\/2023\/08\/charcoal-drying-equipment.webp\" alt=\"\u00e9quipement de s\u00e9chage de charbon de bois\" class=\"wp-image-777\" srcset=\"https:\/\/charcoalmaking.com\/wp-content\/uploads\/2023\/08\/charcoal-drying-equipment.webp 720w, https:\/\/charcoalmaking.com\/wp-content\/uploads\/2023\/08\/charcoal-drying-equipment-360x270.webp 360w\" sizes=\"auto, (max-width: 720px) 100vw, 720px\" \/><figcaption class=\"wp-element-caption\">\u00e9quipement de s\u00e9chage de charbon de bois<\/figcaption><\/figure> <\/figure>    <p class=\"translation-block\"><strong>Une qualit\u00e9 de produit plus coh\u00e9rente, adapt\u00e9e aux march\u00e9s d'exportation<\/strong><\/p>    <p>Le contr\u00f4le automatis\u00e9 garantit une densit\u00e9 de charbon uniforme et un temps de combustion prolong\u00e9, ce qui le rend id\u00e9al pour le barbecue, le chauffage et les applications industrielles.<\/p>    <p class=\"translation-block\"><strong>Retour sur investissement rapide et marges b\u00e9n\u00e9ficiaires \u00e9lev\u00e9es<\/strong><\/p>    <p>Pour une capacit\u00e9 de production quotidienne de 5 tonnes, en fonction des prix du march\u00e9 actuels,<br>L'investissement peut \u00eatre r\u00e9cup\u00e9r\u00e9 en environ 6 \u00e0 8 mois avec une marge brute atteignant 40 %.<\/p>   <div class=\"wp-block-image\"> <figure class=\"aligncenter size-large\"><img loading=\"lazy\" decoding=\"async\" width=\"720\" height=\"540\" src=\"https:\/\/charcoalmaking.com\/wp-content\/uploads\/2023\/07\/charcoal-production-line-1.webp\" alt=\"usine de transformation de charbon de bois\" class=\"wp-image-177\" srcset=\"https:\/\/charcoalmaking.com\/wp-content\/uploads\/2023\/07\/charcoal-production-line-1.webp 720w, https:\/\/charcoalmaking.com\/wp-content\/uploads\/2023\/07\/charcoal-production-line-1-360x270.webp 360w\" sizes=\"auto, (max-width: 720px) 100vw, 720px\" \/><figcaption class=\"wp-element-caption\">usine de transformation de charbon de bois<\/figcaption><\/figure> <\/div>   <h2 class=\"wp-block-heading\">Conclusion<\/h2>    <p>Investir dans une ligne de production de charbon automatis\u00e9e n'est pas simplement une mise \u00e0 niveau d'\u00e9quipement\u2014c'est une \u00e9tape cruciale pour am\u00e9liorer la comp\u00e9titivit\u00e9 de votre entreprise. Des solutions intelligentes, \u00e9co\u00e9nerg\u00e9tiques et performantes transformeront votre usine de charbon en une installation moderne.<\/p>    <p>Veuillez nous contacter pour plus d'informations d\u00e9taill\u00e9es sur notre ligne de production de charbon !<\/p>    <figure class=\"wp-block-embed is-type-wp-embed is-provider-charcoal-machinery wp-block-embed-charcoal-machinery\"><div class=\"wp-block-embed__wrapper\"> <blockquote class=\"wp-embedded-content\" data-secret=\"qFmQ2cIVON\"><a href=\"https:\/\/charcoalmaking.com\/fr\/charcoal-production-line\/\">Ligne de production de charbon de bois | Machine \u00e0 charbon de bois<\/a><\/blockquote><iframe loading=\"lazy\" class=\"wp-embedded-content\" sandbox=\"allow-scripts\" security=\"restricted\" style=\"position: absolute; visibility: hidden;\" title=\"\u00ab Ligne de Production de Charbon | Machine \u00e0 Charbon \u00bb \u2014 Machines \u00e0 Charbon\" src=\"https:\/\/charcoalmaking.com\/charcoal-production-line\/embed\/#?secret=3RHgQAfKwh#?secret=qFmQ2cIVON\" data-secret=\"qFmQ2cIVON\" width=\"500\" height=\"282\" frameborder=\"0\" marginwidth=\"0\" marginheight=\"0\" scrolling=\"no\"><\/iframe> <\/div><\/figure>","protected":false},"excerpt":{"rendered":"<p>Can traditional charcoal factories truly remain profitable? Is there a more efficient, energy-saving way to produce high-quality charcoal? Automatic charcoal production lines are emerging as the new trend in the global charcoal industry. They enable businesses to achieve higher profits with less labor and in less time. Composition and process of an automatic charcoal production [&hellip;]<\/p>\n","protected":false},"author":1,"featured_media":0,"parent":0,"menu_order":0,"comment_status":"closed","ping_status":"closed","template":"","meta":{"footnotes":""},"class_list":["post-1782","page","type-page","status-publish","hentry"],"_links":{"self":[{"href":"https:\/\/charcoalmaking.com\/fr\/wp-json\/wp\/v2\/pages\/1782","targetHints":{"allow":["GET"]}}],"collection":[{"href":"https:\/\/charcoalmaking.com\/fr\/wp-json\/wp\/v2\/pages"}],"about":[{"href":"https:\/\/charcoalmaking.com\/fr\/wp-json\/wp\/v2\/types\/page"}],"author":[{"embeddable":true,"href":"https:\/\/charcoalmaking.com\/fr\/wp-json\/wp\/v2\/users\/1"}],"replies":[{"embeddable":true,"href":"https:\/\/charcoalmaking.com\/fr\/wp-json\/wp\/v2\/comments?post=1782"}],"version-history":[{"count":0,"href":"https:\/\/charcoalmaking.com\/fr\/wp-json\/wp\/v2\/pages\/1782\/revisions"}],"wp:attachment":[{"href":"https:\/\/charcoalmaking.com\/fr\/wp-json\/wp\/v2\/media?parent=1782"}],"curies":[{"name":"wp","href":"https:\/\/api.w.org\/{rel}","templated":true}]}}