{"id":11,"date":"2023-07-12T17:19:20","date_gmt":"2023-07-12T09:19:20","guid":{"rendered":"https:\/\/charcoalmaking.com\/?page_id=11"},"modified":"2026-04-03T18:00:24","modified_gmt":"2026-04-03T10:00:24","slug":"about-us","status":"publish","type":"page","link":"https:\/\/charcoalmaking.com\/pt\/about-us\/","title":{"rendered":"Sobre n\u00f3s"},"content":{"rendered":"<p>Bem-vindo \u00e0 Shuliy Machinery, um fabricante l\u00edder de m\u00e1quinas para carv\u00e3o e m\u00e1quinas para trabalhar madeira com sede na China. Desde a nossa funda\u00e7\u00e3o em 2011, temos nos dedicado a fornecer equipamentos de alta qualidade e servi\u00e7os excepcionais aos nossos valiosos clientes em todo o mundo. Com nossa experi\u00eancia, inova\u00e7\u00e3o e compromisso com a satisfa\u00e7\u00e3o do cliente, ganhamos reconhecimento como um fornecedor confi\u00e1vel no setor.<\/p>    <h2 class=\"wp-block-heading\">Excel\u00eancia Tecnol\u00f3gica<\/h2>    <p>Na Shuliy Machinery, nos orgulhamos de nossa excel\u00eancia tecnol\u00f3gica. Nossa equipe de engenheiros e t\u00e9cnicos qualificados permanece na vanguarda dos avan\u00e7os da ind\u00fastria para garantir que nossas m\u00e1quinas sejam constru\u00eddas com tecnologia de ponta. Investimos constantemente em pesquisa e desenvolvimento, o que nos permite oferecer solu\u00e7\u00f5es de \u00faltima gera\u00e7\u00e3o que atendam \u00e0s crescentes necessidades do mercado. Ao abra\u00e7ar a inova\u00e7\u00e3o, fornecemos consistentemente m\u00e1quinas de alto desempenho que maximizam a efici\u00eancia e a produtividade.<\/p>    <figure class=\"wp-block-gallery has-nested-images columns-default is-cropped wp-block-gallery-2 is-layout-flex wp-block-gallery-is-layout-flex\"> <figure class=\"wp-block-image size-large\"><img loading=\"lazy\" decoding=\"async\" width=\"720\" height=\"540\" data-id=\"1820\" src=\"https:\/\/charcoalmaking.com\/wp-content\/uploads\/2025\/11\/Sawdust-briquette-machine.webp\" alt=\"M\u00e1quina de briquetes de serradura\" class=\"wp-image-1820\" srcset=\"https:\/\/charcoalmaking.com\/wp-content\/uploads\/2025\/11\/Sawdust-briquette-machine.webp 720w, https:\/\/charcoalmaking.com\/wp-content\/uploads\/2025\/11\/Sawdust-briquette-machine-360x270.webp 360w, https:\/\/charcoalmaking.com\/wp-content\/uploads\/2025\/11\/Sawdust-briquette-machine-16x12.webp 16w\" sizes=\"auto, (max-width: 720px) 100vw, 720px\" \/><figcaption class=\"wp-element-caption\">M\u00e1quina de briquetes de serradura<\/figcaption><\/figure>    <figure class=\"wp-block-image size-large\"><img loading=\"lazy\" decoding=\"async\" width=\"720\" height=\"540\" data-id=\"1720\" src=\"https:\/\/charcoalmaking.com\/wp-content\/uploads\/2025\/09\/Continuous-Carbonization-Furnace.webp\" alt=\"Forno de Carboniza\u00e7\u00e3o Cont\u00ednuo\" class=\"wp-image-1720\" srcset=\"https:\/\/charcoalmaking.com\/wp-content\/uploads\/2025\/09\/Continuous-Carbonization-Furnace.webp 720w, https:\/\/charcoalmaking.com\/wp-content\/uploads\/2025\/09\/Continuous-Carbonization-Furnace-360x270.webp 360w, https:\/\/charcoalmaking.com\/wp-content\/uploads\/2025\/09\/Continuous-Carbonization-Furnace-16x12.webp 16w\" sizes=\"auto, (max-width: 720px) 100vw, 720px\" \/><figcaption class=\"wp-element-caption\">Forno de Carboniza\u00e7\u00e3o Cont\u00ednuo<\/figcaption><\/figure>    <figure class=\"wp-block-image size-large\"><img loading=\"lazy\" decoding=\"async\" width=\"720\" height=\"540\" data-id=\"1383\" src=\"https:\/\/charcoalmaking.com\/wp-content\/uploads\/2024\/10\/hammer-mill-crusher-will-dust-collector-1.webp\" alt=\"triturador de martelo ir\u00e1 coletor de p\u00f3\" class=\"wp-image-1383\" srcset=\"https:\/\/charcoalmaking.com\/wp-content\/uploads\/2024\/10\/hammer-mill-crusher-will-dust-collector-1.webp 720w, https:\/\/charcoalmaking.com\/wp-content\/uploads\/2024\/10\/hammer-mill-crusher-will-dust-collector-1-360x270.webp 360w, https:\/\/charcoalmaking.com\/wp-content\/uploads\/2024\/10\/hammer-mill-crusher-will-dust-collector-1-16x12.webp 16w\" sizes=\"auto, (max-width: 720px) 100vw, 720px\" \/><figcaption class=\"wp-element-caption\">triturador de martelo ir\u00e1 coletor de p\u00f3<\/figcaption><\/figure> <\/figure>    <h2 class=\"wp-block-heading\">Presen\u00e7a global<\/h2>    <p>Ao longo dos anos, nossas m\u00e1quinas para trabalhar madeira e m\u00e1quinas de carv\u00e3o ganharam popularidade em todo o mundo. Exportamos com sucesso nossos produtos para mais de 20 pa\u00edses e regi\u00f5es, conquistando a confian\u00e7a e a fidelidade de clientes em todo o mundo. Nosso compromisso em oferecer qualidade e confiabilidade superiores nos permitiu estabelecer parcerias de longo prazo com clientes, que confiam em n\u00f3s para suas necessidades de maquin\u00e1rio. Independentemente da sua localiza\u00e7\u00e3o, nos dedicamos a atend\u00ea-lo com excel\u00eancia e profissionalismo.<\/p>    <figure class=\"wp-block-gallery has-nested-images columns-default is-cropped wp-block-gallery-3 is-layout-flex wp-block-gallery-is-layout-flex\"> <figure class=\"wp-block-image size-large\"><img loading=\"lazy\" decoding=\"async\" width=\"720\" height=\"540\" data-id=\"1769\" src=\"https:\/\/charcoalmaking.com\/wp-content\/uploads\/2025\/10\/Loading-the-continuous-carbonization-furnace.webp\" alt=\"Carregamento do forno de carboniza\u00e7\u00e3o cont\u00ednua\" class=\"wp-image-1769\" srcset=\"https:\/\/charcoalmaking.com\/wp-content\/uploads\/2025\/10\/Loading-the-continuous-carbonization-furnace.webp 720w, https:\/\/charcoalmaking.com\/wp-content\/uploads\/2025\/10\/Loading-the-continuous-carbonization-furnace-360x270.webp 360w, https:\/\/charcoalmaking.com\/wp-content\/uploads\/2025\/10\/Loading-the-continuous-carbonization-furnace-16x12.webp 16w\" sizes=\"auto, (max-width: 720px) 100vw, 720px\" \/><figcaption class=\"wp-element-caption\">Carregamento do forno de carboniza\u00e7\u00e3o cont\u00ednua<\/figcaption><\/figure>    <figure class=\"wp-block-image size-large\"><img loading=\"lazy\" decoding=\"async\" width=\"720\" height=\"540\" data-id=\"1577\" src=\"https:\/\/charcoalmaking.com\/wp-content\/uploads\/2025\/07\/Wood-Crusher-1.webp\" alt=\"Triturador de madeira vendido para Gana\" class=\"wp-image-1577\" srcset=\"https:\/\/charcoalmaking.com\/wp-content\/uploads\/2025\/07\/Wood-Crusher-1.webp 720w, https:\/\/charcoalmaking.com\/wp-content\/uploads\/2025\/07\/Wood-Crusher-1-360x270.webp 360w, https:\/\/charcoalmaking.com\/wp-content\/uploads\/2025\/07\/Wood-Crusher-1-16x12.webp 16w\" sizes=\"auto, (max-width: 720px) 100vw, 720px\" \/><figcaption class=\"wp-element-caption\">Triturador de madeira vendido para Gana<\/figcaption><\/figure>    <figure class=\"wp-block-image size-full\"><img loading=\"lazy\" decoding=\"async\" width=\"720\" height=\"540\" data-id=\"1763\" src=\"https:\/\/charcoalmaking.com\/wp-content\/uploads\/2025\/10\/Continuous-Carbonizing-Machine-Shippment.webp\" alt=\"Envio da M\u00e1quina de Carboniza\u00e7\u00e3o Cont\u00ednua\" class=\"wp-image-1763\" srcset=\"https:\/\/charcoalmaking.com\/wp-content\/uploads\/2025\/10\/Continuous-Carbonizing-Machine-Shippment.webp 720w, https:\/\/charcoalmaking.com\/wp-content\/uploads\/2025\/10\/Continuous-Carbonizing-Machine-Shippment-360x270.webp 360w, https:\/\/charcoalmaking.com\/wp-content\/uploads\/2025\/10\/Continuous-Carbonizing-Machine-Shippment-16x12.webp 16w\" sizes=\"auto, (max-width: 720px) 100vw, 720px\" \/><figcaption class=\"wp-element-caption\">Envio da M\u00e1quina de Carboniza\u00e7\u00e3o Cont\u00ednua<\/figcaption><\/figure> <\/figure>    <h2 class=\"wp-block-heading\">Servi\u00e7os de personaliza\u00e7\u00e3o<\/h2>    <p>Entendemos que cada cliente tem necessidades \u00fanicas. \u00c9 por isso que oferecemos servi\u00e7os abrangentes de personaliza\u00e7\u00e3o para adaptar nossas m\u00e1quinas \u00e0s suas necessidades espec\u00edficas. Nossa equipe experiente trabalha em estreita colabora\u00e7\u00e3o com voc\u00ea para entender suas metas de produ\u00e7\u00e3o, limita\u00e7\u00f5es de espa\u00e7o e restri\u00e7\u00f5es or\u00e7ament\u00e1rias. Com essas informa\u00e7\u00f5es, projetamos e fabricamos m\u00e1quinas que atendem exatamente \u00e0s suas especifica\u00e7\u00f5es. Quer voc\u00ea precise de modifica\u00e7\u00f5es em um modelo existente ou de uma solu\u00e7\u00e3o completamente nova, estamos aqui para transformar sua vis\u00e3o em realidade.<\/p>    <figure class=\"wp-block-gallery has-nested-images columns-default is-cropped wp-block-gallery-4 is-layout-flex wp-block-gallery-is-layout-flex\"> <figure class=\"wp-block-image size-large\"><img loading=\"lazy\" decoding=\"async\" width=\"720\" height=\"540\" data-id=\"1814\" src=\"https:\/\/charcoalmaking.com\/wp-content\/uploads\/2025\/11\/Coal-Briquette-Extruder.webp\" alt=\"Extrusora de Briquetes de Carv\u00e3o\" class=\"wp-image-1814\" srcset=\"https:\/\/charcoalmaking.com\/wp-content\/uploads\/2025\/11\/Coal-Briquette-Extruder.webp 720w, https:\/\/charcoalmaking.com\/wp-content\/uploads\/2025\/11\/Coal-Briquette-Extruder-360x270.webp 360w, https:\/\/charcoalmaking.com\/wp-content\/uploads\/2025\/11\/Coal-Briquette-Extruder-16x12.webp 16w\" sizes=\"auto, (max-width: 720px) 100vw, 720px\" \/><figcaption class=\"wp-element-caption\">Extrusora de Briquetes de Carv\u00e3o<\/figcaption><\/figure>    <figure class=\"wp-block-image size-large\"><img loading=\"lazy\" decoding=\"async\" width=\"720\" height=\"540\" data-id=\"1816\" src=\"https:\/\/charcoalmaking.com\/wp-content\/uploads\/2025\/11\/Coal-Briquette-Machine-Mold.webp\" alt=\"Mold de M\u00e1quina de Briquetagem de Carv\u00e3o\" class=\"wp-image-1816\" srcset=\"https:\/\/charcoalmaking.com\/wp-content\/uploads\/2025\/11\/Coal-Briquette-Machine-Mold.webp 720w, https:\/\/charcoalmaking.com\/wp-content\/uploads\/2025\/11\/Coal-Briquette-Machine-Mold-360x270.webp 360w, https:\/\/charcoalmaking.com\/wp-content\/uploads\/2025\/11\/Coal-Briquette-Machine-Mold-16x12.webp 16w\" sizes=\"auto, (max-width: 720px) 100vw, 720px\" \/><figcaption class=\"wp-element-caption\">Mold de M\u00e1quina de Briquetagem de Carv\u00e3o<\/figcaption><\/figure>    <figure class=\"wp-block-image size-large\"><img loading=\"lazy\" decoding=\"async\" width=\"720\" height=\"540\" data-id=\"1710\" src=\"https:\/\/charcoalmaking.com\/wp-content\/uploads\/2023\/07\/Shipping-of-briquette-production-line.webp\" alt=\"Expedi\u00e7\u00e3o da linha de produ\u00e7\u00e3o de briquetes\" class=\"wp-image-1710\" srcset=\"https:\/\/charcoalmaking.com\/wp-content\/uploads\/2023\/07\/Shipping-of-briquette-production-line.webp 720w, https:\/\/charcoalmaking.com\/wp-content\/uploads\/2023\/07\/Shipping-of-briquette-production-line-360x270.webp 360w, https:\/\/charcoalmaking.com\/wp-content\/uploads\/2023\/07\/Shipping-of-briquette-production-line-16x12.webp 16w\" sizes=\"auto, (max-width: 720px) 100vw, 720px\" \/><figcaption class=\"wp-element-caption\">Envio da linha de produ\u00e7\u00e3o de briquetes<\/figcaption><\/figure> <\/figure>    <h2 class=\"wp-block-heading\">Garantia da Qualidade<\/h2>    <p>A qualidade \u00e9 nossa principal prioridade na Shuliy Machinery. Aderimos a medidas rigorosas de controle de qualidade durante todo o processo de fabrica\u00e7\u00e3o, garantindo que cada m\u00e1quina que sai de nossas instala\u00e7\u00f5es atenda aos mais altos padr\u00f5es. Obtemos materiais de qualidade premium de fornecedores confi\u00e1veis \u200b\u200be empregamos t\u00e9cnicas de fabrica\u00e7\u00e3o avan\u00e7adas para criar equipamentos robustos e dur\u00e1veis. Nosso compromisso com a qualidade se estende a rigorosos procedimentos de testes e inspe\u00e7\u00f5es, garantindo o desempenho, a seguran\u00e7a e a longevidade de nossas m\u00e1quinas.<\/p>    <figure class=\"wp-block-gallery has-nested-images columns-default is-cropped wp-block-gallery-5 is-layout-flex wp-block-gallery-is-layout-flex\"> <figure class=\"wp-block-image size-large\"><img loading=\"lazy\" decoding=\"async\" width=\"540\" height=\"720\" data-id=\"1847\" src=\"https:\/\/charcoalmaking.com\/wp-content\/uploads\/2025\/12\/Charcoal-Dryer-Insulation-Layer.webp\" alt=\"Camada de isolamento da secadora de carv\u00e3o\" class=\"wp-image-1847\" srcset=\"https:\/\/charcoalmaking.com\/wp-content\/uploads\/2025\/12\/Charcoal-Dryer-Insulation-Layer.webp 540w, https:\/\/charcoalmaking.com\/wp-content\/uploads\/2025\/12\/Charcoal-Dryer-Insulation-Layer-405x540.webp 405w, https:\/\/charcoalmaking.com\/wp-content\/uploads\/2025\/12\/Charcoal-Dryer-Insulation-Layer-9x12.webp 9w\" sizes=\"auto, (max-width: 540px) 100vw, 540px\" \/><figcaption class=\"wp-element-caption\">Camada de isolamento da secadora de carv\u00e3o<\/figcaption><\/figure>    <figure class=\"wp-block-image size-large\"><img loading=\"lazy\" decoding=\"async\" width=\"540\" height=\"720\" data-id=\"1719\" src=\"https:\/\/charcoalmaking.com\/wp-content\/uploads\/2025\/09\/Continuous-Carbonization-Furnace-Main-Unit.webp\" alt=\"Unidade principal do forno de carboniza\u00e7\u00e3o cont\u00ednua\" class=\"wp-image-1719\" srcset=\"https:\/\/charcoalmaking.com\/wp-content\/uploads\/2025\/09\/Continuous-Carbonization-Furnace-Main-Unit.webp 540w, https:\/\/charcoalmaking.com\/wp-content\/uploads\/2025\/09\/Continuous-Carbonization-Furnace-Main-Unit-405x540.webp 405w, https:\/\/charcoalmaking.com\/wp-content\/uploads\/2025\/09\/Continuous-Carbonization-Furnace-Main-Unit-9x12.webp 9w\" sizes=\"auto, (max-width: 540px) 100vw, 540px\" \/><figcaption class=\"wp-element-caption\">Unidade principal do forno de carboniza\u00e7\u00e3o cont\u00ednua<\/figcaption><\/figure>    <figure class=\"wp-block-image size-large\"><img loading=\"lazy\" decoding=\"async\" width=\"540\" height=\"720\" data-id=\"1723\" src=\"https:\/\/charcoalmaking.com\/wp-content\/uploads\/2025\/09\/Distribution-Panel.webp\" alt=\"Painel de Distribui\u00e7\u00e3o\" class=\"wp-image-1723\" srcset=\"https:\/\/charcoalmaking.com\/wp-content\/uploads\/2025\/09\/Distribution-Panel.webp 540w, https:\/\/charcoalmaking.com\/wp-content\/uploads\/2025\/09\/Distribution-Panel-405x540.webp 405w, https:\/\/charcoalmaking.com\/wp-content\/uploads\/2025\/09\/Distribution-Panel-9x12.webp 9w\" sizes=\"auto, (max-width: 540px) 100vw, 540px\" \/><figcaption class=\"wp-element-caption\">Painel de Distribui\u00e7\u00e3o<\/figcaption><\/figure> <\/figure>    <h2 class=\"wp-block-heading\">Suporte ao cliente<\/h2>    <p>Na Shuliy Machinery, acreditamos em fornecer suporte excepcional ao cliente. Nossa equipe dedicada est\u00e1 sempre dispon\u00edvel para atender suas d\u00favidas, oferecer assist\u00eancia t\u00e9cnica e fornecer solu\u00e7\u00f5es oportunas para qualquer d\u00favida que voc\u00ea possa ter. Valorizamos a satisfa\u00e7\u00e3o de nossos clientes e nos esfor\u00e7amos para superar suas expectativas em cada etapa do processo. Desde a consulta inicial at\u00e9 o suporte p\u00f3s-venda, estamos comprometidos em construir relacionamentos duradouros baseados em confian\u00e7a, transpar\u00eancia e confiabilidade.<\/p>    <figure class=\"wp-block-gallery has-nested-images columns-default is-cropped wp-block-gallery-6 is-layout-flex wp-block-gallery-is-layout-flex\"> <figure class=\"wp-block-image size-large\"><img loading=\"lazy\" decoding=\"async\" width=\"720\" height=\"540\" data-id=\"1449\" src=\"https:\/\/charcoalmaking.com\/wp-content\/uploads\/2024\/11\/automatic-wood-processing-machine.webp\" alt=\"m\u00e1quina autom\u00e1tica de processamento de madeira\" class=\"wp-image-1449\" srcset=\"https:\/\/charcoalmaking.com\/wp-content\/uploads\/2024\/11\/automatic-wood-processing-machine.webp 720w, https:\/\/charcoalmaking.com\/wp-content\/uploads\/2024\/11\/automatic-wood-processing-machine-360x270.webp 360w, https:\/\/charcoalmaking.com\/wp-content\/uploads\/2024\/11\/automatic-wood-processing-machine-16x12.webp 16w\" sizes=\"auto, (max-width: 720px) 100vw, 720px\" \/><figcaption class=\"wp-element-caption\">m\u00e1quina autom\u00e1tica de processamento de madeira<\/figcaption><\/figure>    <figure class=\"wp-block-image size-large\"><img loading=\"lazy\" decoding=\"async\" width=\"720\" height=\"540\" data-id=\"1381\" src=\"https:\/\/charcoalmaking.com\/wp-content\/uploads\/2024\/10\/hammer-mill-crusher-will-dust-collector.webp\" alt=\"triturador de martelo ir\u00e1 coletor de p\u00f3\" class=\"wp-image-1381\" srcset=\"https:\/\/charcoalmaking.com\/wp-content\/uploads\/2024\/10\/hammer-mill-crusher-will-dust-collector.webp 720w, https:\/\/charcoalmaking.com\/wp-content\/uploads\/2024\/10\/hammer-mill-crusher-will-dust-collector-360x270.webp 360w, https:\/\/charcoalmaking.com\/wp-content\/uploads\/2024\/10\/hammer-mill-crusher-will-dust-collector-16x12.webp 16w\" sizes=\"auto, (max-width: 720px) 100vw, 720px\" \/><figcaption class=\"wp-element-caption\">triturador de martelo ir\u00e1 coletor de p\u00f3<\/figcaption><\/figure>    <figure class=\"wp-block-image size-large\"><img loading=\"lazy\" decoding=\"async\" width=\"720\" height=\"540\" data-id=\"1450\" src=\"https:\/\/charcoalmaking.com\/wp-content\/uploads\/2024\/11\/powerful-magnetic-suction-device.webp\" alt=\"poderoso dispositivo de suc\u00e7\u00e3o magn\u00e9tica\" class=\"wp-image-1450\" srcset=\"https:\/\/charcoalmaking.com\/wp-content\/uploads\/2024\/11\/powerful-magnetic-suction-device.webp 720w, https:\/\/charcoalmaking.com\/wp-content\/uploads\/2024\/11\/powerful-magnetic-suction-device-360x270.webp 360w, https:\/\/charcoalmaking.com\/wp-content\/uploads\/2024\/11\/powerful-magnetic-suction-device-16x12.webp 16w\" sizes=\"auto, (max-width: 720px) 100vw, 720px\" \/><figcaption class=\"wp-element-caption\">poderoso dispositivo de suc\u00e7\u00e3o magn\u00e9tica<\/figcaption><\/figure> <\/figure>    <h2 class=\"wp-block-heading\">Sustentabilidade<\/h2>    <p>Como empresa ambientalmente consciente, priorizamos a sustentabilidade em nossas opera\u00e7\u00f5es. As nossas m\u00e1quinas s\u00e3o concebidas para maximizar a efici\u00eancia energ\u00e9tica e minimizar o desperd\u00edcio, contribuindo para um futuro mais verde e sustent\u00e1vel. Estamos empenhados em adotar pr\u00e1ticas ecol\u00f3gicas, reduzir a nossa pegada de carbono e promover processos de fabrico respons\u00e1veis.<\/p>    <figure class=\"wp-block-gallery has-nested-images columns-default is-cropped wp-block-gallery-7 is-layout-flex wp-block-gallery-is-layout-flex\"> <figure class=\"wp-block-image size-large\"><img loading=\"lazy\" decoding=\"async\" width=\"720\" height=\"540\" data-id=\"1554\" src=\"https:\/\/charcoalmaking.com\/wp-content\/uploads\/2025\/07\/Charcoal-Briquettes-Production-Line.webp\" alt=\"Linha de produ\u00e7\u00e3o de briquetes de carv\u00e3o\" class=\"wp-image-1554\" srcset=\"https:\/\/charcoalmaking.com\/wp-content\/uploads\/2025\/07\/Charcoal-Briquettes-Production-Line.webp 720w, https:\/\/charcoalmaking.com\/wp-content\/uploads\/2025\/07\/Charcoal-Briquettes-Production-Line-360x270.webp 360w, https:\/\/charcoalmaking.com\/wp-content\/uploads\/2025\/07\/Charcoal-Briquettes-Production-Line-16x12.webp 16w\" sizes=\"auto, (max-width: 720px) 100vw, 720px\" \/><figcaption class=\"wp-element-caption\">Linha de produ\u00e7\u00e3o de briquetes de carv\u00e3o<\/figcaption><\/figure>    <figure class=\"wp-block-image size-large\"><img loading=\"lazy\" decoding=\"async\" width=\"720\" height=\"540\" data-id=\"1603\" src=\"https:\/\/charcoalmaking.com\/wp-content\/uploads\/2025\/07\/shisha-charcoal-production-line.webp\" alt=\"linha de produ\u00e7\u00e3o de carv\u00e3o shisha\" class=\"wp-image-1603\" srcset=\"https:\/\/charcoalmaking.com\/wp-content\/uploads\/2025\/07\/shisha-charcoal-production-line.webp 720w, https:\/\/charcoalmaking.com\/wp-content\/uploads\/2025\/07\/shisha-charcoal-production-line-360x270.webp 360w, https:\/\/charcoalmaking.com\/wp-content\/uploads\/2025\/07\/shisha-charcoal-production-line-16x12.webp 16w\" sizes=\"auto, (max-width: 720px) 100vw, 720px\" \/><figcaption class=\"wp-element-caption\">Linha de produ\u00e7\u00e3o de carv\u00e3o para shisha<\/figcaption><\/figure> <\/figure>    <h2 class=\"wp-block-heading\">Escolha m\u00e1quinas Shuliy<\/h2>    <p>Quando se trata de m\u00e1quinas para trabalhar madeira e m\u00e1quinas de carv\u00e3o, escolha Shuliy Machinery como seu parceiro de confian\u00e7a. Com nossa excel\u00eancia tecnol\u00f3gica, presen\u00e7a global, servi\u00e7os de customiza\u00e7\u00e3o, garantia de qualidade, suporte ao cliente e compromisso com a sustentabilidade, somos a escolha ideal para suas necessidades de maquin\u00e1rio. Junte-se \u00e0 nossa lista cada vez maior de clientes satisfeitos e experimente a confiabilidade e o desempenho que nos diferenciam da concorr\u00eancia.<\/p>    <p>Contate-nos hoje para discutir suas necessidades e deixe-nos ajud\u00e1-lo a encontrar a solu\u00e7\u00e3o perfeita para suas necessidades de marcenaria e produ\u00e7\u00e3o de carv\u00e3o.<\/p>    <figure class=\"wp-block-gallery has-nested-images columns-default is-cropped wp-block-gallery-8 is-layout-flex wp-block-gallery-is-layout-flex\"> <figure class=\"wp-block-image size-large\"><img loading=\"lazy\" decoding=\"async\" width=\"720\" height=\"540\" data-id=\"1919\" src=\"https:\/\/charcoalmaking.com\/wp-content\/uploads\/2026\/04\/Yemeni-customers-visit.webp\" alt=\"Clientes iemenitas visitam\" class=\"wp-image-1919\" srcset=\"https:\/\/charcoalmaking.com\/wp-content\/uploads\/2026\/04\/Yemeni-customers-visit.webp 720w, https:\/\/charcoalmaking.com\/wp-content\/uploads\/2026\/04\/Yemeni-customers-visit-360x270.webp 360w, https:\/\/charcoalmaking.com\/wp-content\/uploads\/2026\/04\/Yemeni-customers-visit-16x12.webp 16w\" sizes=\"auto, (max-width: 720px) 100vw, 720px\" \/><figcaption class=\"wp-element-caption\">Clientes iemenitas visitam<\/figcaption><\/figure>    <figure class=\"wp-block-image size-large\"><img loading=\"lazy\" decoding=\"async\" width=\"720\" height=\"540\" data-id=\"1502\" src=\"https:\/\/charcoalmaking.com\/wp-content\/uploads\/2023\/07\/Group-photo-of-us-and-our-clients.webp\" alt=\"Foto em grupo nossa e de nossos clientes\" class=\"wp-image-1502\" srcset=\"https:\/\/charcoalmaking.com\/wp-content\/uploads\/2023\/07\/Group-photo-of-us-and-our-clients.webp 720w, https:\/\/charcoalmaking.com\/wp-content\/uploads\/2023\/07\/Group-photo-of-us-and-our-clients-360x270.webp 360w, https:\/\/charcoalmaking.com\/wp-content\/uploads\/2023\/07\/Group-photo-of-us-and-our-clients-16x12.webp 16w\" sizes=\"auto, (max-width: 720px) 100vw, 720px\" \/><figcaption class=\"wp-element-caption\">Foto de grupo dos nossos clientes e de n\u00f3s<\/figcaption><\/figure>    <figure class=\"wp-block-image size-large\"><img loading=\"lazy\" decoding=\"async\" width=\"720\" height=\"540\" data-id=\"1914\" src=\"https:\/\/charcoalmaking.com\/wp-content\/uploads\/2026\/04\/Nigerian-customers-visit.webp\" alt=\"Clientes nigerianos visitam\" class=\"wp-image-1914\" srcset=\"https:\/\/charcoalmaking.com\/wp-content\/uploads\/2026\/04\/Nigerian-customers-visit.webp 720w, https:\/\/charcoalmaking.com\/wp-content\/uploads\/2026\/04\/Nigerian-customers-visit-360x270.webp 360w, https:\/\/charcoalmaking.com\/wp-content\/uploads\/2026\/04\/Nigerian-customers-visit-16x12.webp 16w\" sizes=\"auto, (max-width: 720px) 100vw, 720px\" \/><figcaption class=\"wp-element-caption\">Clientes nigerianos visitam<\/figcaption><\/figure> <\/figure>","protected":false},"excerpt":{"rendered":"<p>Welcome to Shuliy Machinery, a leading manufacturer of charcoal machines and woodworking machinery based in China. Since our establishment in 2011, we have been dedicated to delivering top-quality equipment and exceptional services to our valued customers worldwide. With our expertise, innovation, and commitment to customer satisfaction, we have gained recognition as a trusted supplier in [&hellip;]<\/p>\n","protected":false},"author":1,"featured_media":0,"parent":0,"menu_order":0,"comment_status":"closed","ping_status":"closed","template":"","meta":{"footnotes":""},"class_list":["post-11","page","type-page","status-publish","hentry"],"_links":{"self":[{"href":"https:\/\/charcoalmaking.com\/pt\/wp-json\/wp\/v2\/pages\/11","targetHints":{"allow":["GET"]}}],"collection":[{"href":"https:\/\/charcoalmaking.com\/pt\/wp-json\/wp\/v2\/pages"}],"about":[{"href":"https:\/\/charcoalmaking.com\/pt\/wp-json\/wp\/v2\/types\/page"}],"author":[{"embeddable":true,"href":"https:\/\/charcoalmaking.com\/pt\/wp-json\/wp\/v2\/users\/1"}],"replies":[{"embeddable":true,"href":"https:\/\/charcoalmaking.com\/pt\/wp-json\/wp\/v2\/comments?post=11"}],"version-history":[{"count":4,"href":"https:\/\/charcoalmaking.com\/pt\/wp-json\/wp\/v2\/pages\/11\/revisions"}],"predecessor-version":[{"id":1928,"href":"https:\/\/charcoalmaking.com\/pt\/wp-json\/wp\/v2\/pages\/11\/revisions\/1928"}],"wp:attachment":[{"href":"https:\/\/charcoalmaking.com\/pt\/wp-json\/wp\/v2\/media?parent=11"}],"curies":[{"name":"wp","href":"https:\/\/api.w.org\/{rel}","templated":true}]}}