{"id":13,"date":"2023-07-12T17:19:37","date_gmt":"2023-07-12T09:19:37","guid":{"rendered":"https:\/\/charcoalmaking.com\/?page_id=13"},"modified":"2025-06-04T17:57:56","modified_gmt":"2025-06-04T09:57:56","slug":"contact-us","status":"publish","type":"page","link":"https:\/\/charcoalmaking.com\/pt\/contact-us\/","title":{"rendered":"Contate-nos"},"content":{"rendered":"<h2 class=\"wp-block-heading\">Visite-nos<\/h2>    <p>No.1394 East Hanghai Road, \u00c1rea de Desenvolvimento Econ\u00f4mico-Tecnol\u00f3gico, Zhengzhou, China<\/p>    <h2 class=\"wp-block-heading\">Ligue para n\u00f3s<\/h2>    <p>+86 19139754781<\/p>    <h2 class=\"wp-block-heading\">WhatsApp<\/h2>    <p>+86 19139754781<\/p>    <h2 class=\"wp-block-heading\">Envie-nos um e-mail<\/h2>    <p>info@charcoalmaking.com<\/p>    <iframe src=\"https:\/\/www.google.com\/maps\/embed?pb=!1m18!1m12!1m3!1d3279.4228507465396!2d113.76858131549582!3d34.71973438970583!2m3!1f0!2f0!3f0!3m2!1i1024!2i768!4f13.1!3m3!1m2!1s0x35d75d5169ef9047%3A0x516c0e10e656ba80!2sZhengshang%20Jingkai%20Plaza!5e0!3m2!1sen!2sus!4v1663041084603!5m2!1sen!2sus\"  style=\"border:0;width:100%;\" allowfullscreen=\"\" loading=\"lazy\" referrerpolicy=\"no-referrer-when-downgrade\"><\/iframe>","protected":false},"excerpt":{"rendered":"<p>Visite-nos No.1394 East Hanghai Road, \u00c1rea de Desenvolvimento Econ\u00f4mico-Tecnol\u00f3gico, Zhengzhou, China Ligue para n\u00f3s +86 19139754781 WhatsApp +86 19139754781 Envie-nos um e-mail info@charcoalmaking.com<\/p>","protected":false},"author":1,"featured_media":0,"parent":0,"menu_order":0,"comment_status":"closed","ping_status":"closed","template":"","meta":{"footnotes":""},"class_list":["post-13","page","type-page","status-publish","hentry"],"_links":{"self":[{"href":"https:\/\/charcoalmaking.com\/pt\/wp-json\/wp\/v2\/pages\/13","targetHints":{"allow":["GET"]}}],"collection":[{"href":"https:\/\/charcoalmaking.com\/pt\/wp-json\/wp\/v2\/pages"}],"about":[{"href":"https:\/\/charcoalmaking.com\/pt\/wp-json\/wp\/v2\/types\/page"}],"author":[{"embeddable":true,"href":"https:\/\/charcoalmaking.com\/pt\/wp-json\/wp\/v2\/users\/1"}],"replies":[{"embeddable":true,"href":"https:\/\/charcoalmaking.com\/pt\/wp-json\/wp\/v2\/comments?post=13"}],"version-history":[{"count":0,"href":"https:\/\/charcoalmaking.com\/pt\/wp-json\/wp\/v2\/pages\/13\/revisions"}],"wp:attachment":[{"href":"https:\/\/charcoalmaking.com\/pt\/wp-json\/wp\/v2\/media?parent=13"}],"curies":[{"name":"wp","href":"https:\/\/api.w.org\/{rel}","templated":true}]}}