{"id":1782,"date":"2025-10-28T16:28:39","date_gmt":"2025-10-28T08:28:39","guid":{"rendered":"https:\/\/charcoalmaking.com\/?page_id=1782"},"modified":"2025-10-28T16:28:43","modified_gmt":"2025-10-28T08:28:43","slug":"invest-in-an-automatic-charcoal-production-line","status":"publish","type":"page","link":"https:\/\/charcoalmaking.com\/pt\/invest-in-an-automatic-charcoal-production-line\/","title":{"rendered":"Por que investir numa linha de produ\u00e7\u00e3o autom\u00e1tica de carv\u00e3o?"},"content":{"rendered":"<p>As f\u00e1bricas tradicionais de carv\u00e3o podem realmente permanecer lucrativas? Existe uma forma mais eficiente e econ\u00f3mica de produzir carv\u00e3o de alta qualidade?<\/p>    <p>As linhas autom\u00e1ticas de produ\u00e7\u00e3o de carv\u00e3o est\u00e3o a emergir como a nova tend\u00eancia na ind\u00fastria global do carv\u00e3o. Permitem \u00e0s empresas alcan\u00e7ar lucros mais elevados com menos m\u00e3o-de-obra e em menos tempo.<\/p>    <figure class=\"wp-block-gallery has-nested-images columns-default is-cropped wp-block-gallery-2 is-layout-flex wp-block-gallery-is-layout-flex\"> <figure class=\"wp-block-image size-large\"><img loading=\"lazy\" decoding=\"async\" width=\"720\" height=\"540\" data-id=\"1706\" src=\"https:\/\/charcoalmaking.com\/wp-content\/uploads\/2023\/07\/Coal-Briquette-Machine.webp\" alt=\"M\u00e1quina de briquetagem de carv\u00e3o\" class=\"wp-image-1706\" srcset=\"https:\/\/charcoalmaking.com\/wp-content\/uploads\/2023\/07\/Coal-Briquette-Machine.webp 720w, https:\/\/charcoalmaking.com\/wp-content\/uploads\/2023\/07\/Coal-Briquette-Machine-360x270.webp 360w, https:\/\/charcoalmaking.com\/wp-content\/uploads\/2023\/07\/Coal-Briquette-Machine-16x12.webp 16w\" sizes=\"auto, (max-width: 720px) 100vw, 720px\" \/><figcaption class=\"wp-element-caption\">M\u00e1quina de briquetagem de carv\u00e3o<\/figcaption><\/figure>    <figure class=\"wp-block-image size-large\"><img loading=\"lazy\" decoding=\"async\" width=\"720\" height=\"540\" data-id=\"157\" src=\"https:\/\/charcoalmaking.com\/wp-content\/uploads\/2023\/07\/charcoal-briquette-making-machine.webp\" alt=\"m\u00e1quina de fazer briquete de carv\u00e3o\" class=\"wp-image-157\" srcset=\"https:\/\/charcoalmaking.com\/wp-content\/uploads\/2023\/07\/charcoal-briquette-making-machine.webp 720w, https:\/\/charcoalmaking.com\/wp-content\/uploads\/2023\/07\/charcoal-briquette-making-machine-360x270.webp 360w\" sizes=\"auto, (max-width: 720px) 100vw, 720px\" \/><figcaption class=\"wp-element-caption\">m\u00e1quina de fazer briquete de carv\u00e3o<\/figcaption><\/figure>    <figure class=\"wp-block-image size-large\"><img loading=\"lazy\" decoding=\"async\" width=\"720\" height=\"540\" data-id=\"156\" src=\"https:\/\/charcoalmaking.com\/wp-content\/uploads\/2023\/07\/charcoal-briquette-machine.webp\" alt=\"m\u00e1quina de briquete de carv\u00e3o de madeira\" class=\"wp-image-156\" srcset=\"https:\/\/charcoalmaking.com\/wp-content\/uploads\/2023\/07\/charcoal-briquette-machine.webp 720w, https:\/\/charcoalmaking.com\/wp-content\/uploads\/2023\/07\/charcoal-briquette-machine-360x270.webp 360w\" sizes=\"auto, (max-width: 720px) 100vw, 720px\" \/><figcaption class=\"wp-element-caption\">m\u00e1quina de briquete de carv\u00e3o de madeira<\/figcaption><\/figure> <\/figure>    <h2 class=\"wp-block-heading\">Composi\u00e7\u00e3o e processo de uma linha de produ\u00e7\u00e3o autom\u00e1tica de carv\u00e3o<\/h2>    <p>Uma linha de produ\u00e7\u00e3o autom\u00e1tica de carv\u00e3o completa geralmente inclui os seguintes equipamentos:<\/p>    <ul class=\"wp-block-list\"> <li><strong>Triturador de madeira:<\/strong> moe mat\u00e9rias-primas como ramos, peda\u00e7os de madeira e palha em part\u00edculas finas para garantir a uniformidade da mat\u00e9ria-prima dos briquetes.<\/li>    <li><strong>Secador de tambor:<\/strong> remove rapidamente o excesso de humidade do p\u00f3 de madeira para garantir uma briquetagem est\u00e1vel e suave.<\/li>    <li><strong>Prensa de briquetes:<\/strong> modela o p\u00f3 de madeira seco em briquetes de alta densidade e tamanho uniforme atrav\u00e9s de extrus\u00e3o a alta press\u00e3o.<\/li>    <li><strong>Forno de carboniza\u00e7\u00e3o: <\/strong>converte briquetes em carv\u00e3o de alta qualidade atrav\u00e9s de carboniza\u00e7\u00e3o a alta temperatura e sem oxig\u00e9nio.<\/li>    <li><strong>M\u00e1quina de embalagem de almofada:<\/strong> completa automaticamente a pesagem, selagem e embalagem, melhorando a apar\u00eancia do carv\u00e3o acabado e facilitando o transporte.<\/li> <\/ul>   <div class=\"wp-block-image\"> <figure class=\"aligncenter size-large\"><img loading=\"lazy\" decoding=\"async\" width=\"720\" height=\"540\" src=\"https:\/\/charcoalmaking.com\/wp-content\/uploads\/2024\/11\/charcoal-processing-line.webp\" alt=\"linha de processamento de carv\u00e3o\" class=\"wp-image-1395\" srcset=\"https:\/\/charcoalmaking.com\/wp-content\/uploads\/2024\/11\/charcoal-processing-line.webp 720w, https:\/\/charcoalmaking.com\/wp-content\/uploads\/2024\/11\/charcoal-processing-line-360x270.webp 360w, https:\/\/charcoalmaking.com\/wp-content\/uploads\/2024\/11\/charcoal-processing-line-16x12.webp 16w\" sizes=\"auto, (max-width: 720px) 100vw, 720px\" \/><figcaption class=\"wp-element-caption\">linha de processamento de carv\u00e3o<\/figcaption><\/figure> <\/div>   <p class=\"translation-block\">Toda a<a href=\"https:\/\/charcoalmaking.com\/pt\/charcoal-production-line\/\" data-type=\"link\" data-id=\"https:\/\/charcoalmaking.com\/charcoal-production-line\/\">linha de produ\u00e7\u00e3o autom\u00e1tica de carv\u00e3o<\/a>realiza alimenta\u00e7\u00e3o autom\u00e1tica, controlo de temperatura e regula\u00e7\u00e3o de velocidade.<br>Requer apenas<strong>2\u20133 operadores<\/strong>para opera\u00e7\u00e3o est\u00e1vel.<\/p>    <h2 class=\"wp-block-heading\">Por que escolher a nossa linha autom\u00e1tica de carv\u00e3o?<\/h2>    <p class=\"translation-block\"><strong>Custos de m\u00e3o-de-obra significativamente reduzidos<\/strong><\/p>    <p class=\"translation-block\">A produ\u00e7\u00e3o tradicional manual de carv\u00e3o requer mais de uma d\u00fazia de trabalhadores a colaborar, enquanto uma linha de produ\u00e7\u00e3o automatizada pode completar todo o processo com apenas<strong>2\u20133 operadores<\/strong>.<\/p>    <p class=\"translation-block\"><strong>A efici\u00eancia de produ\u00e7\u00e3o duplica<\/strong><\/p>    <p>Sistemas de produ\u00e7\u00e3o cont\u00ednua permitem uma opera\u00e7\u00e3o est\u00e1vel, sem ser afetados pelo clima ou pela experi\u00eancia do trabalhador.<\/p>    <p class=\"translation-block\"><strong>Menor consumo de energia e maior aproveitamento de recursos<\/strong><\/p>    <p>Sistemas de secagem e carboniza\u00e7\u00e3o utilizam tecnologia de recupera\u00e7\u00e3o de calor residual, alcan\u00e7ando aproximadamente 30% de poupan\u00e7a de energia em compara\u00e7\u00e3o com processos desatualizados.<\/p>    <figure class=\"wp-block-gallery has-nested-images columns-default is-cropped wp-block-gallery-3 is-layout-flex wp-block-gallery-is-layout-flex\"> <figure class=\"wp-block-image size-large\"><img loading=\"lazy\" decoding=\"async\" width=\"720\" height=\"540\" data-id=\"1102\" src=\"https:\/\/charcoalmaking.com\/wp-content\/uploads\/2023\/07\/bbq-charcoal-machine.jpg\" alt=\"m\u00e1quina de carv\u00e3o para churrasco\" class=\"wp-image-1102\" srcset=\"https:\/\/charcoalmaking.com\/wp-content\/uploads\/2023\/07\/bbq-charcoal-machine.jpg 720w, https:\/\/charcoalmaking.com\/wp-content\/uploads\/2023\/07\/bbq-charcoal-machine-360x270.jpg 360w, https:\/\/charcoalmaking.com\/wp-content\/uploads\/2023\/07\/bbq-charcoal-machine-16x12.jpg 16w\" sizes=\"auto, (max-width: 720px) 100vw, 720px\" \/><figcaption class=\"wp-element-caption\">m\u00e1quina de carv\u00e3o para churrasco<\/figcaption><\/figure>    <figure class=\"wp-block-image size-large\"><img loading=\"lazy\" decoding=\"async\" width=\"1024\" height=\"768\" data-id=\"1101\" src=\"https:\/\/charcoalmaking.com\/wp-content\/uploads\/2023\/07\/bbq-charcoal-briquettes-extruder-machine-1024x768.jpg\" alt=\"m\u00e1quina extrusora de briquetes de carv\u00e3o para churrasco\" class=\"wp-image-1101\" srcset=\"https:\/\/charcoalmaking.com\/wp-content\/uploads\/2023\/07\/bbq-charcoal-briquettes-extruder-machine-1024x768.jpg 1024w, https:\/\/charcoalmaking.com\/wp-content\/uploads\/2023\/07\/bbq-charcoal-briquettes-extruder-machine-720x540.jpg 720w, https:\/\/charcoalmaking.com\/wp-content\/uploads\/2023\/07\/bbq-charcoal-briquettes-extruder-machine-360x270.jpg 360w, https:\/\/charcoalmaking.com\/wp-content\/uploads\/2023\/07\/bbq-charcoal-briquettes-extruder-machine-768x576.jpg 768w, https:\/\/charcoalmaking.com\/wp-content\/uploads\/2023\/07\/bbq-charcoal-briquettes-extruder-machine-1536x1152.jpg 1536w, https:\/\/charcoalmaking.com\/wp-content\/uploads\/2023\/07\/bbq-charcoal-briquettes-extruder-machine-2048x1536.jpg 2048w, https:\/\/charcoalmaking.com\/wp-content\/uploads\/2023\/07\/bbq-charcoal-briquettes-extruder-machine-16x12.jpg 16w\" sizes=\"auto, (max-width: 1024px) 100vw, 1024px\" \/><figcaption class=\"wp-element-caption\">m\u00e1quina extrusora de briquetes de carv\u00e3o para churrasco<\/figcaption><\/figure>    <figure class=\"wp-block-image size-large\"><img loading=\"lazy\" decoding=\"async\" width=\"720\" height=\"540\" data-id=\"777\" src=\"https:\/\/charcoalmaking.com\/wp-content\/uploads\/2023\/08\/charcoal-drying-equipment.webp\" alt=\"equipamento de secagem de carv\u00e3o\" class=\"wp-image-777\" srcset=\"https:\/\/charcoalmaking.com\/wp-content\/uploads\/2023\/08\/charcoal-drying-equipment.webp 720w, https:\/\/charcoalmaking.com\/wp-content\/uploads\/2023\/08\/charcoal-drying-equipment-360x270.webp 360w\" sizes=\"auto, (max-width: 720px) 100vw, 720px\" \/><figcaption class=\"wp-element-caption\">equipamento de secagem de carv\u00e3o<\/figcaption><\/figure> <\/figure>    <p class=\"translation-block\"><strong>Qualidade do produto mais consistente, adequada para mercados de exporta\u00e7\u00e3o<\/strong><\/p>    <p>O controlo automatizado garante uma densidade uniforme do carv\u00e3o e um tempo de queima prolongado, tornando-o ideal para churrascos, aquecimento e aplica\u00e7\u00f5es industriais.<\/p>    <p class=\"translation-block\"><strong>Retorno r\u00e1pido do investimento e margens de lucro elevadas<\/strong><\/p>    <p>Para uma capacidade de produ\u00e7\u00e3o di\u00e1ria de 5 toneladas, com base nos pre\u00e7os atuais do mercado,<br>O investimento pode ser recuperado em aproximadamente 6\u20138 meses com uma margem de lucro bruto de 40%.<\/p>   <div class=\"wp-block-image\"> <figure class=\"aligncenter size-large\"><img loading=\"lazy\" decoding=\"async\" width=\"720\" height=\"540\" src=\"https:\/\/charcoalmaking.com\/wp-content\/uploads\/2023\/07\/charcoal-production-line-1.webp\" alt=\"planta de processamento de carv\u00e3o\" class=\"wp-image-177\" srcset=\"https:\/\/charcoalmaking.com\/wp-content\/uploads\/2023\/07\/charcoal-production-line-1.webp 720w, https:\/\/charcoalmaking.com\/wp-content\/uploads\/2023\/07\/charcoal-production-line-1-360x270.webp 360w\" sizes=\"auto, (max-width: 720px) 100vw, 720px\" \/><figcaption class=\"wp-element-caption\">planta de processamento de carv\u00e3o<\/figcaption><\/figure> <\/div>   <h2 class=\"wp-block-heading\">Conclus\u00e3o<\/h2>    <p>Investir numa linha de produ\u00e7\u00e3o autom\u00e1tica de carv\u00e3o n\u00e3o \u00e9 apenas uma atualiza\u00e7\u00e3o de equipamento \u2014 \u00e9 um passo crucial para aumentar a competitividade da sua empresa. Solu\u00e7\u00f5es inteligentes, energeticamente eficientes e de alto desempenho transformar\u00e3o a sua f\u00e1brica de carv\u00e3o numa instala\u00e7\u00e3o moderna.<\/p>    <p>Por favor, contacte-nos para obter informa\u00e7\u00f5es mais detalhadas sobre a nossa linha de produ\u00e7\u00e3o de carv\u00e3o!<\/p>    <figure class=\"wp-block-embed is-type-wp-embed is-provider-charcoal-machinery wp-block-embed-charcoal-machinery\"><div class=\"wp-block-embed__wrapper\"> <blockquote class=\"wp-embedded-content\" data-secret=\"qFmQ2cIVON\"><a href=\"https:\/\/charcoalmaking.com\/pt\/charcoal-production-line\/\">Linha de produ\u00e7\u00e3o de carv\u00e3o | M\u00e1quina de carv\u00e3o<\/a><\/blockquote><iframe loading=\"lazy\" class=\"wp-embedded-content\" sandbox=\"allow-scripts\" security=\"restricted\" style=\"position: absolute; visibility: hidden;\" title=\"\u201cLinha de Produ\u00e7\u00e3o de Carv\u00e3o | M\u00e1quina de Carv\u00e3o\u201d \u2014 M\u00e1quinas de Carv\u00e3o\" src=\"https:\/\/charcoalmaking.com\/charcoal-production-line\/embed\/#?secret=3RHgQAfKwh#?secret=qFmQ2cIVON\" data-secret=\"qFmQ2cIVON\" width=\"500\" height=\"282\" frameborder=\"0\" marginwidth=\"0\" marginheight=\"0\" scrolling=\"no\"><\/iframe> <\/div><\/figure>","protected":false},"excerpt":{"rendered":"<p>Can traditional charcoal factories truly remain profitable? Is there a more efficient, energy-saving way to produce high-quality charcoal? Automatic charcoal production lines are emerging as the new trend in the global charcoal industry. They enable businesses to achieve higher profits with less labor and in less time. Composition and process of an automatic charcoal production [&hellip;]<\/p>\n","protected":false},"author":1,"featured_media":0,"parent":0,"menu_order":0,"comment_status":"closed","ping_status":"closed","template":"","meta":{"footnotes":""},"class_list":["post-1782","page","type-page","status-publish","hentry"],"_links":{"self":[{"href":"https:\/\/charcoalmaking.com\/pt\/wp-json\/wp\/v2\/pages\/1782","targetHints":{"allow":["GET"]}}],"collection":[{"href":"https:\/\/charcoalmaking.com\/pt\/wp-json\/wp\/v2\/pages"}],"about":[{"href":"https:\/\/charcoalmaking.com\/pt\/wp-json\/wp\/v2\/types\/page"}],"author":[{"embeddable":true,"href":"https:\/\/charcoalmaking.com\/pt\/wp-json\/wp\/v2\/users\/1"}],"replies":[{"embeddable":true,"href":"https:\/\/charcoalmaking.com\/pt\/wp-json\/wp\/v2\/comments?post=1782"}],"version-history":[{"count":0,"href":"https:\/\/charcoalmaking.com\/pt\/wp-json\/wp\/v2\/pages\/1782\/revisions"}],"wp:attachment":[{"href":"https:\/\/charcoalmaking.com\/pt\/wp-json\/wp\/v2\/media?parent=1782"}],"curies":[{"name":"wp","href":"https:\/\/api.w.org\/{rel}","templated":true}]}}