{"id":11,"date":"2023-07-12T17:19:20","date_gmt":"2023-07-12T09:19:20","guid":{"rendered":"https:\/\/charcoalmaking.com\/?page_id=11"},"modified":"2026-04-03T18:00:24","modified_gmt":"2026-04-03T10:00:24","slug":"about-us","status":"publish","type":"page","link":"https:\/\/charcoalmaking.com\/sw\/about-us\/","title":{"rendered":"Om oss"},"content":{"rendered":"<p>Karibu kwenye Shuliy Machinery, mtengenezaji anayeongoza wa mashine za makaa ya mawe na mashine za woodworking zilizoko China. Tangu kuanzishwa kwetu mwaka 2011, tumekuwa tukiweka juhudi katika kutoa vifaa vya hali ya juu na huduma bora kwa wateja wetu wa thamani duniani kote. Kwa utaalamu wetu, uvumbuzi, na kujitolea kwa kuridhika kwa wateja, tumepata kutambuliwa kama msambazaji anayeaminika katika tasnia.<\/p>    <h2 class=\"wp-block-heading\">Ufanisi wa Kiteknolojia<\/h2>    <p>Katika Shuliy Machinery, tunajivunia ubora wetu wa kiteknolojia. Timu yetu ya wahandisi na mafundi wenye ujuzi inabaki mbele ya maendeleo ya sekta ili kuhakikisha kwamba mashine zetu zinajengwa kwa teknolojia ya kisasa. Tunawekeza mara kwa mara katika utafiti na maendeleo, kutuwezesha kutoa suluhisho za kisasa zinazokidhi mahitaji yanayobadilika ya soko. Kwa kukumbatia uvumbuzi, tunatoa mara kwa mara mashine zenye utendaji wa juu zinazoongeza ufanisi na uzalishaji.<\/p>    <figure class=\"wp-block-gallery has-nested-images columns-default is-cropped wp-block-gallery-2 is-layout-flex wp-block-gallery-is-layout-flex\"> <figure class=\"wp-block-image size-large\"><img loading=\"lazy\" decoding=\"async\" width=\"720\" height=\"540\" data-id=\"1820\" src=\"https:\/\/charcoalmaking.com\/wp-content\/uploads\/2025\/11\/Sawdust-briquette-machine.webp\" alt=\"Mashine ya briquette ya vumbi la mbao\" class=\"wp-image-1820\" srcset=\"https:\/\/charcoalmaking.com\/wp-content\/uploads\/2025\/11\/Sawdust-briquette-machine.webp 720w, https:\/\/charcoalmaking.com\/wp-content\/uploads\/2025\/11\/Sawdust-briquette-machine-360x270.webp 360w, https:\/\/charcoalmaking.com\/wp-content\/uploads\/2025\/11\/Sawdust-briquette-machine-16x12.webp 16w\" sizes=\"auto, (max-width: 720px) 100vw, 720px\" \/><figcaption class=\"wp-element-caption\">Mashine ya briquette ya vumbi la mbao<\/figcaption><\/figure>    <figure class=\"wp-block-image size-large\"><img loading=\"lazy\" decoding=\"async\" width=\"720\" height=\"540\" data-id=\"1720\" src=\"https:\/\/charcoalmaking.com\/wp-content\/uploads\/2025\/09\/Continuous-Carbonization-Furnace.webp\" alt=\"Tanuru ya Kabonishaji Endelevu\" class=\"wp-image-1720\" srcset=\"https:\/\/charcoalmaking.com\/wp-content\/uploads\/2025\/09\/Continuous-Carbonization-Furnace.webp 720w, https:\/\/charcoalmaking.com\/wp-content\/uploads\/2025\/09\/Continuous-Carbonization-Furnace-360x270.webp 360w, https:\/\/charcoalmaking.com\/wp-content\/uploads\/2025\/09\/Continuous-Carbonization-Furnace-16x12.webp 16w\" sizes=\"auto, (max-width: 720px) 100vw, 720px\" \/><figcaption class=\"wp-element-caption\">Tanuru ya Kabonishaji Endelevu<\/figcaption><\/figure>    <figure class=\"wp-block-image size-large\"><img loading=\"lazy\" decoding=\"async\" width=\"720\" height=\"540\" data-id=\"1383\" src=\"https:\/\/charcoalmaking.com\/wp-content\/uploads\/2024\/10\/hammer-mill-crusher-will-dust-collector-1.webp\" alt=\"kivunja ya nguruwe itakusanya vumbi\" class=\"wp-image-1383\" srcset=\"https:\/\/charcoalmaking.com\/wp-content\/uploads\/2024\/10\/hammer-mill-crusher-will-dust-collector-1.webp 720w, https:\/\/charcoalmaking.com\/wp-content\/uploads\/2024\/10\/hammer-mill-crusher-will-dust-collector-1-360x270.webp 360w, https:\/\/charcoalmaking.com\/wp-content\/uploads\/2024\/10\/hammer-mill-crusher-will-dust-collector-1-16x12.webp 16w\" sizes=\"auto, (max-width: 720px) 100vw, 720px\" \/><figcaption class=\"wp-element-caption\">kivunja ya nguruwe itakusanya vumbi<\/figcaption><\/figure> <\/figure>    <h2 class=\"wp-block-heading\">Uwepo wa Kimataifa<\/h2>    <p>Under \u00e5ren har v\u00e5r tr\u00e4bearbetningsmaskiner och kolmaskiner blivit popul\u00e4ra \u00f6ver hela v\u00e4rlden. Vi har framg\u00e5ngsrikt exporterat v\u00e5ra produkter till mer \u00e4n 20 l\u00e4nder och regioner, vilket har gett oss f\u00f6rtroende och lojalitet fr\u00e5n kunder v\u00e4rlden \u00f6ver. V\u00e5rt \u00e5tagande att leverera \u00f6verl\u00e4gsen kvalitet och p\u00e5litlighet har gjort det m\u00f6jligt f\u00f6r oss att etablera l\u00e5ngsiktiga partnerskap med kunder som f\u00f6rlitar sig p\u00e5 oss f\u00f6r sina maskinbehov. Oavsett var du befinner dig \u00e4r vi dedikerade att betj\u00e4na dig med excellens och professionalism.<\/p>    <figure class=\"wp-block-gallery has-nested-images columns-default is-cropped wp-block-gallery-3 is-layout-flex wp-block-gallery-is-layout-flex\"> <figure class=\"wp-block-image size-large\"><img loading=\"lazy\" decoding=\"async\" width=\"720\" height=\"540\" data-id=\"1769\" src=\"https:\/\/charcoalmaking.com\/wp-content\/uploads\/2025\/10\/Loading-the-continuous-carbonization-furnace.webp\" alt=\"Loading the continuous carbonization furnace\" class=\"wp-image-1769\" srcset=\"https:\/\/charcoalmaking.com\/wp-content\/uploads\/2025\/10\/Loading-the-continuous-carbonization-furnace.webp 720w, https:\/\/charcoalmaking.com\/wp-content\/uploads\/2025\/10\/Loading-the-continuous-carbonization-furnace-360x270.webp 360w, https:\/\/charcoalmaking.com\/wp-content\/uploads\/2025\/10\/Loading-the-continuous-carbonization-furnace-16x12.webp 16w\" sizes=\"auto, (max-width: 720px) 100vw, 720px\" \/><figcaption class=\"wp-element-caption\">Loading the continuous carbonization furnace<\/figcaption><\/figure>    <figure class=\"wp-block-image size-large\"><img loading=\"lazy\" decoding=\"async\" width=\"720\" height=\"540\" data-id=\"1577\" src=\"https:\/\/charcoalmaking.com\/wp-content\/uploads\/2025\/07\/Wood-Crusher-1.webp\" alt=\"Tr\u00e4 krossare s\u00e5ld till Ghana\" class=\"wp-image-1577\" srcset=\"https:\/\/charcoalmaking.com\/wp-content\/uploads\/2025\/07\/Wood-Crusher-1.webp 720w, https:\/\/charcoalmaking.com\/wp-content\/uploads\/2025\/07\/Wood-Crusher-1-360x270.webp 360w, https:\/\/charcoalmaking.com\/wp-content\/uploads\/2025\/07\/Wood-Crusher-1-16x12.webp 16w\" sizes=\"auto, (max-width: 720px) 100vw, 720px\" \/><figcaption class=\"wp-element-caption\">Tr\u00e4 krossare s\u00e5ld till Ghana<\/figcaption><\/figure>    <figure class=\"wp-block-image size-full\"><img loading=\"lazy\" decoding=\"async\" width=\"720\" height=\"540\" data-id=\"1763\" src=\"https:\/\/charcoalmaking.com\/wp-content\/uploads\/2025\/10\/Continuous-Carbonizing-Machine-Shippment.webp\" alt=\"Skick av kontinuerlig koliseringsmaskin\" class=\"wp-image-1763\" srcset=\"https:\/\/charcoalmaking.com\/wp-content\/uploads\/2025\/10\/Continuous-Carbonizing-Machine-Shippment.webp 720w, https:\/\/charcoalmaking.com\/wp-content\/uploads\/2025\/10\/Continuous-Carbonizing-Machine-Shippment-360x270.webp 360w, https:\/\/charcoalmaking.com\/wp-content\/uploads\/2025\/10\/Continuous-Carbonizing-Machine-Shippment-16x12.webp 16w\" sizes=\"auto, (max-width: 720px) 100vw, 720px\" \/><figcaption class=\"wp-element-caption\">Skick av kontinuerlig koliseringsmaskin<\/figcaption><\/figure> <\/figure>    <h2 class=\"wp-block-heading\">Huduma za Uboreshaji<\/h2>    <p>Vi f\u00f6rst\u00e5r att varje kund har unika krav. D\u00e4rf\u00f6r erbjuder vi omfattande anpassningstj\u00e4nster f\u00f6r att skr\u00e4ddarsy v\u00e5ra maskiner efter dina specifika behov. V\u00e5rt erfarna team arbetar n\u00e4ra dig f\u00f6r att f\u00f6rst\u00e5 dina produktionsm\u00e5l, utrymmesbegr\u00e4nsningar och budgetbegr\u00e4nsningar. Med denna information designar och tillverkar vi maskiner som exakt uppfyller dina specifikationer. Oavsett om du beh\u00f6ver modifieringar av en befintlig modell eller en helt ny l\u00f6sning, \u00e4r vi h\u00e4r f\u00f6r att f\u00f6rverkliga din vision.<\/p>    <figure class=\"wp-block-gallery has-nested-images columns-default is-cropped wp-block-gallery-4 is-layout-flex wp-block-gallery-is-layout-flex\"> <figure class=\"wp-block-image size-large\"><img loading=\"lazy\" decoding=\"async\" width=\"720\" height=\"540\" data-id=\"1814\" src=\"https:\/\/charcoalmaking.com\/wp-content\/uploads\/2025\/11\/Coal-Briquette-Extruder.webp\" alt=\"Kichapishaji cha Briquette cha Makaa ya Mawe\" class=\"wp-image-1814\" srcset=\"https:\/\/charcoalmaking.com\/wp-content\/uploads\/2025\/11\/Coal-Briquette-Extruder.webp 720w, https:\/\/charcoalmaking.com\/wp-content\/uploads\/2025\/11\/Coal-Briquette-Extruder-360x270.webp 360w, https:\/\/charcoalmaking.com\/wp-content\/uploads\/2025\/11\/Coal-Briquette-Extruder-16x12.webp 16w\" sizes=\"auto, (max-width: 720px) 100vw, 720px\" \/><figcaption class=\"wp-element-caption\">Kichapishaji cha Briquette cha Makaa ya Mawe<\/figcaption><\/figure>    <figure class=\"wp-block-image size-large\"><img loading=\"lazy\" decoding=\"async\" width=\"720\" height=\"540\" data-id=\"1816\" src=\"https:\/\/charcoalmaking.com\/wp-content\/uploads\/2025\/11\/Coal-Briquette-Machine-Mold.webp\" alt=\"Mold ya Mashine ya Kutoa Makaa ya Mawe\" class=\"wp-image-1816\" srcset=\"https:\/\/charcoalmaking.com\/wp-content\/uploads\/2025\/11\/Coal-Briquette-Machine-Mold.webp 720w, https:\/\/charcoalmaking.com\/wp-content\/uploads\/2025\/11\/Coal-Briquette-Machine-Mold-360x270.webp 360w, https:\/\/charcoalmaking.com\/wp-content\/uploads\/2025\/11\/Coal-Briquette-Machine-Mold-16x12.webp 16w\" sizes=\"auto, (max-width: 720px) 100vw, 720px\" \/><figcaption class=\"wp-element-caption\">Mold ya Mashine ya Kutoa Makaa ya Mawe<\/figcaption><\/figure>    <figure class=\"wp-block-image size-large\"><img loading=\"lazy\" decoding=\"async\" width=\"720\" height=\"540\" data-id=\"1710\" src=\"https:\/\/charcoalmaking.com\/wp-content\/uploads\/2023\/07\/Shipping-of-briquette-production-line.webp\" alt=\"Usafirishaji wa mstari wa uzalishaji wa briquette\" class=\"wp-image-1710\" srcset=\"https:\/\/charcoalmaking.com\/wp-content\/uploads\/2023\/07\/Shipping-of-briquette-production-line.webp 720w, https:\/\/charcoalmaking.com\/wp-content\/uploads\/2023\/07\/Shipping-of-briquette-production-line-360x270.webp 360w, https:\/\/charcoalmaking.com\/wp-content\/uploads\/2023\/07\/Shipping-of-briquette-production-line-16x12.webp 16w\" sizes=\"auto, (max-width: 720px) 100vw, 720px\" \/><figcaption class=\"wp-element-caption\">Usafirishaji wa mstari wa uzalishaji wa briquette<\/figcaption><\/figure> <\/figure>    <h2 class=\"wp-block-heading\">Kvalitetss\u00e4kring<\/h2>    <p>Kvalitet \u00e4r v\u00e5r h\u00f6gsta prioritet p\u00e5 Shuliy Machinery. Vi f\u00f6ljer strikta kvalitetskontroll\u00e5tg\u00e4rder under hela tillverkningsprocessen, vilket s\u00e4kerst\u00e4ller att varje maskin som l\u00e4mnar v\u00e5r anl\u00e4ggning uppfyller de h\u00f6gsta standarderna. Vi h\u00e4mtar material av h\u00f6gsta kvalitet fr\u00e5n p\u00e5litliga leverant\u00f6rer och anv\u00e4nder avancerade tillverkningstekniker f\u00f6r att skapa robust och h\u00e5llbar utrustning. V\u00e5rt \u00e5tagande f\u00f6r kvalitet str\u00e4cker sig till rigor\u00f6sa test- och inspektionsprocedurer, vilket garanterar prestanda, s\u00e4kerhet och l\u00e5ng livsl\u00e4ngd f\u00f6r v\u00e5ra maskiner.<\/p>    <figure class=\"wp-block-gallery has-nested-images columns-default is-cropped wp-block-gallery-5 is-layout-flex wp-block-gallery-is-layout-flex\"> <figure class=\"wp-block-image size-large\"><img loading=\"lazy\" decoding=\"async\" width=\"540\" height=\"720\" data-id=\"1847\" src=\"https:\/\/charcoalmaking.com\/wp-content\/uploads\/2025\/12\/Charcoal-Dryer-Insulation-Layer.webp\" alt=\"Tabaka la Insulation la Kukausha Makaa ya Mawe\" class=\"wp-image-1847\" srcset=\"https:\/\/charcoalmaking.com\/wp-content\/uploads\/2025\/12\/Charcoal-Dryer-Insulation-Layer.webp 540w, https:\/\/charcoalmaking.com\/wp-content\/uploads\/2025\/12\/Charcoal-Dryer-Insulation-Layer-405x540.webp 405w, https:\/\/charcoalmaking.com\/wp-content\/uploads\/2025\/12\/Charcoal-Dryer-Insulation-Layer-9x12.webp 9w\" sizes=\"auto, (max-width: 540px) 100vw, 540px\" \/><figcaption class=\"wp-element-caption\">Tabaka la Insulation la Kukausha Makaa ya Mawe<\/figcaption><\/figure>    <figure class=\"wp-block-image size-large\"><img loading=\"lazy\" decoding=\"async\" width=\"540\" height=\"720\" data-id=\"1719\" src=\"https:\/\/charcoalmaking.com\/wp-content\/uploads\/2025\/09\/Continuous-Carbonization-Furnace-Main-Unit.webp\" alt=\"Kifaa Kuu cha Tanuru ya Kuoka Maganda ya Nazi Inayoendelea\" class=\"wp-image-1719\" srcset=\"https:\/\/charcoalmaking.com\/wp-content\/uploads\/2025\/09\/Continuous-Carbonization-Furnace-Main-Unit.webp 540w, https:\/\/charcoalmaking.com\/wp-content\/uploads\/2025\/09\/Continuous-Carbonization-Furnace-Main-Unit-405x540.webp 405w, https:\/\/charcoalmaking.com\/wp-content\/uploads\/2025\/09\/Continuous-Carbonization-Furnace-Main-Unit-9x12.webp 9w\" sizes=\"auto, (max-width: 540px) 100vw, 540px\" \/><figcaption class=\"wp-element-caption\">Kifaa Kuu cha Tanuru ya Kuoka Maganda ya Nazi Inayoendelea<\/figcaption><\/figure>    <figure class=\"wp-block-image size-large\"><img loading=\"lazy\" decoding=\"async\" width=\"540\" height=\"720\" data-id=\"1723\" src=\"https:\/\/charcoalmaking.com\/wp-content\/uploads\/2025\/09\/Distribution-Panel.webp\" alt=\"Paneli ya Usambazaji\" class=\"wp-image-1723\" srcset=\"https:\/\/charcoalmaking.com\/wp-content\/uploads\/2025\/09\/Distribution-Panel.webp 540w, https:\/\/charcoalmaking.com\/wp-content\/uploads\/2025\/09\/Distribution-Panel-405x540.webp 405w, https:\/\/charcoalmaking.com\/wp-content\/uploads\/2025\/09\/Distribution-Panel-9x12.webp 9w\" sizes=\"auto, (max-width: 540px) 100vw, 540px\" \/><figcaption class=\"wp-element-caption\">Paneli ya Usambazaji<\/figcaption><\/figure> <\/figure>    <h2 class=\"wp-block-heading\">Kundsupport<\/h2>    <p>Katika Shuliy Machinery, tunaamini katika kutoa msaada bora kwa wateja. Timu yetu iliyojitolea iko tayari kila wakati kushughulikia maswali yako, kutoa msaada wa kiufundi, na kutoa suluhisho za haraka kwa wasiwasi wowote ulionao. Tunathamini kuridhika kwa wateja wetu na tunajitahidi kuzidi matarajio yao katika kila hatua ya mchakato. Kuanzia ushauri wa awali hadi msaada baada ya mauzo, tumejizatiti kujenga uhusiano wa kudumu unaotegemea uaminifu, uwazi, na uaminifu.<\/p>    <figure class=\"wp-block-gallery has-nested-images columns-default is-cropped wp-block-gallery-6 is-layout-flex wp-block-gallery-is-layout-flex\"> <figure class=\"wp-block-image size-large\"><img loading=\"lazy\" decoding=\"async\" width=\"720\" height=\"540\" data-id=\"1449\" src=\"https:\/\/charcoalmaking.com\/wp-content\/uploads\/2024\/11\/automatic-wood-processing-machine.webp\" alt=\"automatisk tr\u00e4bearbetningsmaskin\" class=\"wp-image-1449\" srcset=\"https:\/\/charcoalmaking.com\/wp-content\/uploads\/2024\/11\/automatic-wood-processing-machine.webp 720w, https:\/\/charcoalmaking.com\/wp-content\/uploads\/2024\/11\/automatic-wood-processing-machine-360x270.webp 360w, https:\/\/charcoalmaking.com\/wp-content\/uploads\/2024\/11\/automatic-wood-processing-machine-16x12.webp 16w\" sizes=\"auto, (max-width: 720px) 100vw, 720px\" \/><figcaption class=\"wp-element-caption\">automatisk tr\u00e4bearbetningsmaskin<\/figcaption><\/figure>    <figure class=\"wp-block-image size-large\"><img loading=\"lazy\" decoding=\"async\" width=\"720\" height=\"540\" data-id=\"1381\" src=\"https:\/\/charcoalmaking.com\/wp-content\/uploads\/2024\/10\/hammer-mill-crusher-will-dust-collector.webp\" alt=\"kivunja ya nguruwe itakusanya vumbi\" class=\"wp-image-1381\" srcset=\"https:\/\/charcoalmaking.com\/wp-content\/uploads\/2024\/10\/hammer-mill-crusher-will-dust-collector.webp 720w, https:\/\/charcoalmaking.com\/wp-content\/uploads\/2024\/10\/hammer-mill-crusher-will-dust-collector-360x270.webp 360w, https:\/\/charcoalmaking.com\/wp-content\/uploads\/2024\/10\/hammer-mill-crusher-will-dust-collector-16x12.webp 16w\" sizes=\"auto, (max-width: 720px) 100vw, 720px\" \/><figcaption class=\"wp-element-caption\">kivunja ya nguruwe itakusanya vumbi<\/figcaption><\/figure>    <figure class=\"wp-block-image size-large\"><img loading=\"lazy\" decoding=\"async\" width=\"720\" height=\"540\" data-id=\"1450\" src=\"https:\/\/charcoalmaking.com\/wp-content\/uploads\/2024\/11\/powerful-magnetic-suction-device.webp\" alt=\"Kifaa chenye nguvu cha kunasa sumaku.\" class=\"wp-image-1450\" srcset=\"https:\/\/charcoalmaking.com\/wp-content\/uploads\/2024\/11\/powerful-magnetic-suction-device.webp 720w, https:\/\/charcoalmaking.com\/wp-content\/uploads\/2024\/11\/powerful-magnetic-suction-device-360x270.webp 360w, https:\/\/charcoalmaking.com\/wp-content\/uploads\/2024\/11\/powerful-magnetic-suction-device-16x12.webp 16w\" sizes=\"auto, (max-width: 720px) 100vw, 720px\" \/><figcaption class=\"wp-element-caption\">Kifaa chenye nguvu cha kunasa sumaku.<\/figcaption><\/figure> <\/figure>    <h2 class=\"wp-block-heading\">H\u00e5llbarhet<\/h2>    <p>Som ett milj\u00f6medvetet f\u00f6retag prioriterar vi h\u00e5llbarhet i v\u00e5r verksamhet. V\u00e5ra maskiner \u00e4r utformade f\u00f6r att maximera energieffektiviteten och minimera avfallet, vilket bidrar till en gr\u00f6nare och mer h\u00e5llbar framtid. Vi \u00e4r engagerade i att anta milj\u00f6v\u00e4nliga metoder, minska v\u00e5rt koldioxidavtryck och fr\u00e4mja ansvarsfulla tillverkningsprocesser.<\/p>    <figure class=\"wp-block-gallery has-nested-images columns-default is-cropped wp-block-gallery-7 is-layout-flex wp-block-gallery-is-layout-flex\"> <figure class=\"wp-block-image size-large\"><img loading=\"lazy\" decoding=\"async\" width=\"720\" height=\"540\" data-id=\"1554\" src=\"https:\/\/charcoalmaking.com\/wp-content\/uploads\/2025\/07\/Charcoal-Briquettes-Production-Line.webp\" alt=\"Linje ya Uzalishaji wa Briquettes za Makaa\" class=\"wp-image-1554\" srcset=\"https:\/\/charcoalmaking.com\/wp-content\/uploads\/2025\/07\/Charcoal-Briquettes-Production-Line.webp 720w, https:\/\/charcoalmaking.com\/wp-content\/uploads\/2025\/07\/Charcoal-Briquettes-Production-Line-360x270.webp 360w, https:\/\/charcoalmaking.com\/wp-content\/uploads\/2025\/07\/Charcoal-Briquettes-Production-Line-16x12.webp 16w\" sizes=\"auto, (max-width: 720px) 100vw, 720px\" \/><figcaption class=\"wp-element-caption\">Linje ya Uzalishaji wa Briquettes za Makaa<\/figcaption><\/figure>    <figure class=\"wp-block-image size-large\"><img loading=\"lazy\" decoding=\"async\" width=\"720\" height=\"540\" data-id=\"1603\" src=\"https:\/\/charcoalmaking.com\/wp-content\/uploads\/2025\/07\/shisha-charcoal-production-line.webp\" alt=\"linja ya uzalishaji wa makaa ya shisha\" class=\"wp-image-1603\" srcset=\"https:\/\/charcoalmaking.com\/wp-content\/uploads\/2025\/07\/shisha-charcoal-production-line.webp 720w, https:\/\/charcoalmaking.com\/wp-content\/uploads\/2025\/07\/shisha-charcoal-production-line-360x270.webp 360w, https:\/\/charcoalmaking.com\/wp-content\/uploads\/2025\/07\/shisha-charcoal-production-line-16x12.webp 16w\" sizes=\"auto, (max-width: 720px) 100vw, 720px\" \/><figcaption class=\"wp-element-caption\">Shisha-koalningsproduktionslinje<\/figcaption><\/figure> <\/figure>    <h2 class=\"wp-block-heading\">V\u00e4lj Shuliy Maskiner<\/h2>    <p>N\u00e4r det g\u00e4ller tr\u00e4bearbetningsmaskiner och kolmaskiner, v\u00e4lj Shuliy Machinery som din p\u00e5litliga partner. Med v\u00e5r teknologiska excellens, globala n\u00e4rvaro, anpassningstj\u00e4nster, kvalitetsgaranti, kundsupport och engagemang f\u00f6r h\u00e5llbarhet, \u00e4r vi det ideala valet f\u00f6r dina maskinbehov. G\u00e5 med i v\u00e5r st\u00e4ndigt v\u00e4xande lista av n\u00f6jda kunder och upplev den p\u00e5litlighet och prestanda som skiljer oss fr\u00e5n konkurrensen.<\/p>    <p>Kontakta oss idag f\u00f6r att diskutera dina krav och l\u00e5t oss hj\u00e4lpa dig att hitta den perfekta l\u00f6sningen f\u00f6r dina behov inom tr\u00e4bearbetning och kolproduktion.<\/p>    <figure class=\"wp-block-gallery has-nested-images columns-default is-cropped wp-block-gallery-8 is-layout-flex wp-block-gallery-is-layout-flex\"> <figure class=\"wp-block-image size-large\"><img loading=\"lazy\" decoding=\"async\" width=\"720\" height=\"540\" data-id=\"1919\" src=\"https:\/\/charcoalmaking.com\/wp-content\/uploads\/2026\/04\/Yemeni-customers-visit.webp\" alt=\"Wateja wa Yemen wanatembelea\" class=\"wp-image-1919\" srcset=\"https:\/\/charcoalmaking.com\/wp-content\/uploads\/2026\/04\/Yemeni-customers-visit.webp 720w, https:\/\/charcoalmaking.com\/wp-content\/uploads\/2026\/04\/Yemeni-customers-visit-360x270.webp 360w, https:\/\/charcoalmaking.com\/wp-content\/uploads\/2026\/04\/Yemeni-customers-visit-16x12.webp 16w\" sizes=\"auto, (max-width: 720px) 100vw, 720px\" \/><figcaption class=\"wp-element-caption\">Wateja wa Yemen wanatembelea<\/figcaption><\/figure>    <figure class=\"wp-block-image size-large\"><img loading=\"lazy\" decoding=\"async\" width=\"720\" height=\"540\" data-id=\"1502\" src=\"https:\/\/charcoalmaking.com\/wp-content\/uploads\/2023\/07\/Group-photo-of-us-and-our-clients.webp\" alt=\"Gruppfoto av oss och v\u00e5ra kunder\" class=\"wp-image-1502\" srcset=\"https:\/\/charcoalmaking.com\/wp-content\/uploads\/2023\/07\/Group-photo-of-us-and-our-clients.webp 720w, https:\/\/charcoalmaking.com\/wp-content\/uploads\/2023\/07\/Group-photo-of-us-and-our-clients-360x270.webp 360w, https:\/\/charcoalmaking.com\/wp-content\/uploads\/2023\/07\/Group-photo-of-us-and-our-clients-16x12.webp 16w\" sizes=\"auto, (max-width: 720px) 100vw, 720px\" \/><figcaption class=\"wp-element-caption\">Picha ya kikundi cha wateja wetu na sisi<\/figcaption><\/figure>    <figure class=\"wp-block-image size-large\"><img loading=\"lazy\" decoding=\"async\" width=\"720\" height=\"540\" data-id=\"1914\" src=\"https:\/\/charcoalmaking.com\/wp-content\/uploads\/2026\/04\/Nigerian-customers-visit.webp\" alt=\"Wateja wa Nigeria wanatembelea\" class=\"wp-image-1914\" srcset=\"https:\/\/charcoalmaking.com\/wp-content\/uploads\/2026\/04\/Nigerian-customers-visit.webp 720w, https:\/\/charcoalmaking.com\/wp-content\/uploads\/2026\/04\/Nigerian-customers-visit-360x270.webp 360w, https:\/\/charcoalmaking.com\/wp-content\/uploads\/2026\/04\/Nigerian-customers-visit-16x12.webp 16w\" sizes=\"auto, (max-width: 720px) 100vw, 720px\" \/><figcaption class=\"wp-element-caption\">Wateja wa Nigeria wanatembelea<\/figcaption><\/figure> <\/figure>","protected":false},"excerpt":{"rendered":"<p>Welcome to Shuliy Machinery, a leading manufacturer of charcoal machines and woodworking machinery based in China. Since our establishment in 2011, we have been dedicated to delivering top-quality equipment and exceptional services to our valued customers worldwide. With our expertise, innovation, and commitment to customer satisfaction, we have gained recognition as a trusted supplier in [&hellip;]<\/p>\n","protected":false},"author":1,"featured_media":0,"parent":0,"menu_order":0,"comment_status":"closed","ping_status":"closed","template":"","meta":{"footnotes":""},"class_list":["post-11","page","type-page","status-publish","hentry"],"_links":{"self":[{"href":"https:\/\/charcoalmaking.com\/sw\/wp-json\/wp\/v2\/pages\/11","targetHints":{"allow":["GET"]}}],"collection":[{"href":"https:\/\/charcoalmaking.com\/sw\/wp-json\/wp\/v2\/pages"}],"about":[{"href":"https:\/\/charcoalmaking.com\/sw\/wp-json\/wp\/v2\/types\/page"}],"author":[{"embeddable":true,"href":"https:\/\/charcoalmaking.com\/sw\/wp-json\/wp\/v2\/users\/1"}],"replies":[{"embeddable":true,"href":"https:\/\/charcoalmaking.com\/sw\/wp-json\/wp\/v2\/comments?post=11"}],"version-history":[{"count":4,"href":"https:\/\/charcoalmaking.com\/sw\/wp-json\/wp\/v2\/pages\/11\/revisions"}],"predecessor-version":[{"id":1928,"href":"https:\/\/charcoalmaking.com\/sw\/wp-json\/wp\/v2\/pages\/11\/revisions\/1928"}],"wp:attachment":[{"href":"https:\/\/charcoalmaking.com\/sw\/wp-json\/wp\/v2\/media?parent=11"}],"curies":[{"name":"wp","href":"https:\/\/api.w.org\/{rel}","templated":true}]}}