{"id":13,"date":"2023-07-12T17:19:37","date_gmt":"2023-07-12T09:19:37","guid":{"rendered":"https:\/\/charcoalmaking.com\/?page_id=13"},"modified":"2025-06-04T17:57:56","modified_gmt":"2025-06-04T09:57:56","slug":"contact-us","status":"publish","type":"page","link":"https:\/\/charcoalmaking.com\/vi\/contact-us\/","title":{"rendered":"Li\u00ean h\u1ec7 v\u1edbi ch\u00fang t\u00f4i"},"content":{"rendered":"<h2 class=\"wp-block-heading\">Gh\u00e9 th\u0103m ch\u00fang t\u00f4i<\/h2>    <p>S\u1ed1 1394 \u0110\u01b0\u1eddng \u0110\u00f4ng H\u00e0ng H\u1ea3i, Khu Ph\u00e1t tri\u1ec3n Kinh t\u1ebf - C\u00f4ng ngh\u1ec7, Tr\u1eebng Ch\u00e2u, Trung Qu\u1ed1c<\/p>    <h2 class=\"wp-block-heading\">G\u1ecdi cho ch\u00fang t\u00f4i<\/h2>    <p>+86 19139754781<\/p>    <h2 class=\"wp-block-heading\">WhatsApp<\/h2>    <p>+86 19139754781<\/p>    <h2 class=\"wp-block-heading\">G\u1eedi th\u01b0 cho ch\u00fang t\u00f4i<\/h2>    <p>info@charcoalmaking.com<\/p>    <iframe src=\"https:\/\/www.google.com\/maps\/embed?pb=!1m18!1m12!1m3!1d3279.4228507465396!2d113.76858131549582!3d34.71973438970583!2m3!1f0!2f0!3f0!3m2!1i1024!2i768!4f13.1!3m3!1m2!1s0x35d75d5169ef9047%3A0x516c0e10e656ba80!2sZhengshang%20Jingkai%20Plaza!5e0!3m2!1sen!2sus!4v1663041084603!5m2!1sen!2sus\"  style=\"border:0;width:100%;\" allowfullscreen=\"\" loading=\"lazy\" referrerpolicy=\"no-referrer-when-downgrade\"><\/iframe>","protected":false},"excerpt":{"rendered":"<p>Gh\u00e9 th\u0103m ch\u00fang t\u00f4i S\u1ed1 1394 \u0110\u01b0\u1eddng \u0110\u00f4ng Hanghai, Khu ph\u00e1t tri\u1ec3n kinh t\u1ebf-c\u00f4ng ngh\u1ec7, Tr\u1ecbnh Ch\u00e2u, Trung Qu\u1ed1c G\u1ecdi cho ch\u00fang t\u00f4i +86 19139754781 WhatsApp +86 19139754781 G\u1eedi th\u01b0 cho ch\u00fang t\u00f4i info@charcoalmaking.com<\/p>","protected":false},"author":1,"featured_media":0,"parent":0,"menu_order":0,"comment_status":"closed","ping_status":"closed","template":"","meta":{"footnotes":""},"class_list":["post-13","page","type-page","status-publish","hentry"],"_links":{"self":[{"href":"https:\/\/charcoalmaking.com\/vi\/wp-json\/wp\/v2\/pages\/13","targetHints":{"allow":["GET"]}}],"collection":[{"href":"https:\/\/charcoalmaking.com\/vi\/wp-json\/wp\/v2\/pages"}],"about":[{"href":"https:\/\/charcoalmaking.com\/vi\/wp-json\/wp\/v2\/types\/page"}],"author":[{"embeddable":true,"href":"https:\/\/charcoalmaking.com\/vi\/wp-json\/wp\/v2\/users\/1"}],"replies":[{"embeddable":true,"href":"https:\/\/charcoalmaking.com\/vi\/wp-json\/wp\/v2\/comments?post=13"}],"version-history":[{"count":0,"href":"https:\/\/charcoalmaking.com\/vi\/wp-json\/wp\/v2\/pages\/13\/revisions"}],"wp:attachment":[{"href":"https:\/\/charcoalmaking.com\/vi\/wp-json\/wp\/v2\/media?parent=13"}],"curies":[{"name":"wp","href":"https:\/\/api.w.org\/{rel}","templated":true}]}}