{"id":1782,"date":"2025-10-28T16:28:39","date_gmt":"2025-10-28T08:28:39","guid":{"rendered":"https:\/\/charcoalmaking.com\/?page_id=1782"},"modified":"2025-10-28T16:28:43","modified_gmt":"2025-10-28T08:28:43","slug":"invest-in-an-automatic-charcoal-production-line","status":"publish","type":"page","link":"https:\/\/charcoalmaking.com\/vi\/invest-in-an-automatic-charcoal-production-line\/","title":{"rendered":"T\u1ea1i sao \u0110\u1ea7u t\u01b0 v\u00e0o D\u00f2ng S\u1ea3n xu\u1ea5t Than Ho\u1ea1t t\u00ednh T\u1ef1 \u0111\u1ed9ng?"},"content":{"rendered":"<p>C\u00e1c nh\u00e0 m\u00e1y than truy\u1ec1n th\u1ed1ng c\u00f3 th\u1eadt s\u1ef1 v\u1eabn c\u00f2n l\u1ee3i nhu\u1eadn kh\u00f4ng? C\u00f3 c\u00e1ch s\u1ea3n xu\u1ea5t than ch\u1ea5t l\u01b0\u1ee3ng cao hi\u1ec7u qu\u1ea3 h\u01a1n v\u00e0 ti\u1ebft ki\u1ec7m n\u0103ng l\u01b0\u1ee3ng h\u01a1n kh\u00f4ng?<\/p>    <p>C\u00e1c d\u00f2ng s\u1ea3n xu\u1ea5t than ho\u1ea1t t\u00ednh t\u1ef1 \u0111\u1ed9ng \u0111ang n\u1ed5i l\u00ean nh\u01b0 xu h\u01b0\u1edbng m\u1edbi trong ng\u00e0nh than to\u00e0n c\u1ea7u. Ch\u00fang gi\u00fap doanh nghi\u1ec7p \u0111\u1ea1t l\u1ee3i nhu\u1eadn cao h\u01a1n v\u1edbi \u00edt lao \u0111\u1ed9ng v\u00e0 th\u1eddi gian ng\u1eafn h\u01a1n.<\/p>    <figure class=\"wp-block-gallery has-nested-images columns-default is-cropped wp-block-gallery-2 is-layout-flex wp-block-gallery-is-layout-flex\"> <figure class=\"wp-block-image size-large\"><img loading=\"lazy\" decoding=\"async\" width=\"720\" height=\"540\" data-id=\"1706\" src=\"https:\/\/charcoalmaking.com\/wp-content\/uploads\/2023\/07\/Coal-Briquette-Machine.webp\" alt=\"M\u00e1y l\u00e0m than b\u00e1nh\" class=\"wp-image-1706\" srcset=\"https:\/\/charcoalmaking.com\/wp-content\/uploads\/2023\/07\/Coal-Briquette-Machine.webp 720w, https:\/\/charcoalmaking.com\/wp-content\/uploads\/2023\/07\/Coal-Briquette-Machine-360x270.webp 360w, https:\/\/charcoalmaking.com\/wp-content\/uploads\/2023\/07\/Coal-Briquette-Machine-16x12.webp 16w\" sizes=\"auto, (max-width: 720px) 100vw, 720px\" \/><figcaption class=\"wp-element-caption\">M\u00e1y l\u00e0m than b\u00e1nh<\/figcaption><\/figure>    <figure class=\"wp-block-image size-large\"><img loading=\"lazy\" decoding=\"async\" width=\"720\" height=\"540\" data-id=\"157\" src=\"https:\/\/charcoalmaking.com\/wp-content\/uploads\/2023\/07\/charcoal-briquette-making-machine.webp\" alt=\"m\u00e1y l\u00e0m than b\u00e1nh than\" class=\"wp-image-157\" srcset=\"https:\/\/charcoalmaking.com\/wp-content\/uploads\/2023\/07\/charcoal-briquette-making-machine.webp 720w, https:\/\/charcoalmaking.com\/wp-content\/uploads\/2023\/07\/charcoal-briquette-making-machine-360x270.webp 360w\" sizes=\"auto, (max-width: 720px) 100vw, 720px\" \/><figcaption class=\"wp-element-caption\">m\u00e1y l\u00e0m than b\u00e1nh than<\/figcaption><\/figure>    <figure class=\"wp-block-image size-large\"><img loading=\"lazy\" decoding=\"async\" width=\"720\" height=\"540\" data-id=\"156\" src=\"https:\/\/charcoalmaking.com\/wp-content\/uploads\/2023\/07\/charcoal-briquette-machine.webp\" alt=\"m\u00e1y l\u00e0m than c\u1ee7i g\u1ed7\" class=\"wp-image-156\" srcset=\"https:\/\/charcoalmaking.com\/wp-content\/uploads\/2023\/07\/charcoal-briquette-machine.webp 720w, https:\/\/charcoalmaking.com\/wp-content\/uploads\/2023\/07\/charcoal-briquette-machine-360x270.webp 360w\" sizes=\"auto, (max-width: 720px) 100vw, 720px\" \/><figcaption class=\"wp-element-caption\">m\u00e1y l\u00e0m than c\u1ee7i g\u1ed7<\/figcaption><\/figure> <\/figure>    <h2 class=\"wp-block-heading\">C\u1ea5u t\u1ea1o v\u00e0 qu\u00e1 tr\u00ecnh c\u1ee7a m\u1ed9t d\u00f2ng s\u1ea3n xu\u1ea5t than ho\u1ea1t t\u00ednh t\u1ef1 \u0111\u1ed9ng<\/h2>    <p>M\u1ed9t d\u00f2ng s\u1ea3n xu\u1ea5t than ho\u1ea1t t\u00ednh t\u1ef1 \u0111\u1ed9ng ho\u00e0n ch\u1ec9nh th\u01b0\u1eddng bao g\u1ed3m c\u00e1c thi\u1ebft b\u1ecb sau:<\/p>    <ul class=\"wp-block-list\"> <li><strong>M\u00e1y nghi\u1ec1n g\u1ed7:<\/strong> nghi\u1ec1n nguy\u00ean li\u1ec7u th\u00f4 nh\u01b0 c\u00e0nh c\u00e2y, kh\u00fac g\u1ed7, r\u01a1m th\u00e0nh c\u00e1c h\u1ea1t m\u1ecbn \u0111\u1ec3 \u0111\u1ea3m b\u1ea3o \u0111\u1ed9 \u0111\u1ed3ng \u0111\u1ec1u c\u1ee7a nguy\u00ean li\u1ec7u vi\u00ean n\u00e9n<\/li>    <li><strong>M\u00e1y s\u1ea5y tr\u1ed1ng:<\/strong> lo\u1ea1i b\u1ecf nhanh ch\u00f3ng \u0111\u1ed9 \u1ea9m d\u01b0 th\u1eeba kh\u1ecfi b\u1ed9t g\u1ed7 \u0111\u1ec3 \u0111\u1ea3m b\u1ea3o qu\u00e1 tr\u00ecnh \u00e9p vi\u00ean \u1ed5n \u0111\u1ecbnh v\u00e0 m\u01b0\u1ee3t m\u00e0<\/li>    <li><strong>M\u00e1y \u00e9p vi\u00ean:<\/strong> \u0111\u1ecbnh h\u00ecnh b\u1ed9t g\u1ed7 kh\u00f4 th\u00e0nh vi\u00ean n\u00e9n d\u00e0y \u0111\u1eb7c, k\u00edch th\u01b0\u1edbc \u0111\u1ed3ng \u0111\u1ec1u qua qu\u00e1 tr\u00ecnh \u00e9p \u0111\u00f9n \u00e1p l\u1ef1c cao<\/li>    <li><strong>L\u00f2 nung cacbon h\u00f3a: <\/strong>chuy\u1ec3n \u0111\u1ed5i vi\u00ean n\u00e9n th\u00e0nh than ch\u1ea5t l\u01b0\u1ee3ng cao qua qu\u00e1 tr\u00ecnh cacbon h\u00f3a \u1edf nhi\u1ec7t \u0111\u1ed9 cao, kh\u00f4ng kh\u00ed<\/li>    <li><strong>M\u00e1y \u0111\u00f3ng g\u00f3i g\u1ed1i:<\/strong> t\u1ef1 \u0111\u1ed9ng ho\u00e0n t\u1ea5t c\u00e2n, ni\u00eam phong v\u00e0 \u0111\u00f3ng g\u00f3i, n\u00e2ng cao v\u1ebb ngo\u00e0i v\u00e0 d\u1ec5 v\u1eadn chuy\u1ec3n c\u1ee7a than th\u00e0nh ph\u1ea9m<\/li> <\/ul>   <div class=\"wp-block-image\"> <figure class=\"aligncenter size-large\"><img loading=\"lazy\" decoding=\"async\" width=\"720\" height=\"540\" src=\"https:\/\/charcoalmaking.com\/wp-content\/uploads\/2024\/11\/charcoal-processing-line.webp\" alt=\"d\u00e2y chuy\u1ec1n ch\u1ebf bi\u1ebfn than\" class=\"wp-image-1395\" srcset=\"https:\/\/charcoalmaking.com\/wp-content\/uploads\/2024\/11\/charcoal-processing-line.webp 720w, https:\/\/charcoalmaking.com\/wp-content\/uploads\/2024\/11\/charcoal-processing-line-360x270.webp 360w, https:\/\/charcoalmaking.com\/wp-content\/uploads\/2024\/11\/charcoal-processing-line-16x12.webp 16w\" sizes=\"auto, (max-width: 720px) 100vw, 720px\" \/><figcaption class=\"wp-element-caption\">d\u00e2y chuy\u1ec1n ch\u1ebf bi\u1ebfn than<\/figcaption><\/figure> <\/div>   <p class=\"translation-block\">To\u00e0n b\u1ed9<a href=\"https:\/\/charcoalmaking.com\/vi\/charcoal-production-line\/\" data-type=\"link\" data-id=\"https:\/\/charcoalmaking.com\/charcoal-production-line\/\">d\u00f2ng s\u1ea3n xu\u1ea5t than ho\u1ea1t t\u00ednh t\u1ef1 \u0111\u1ed9ng<\/a>\u0111\u1ea1t \u0111\u01b0\u1ee3c cho \u0103n t\u1ef1 \u0111\u1ed9ng, \u0111i\u1ec1u khi\u1ec3n nhi\u1ec7t \u0111\u1ed9 v\u00e0 \u0111i\u1ec1u ch\u1ec9nh t\u1ed1c \u0111\u1ed9.<br>Ch\u1ec9 y\u00eau c\u1ea7u<strong>2\u20133 ng\u01b0\u1eddi v\u1eadn h\u00e0nh<\/strong>\u0111\u1ec3 v\u1eadn h\u00e0nh \u1ed5n \u0111\u1ecbnh.<\/p>    <h2 class=\"wp-block-heading\">T\u1ea1i sao ch\u1ecdn d\u00f2ng than t\u1ef1 \u0111\u1ed9ng c\u1ee7a ch\u00fang t\u00f4i?<\/h2>    <p class=\"translation-block\"><strong>Chi ph\u00ed lao \u0111\u1ed9ng gi\u1ea3m \u0111\u00e1ng k\u1ec3<\/strong><\/p>    <p class=\"translation-block\">S\u1ea3n xu\u1ea5t than th\u1ee7 c\u00f4ng truy\u1ec1n th\u1ed1ng \u0111\u00f2i h\u1ecfi h\u01a1n m\u1ed9t ch\u1ee5c c\u00f4ng nh\u00e2n h\u1ee3p t\u00e1c, trong khi m\u1ed9t d\u00e2y chuy\u1ec1n t\u1ef1 \u0111\u1ed9ng c\u00f3 th\u1ec3 ho\u00e0n th\u00e0nh to\u00e0n b\u1ed9 qu\u00e1 tr\u00ecnh v\u1edbi ch\u1ec9<strong>2\u20133 ng\u01b0\u1eddi v\u1eadn h\u00e0nh<\/strong>.<\/p>    <p class=\"translation-block\"><strong>Hi\u1ec7u su\u1ea5t s\u1ea3n xu\u1ea5t t\u0103ng g\u1ea5p \u0111\u00f4i<\/strong><\/p>    <p>H\u1ec7 th\u1ed1ng s\u1ea3n xu\u1ea5t li\u00ean t\u1ee5c cho ph\u00e9p v\u1eadn h\u00e0nh \u1ed5n \u0111\u1ecbnh, b\u1ea5t ch\u1ea5p th\u1eddi ti\u1ebft ho\u1eb7c kinh nghi\u1ec7m c\u00f4ng nh\u00e2n.<\/p>    <p class=\"translation-block\"><strong>Ti\u00eau th\u1ee5 n\u0103ng l\u01b0\u1ee3ng th\u1ea5p h\u01a1n v\u00e0 s\u1eed d\u1ee5ng ngu\u1ed3n l\u1ef1c hi\u1ec7u qu\u1ea3 h\u01a1n<\/strong><\/p>    <p>H\u1ec7 th\u1ed1ng s\u1ea5y v\u00e0 than h\u00f3a t\u00e1i sinh nhi\u1ec7t th\u1ea3i, \u0111\u1ea1t kho\u1ea3ng 30%% ti\u1ebft ki\u1ec7m n\u0103ng l\u01b0\u1ee3ng so v\u1edbi quy tr\u00ecnh l\u1ed7i th\u1eddi.<\/p>    <figure class=\"wp-block-gallery has-nested-images columns-default is-cropped wp-block-gallery-3 is-layout-flex wp-block-gallery-is-layout-flex\"> <figure class=\"wp-block-image size-large\"><img loading=\"lazy\" decoding=\"async\" width=\"720\" height=\"540\" data-id=\"1102\" src=\"https:\/\/charcoalmaking.com\/wp-content\/uploads\/2023\/07\/bbq-charcoal-machine.jpg\" alt=\"m\u00e1y l\u00e0m than bbq\" class=\"wp-image-1102\" srcset=\"https:\/\/charcoalmaking.com\/wp-content\/uploads\/2023\/07\/bbq-charcoal-machine.jpg 720w, https:\/\/charcoalmaking.com\/wp-content\/uploads\/2023\/07\/bbq-charcoal-machine-360x270.jpg 360w, https:\/\/charcoalmaking.com\/wp-content\/uploads\/2023\/07\/bbq-charcoal-machine-16x12.jpg 16w\" sizes=\"auto, (max-width: 720px) 100vw, 720px\" \/><figcaption class=\"wp-element-caption\">m\u00e1y l\u00e0m than bbq<\/figcaption><\/figure>    <figure class=\"wp-block-image size-large\"><img loading=\"lazy\" decoding=\"async\" width=\"1024\" height=\"768\" data-id=\"1101\" src=\"https:\/\/charcoalmaking.com\/wp-content\/uploads\/2023\/07\/bbq-charcoal-briquettes-extruder-machine-1024x768.jpg\" alt=\"m\u00e1y \u00e9p \u0111\u00f9n than b\u00e1nh bbq\" class=\"wp-image-1101\" srcset=\"https:\/\/charcoalmaking.com\/wp-content\/uploads\/2023\/07\/bbq-charcoal-briquettes-extruder-machine-1024x768.jpg 1024w, https:\/\/charcoalmaking.com\/wp-content\/uploads\/2023\/07\/bbq-charcoal-briquettes-extruder-machine-720x540.jpg 720w, https:\/\/charcoalmaking.com\/wp-content\/uploads\/2023\/07\/bbq-charcoal-briquettes-extruder-machine-360x270.jpg 360w, https:\/\/charcoalmaking.com\/wp-content\/uploads\/2023\/07\/bbq-charcoal-briquettes-extruder-machine-768x576.jpg 768w, https:\/\/charcoalmaking.com\/wp-content\/uploads\/2023\/07\/bbq-charcoal-briquettes-extruder-machine-1536x1152.jpg 1536w, https:\/\/charcoalmaking.com\/wp-content\/uploads\/2023\/07\/bbq-charcoal-briquettes-extruder-machine-2048x1536.jpg 2048w, https:\/\/charcoalmaking.com\/wp-content\/uploads\/2023\/07\/bbq-charcoal-briquettes-extruder-machine-16x12.jpg 16w\" sizes=\"auto, (max-width: 1024px) 100vw, 1024px\" \/><figcaption class=\"wp-element-caption\">m\u00e1y \u00e9p \u0111\u00f9n than b\u00e1nh bbq<\/figcaption><\/figure>    <figure class=\"wp-block-image size-large\"><img loading=\"lazy\" decoding=\"async\" width=\"720\" height=\"540\" data-id=\"777\" src=\"https:\/\/charcoalmaking.com\/wp-content\/uploads\/2023\/08\/charcoal-drying-equipment.webp\" alt=\"thi\u1ebft b\u1ecb s\u1ea5y than\" class=\"wp-image-777\" srcset=\"https:\/\/charcoalmaking.com\/wp-content\/uploads\/2023\/08\/charcoal-drying-equipment.webp 720w, https:\/\/charcoalmaking.com\/wp-content\/uploads\/2023\/08\/charcoal-drying-equipment-360x270.webp 360w\" sizes=\"auto, (max-width: 720px) 100vw, 720px\" \/><figcaption class=\"wp-element-caption\">thi\u1ebft b\u1ecb s\u1ea5y than<\/figcaption><\/figure> <\/figure>    <p class=\"translation-block\"><strong>Ch\u1ea5t l\u01b0\u1ee3ng s\u1ea3n ph\u1ea9m nh\u1ea5t qu\u00e1n h\u01a1n, ph\u00f9 h\u1ee3p v\u1edbi th\u1ecb tr\u01b0\u1eddng xu\u1ea5t kh\u1ea9u<\/strong><\/p>    <p>Ki\u1ec3m so\u00e1t t\u1ef1 \u0111\u1ed9ng \u0111\u1ea3m b\u1ea3o m\u1eadt \u0111\u1ed9 than \u0111\u1ed3ng nh\u1ea5t v\u00e0 th\u1eddi gian ch\u00e1y k\u00e9o d\u00e0i, l\u00fd t\u01b0\u1edfng cho n\u01b0\u1edbng than, s\u01b0\u1edfi \u1ea5m v\u00e0 \u1ee9ng d\u1ee5ng c\u00f4ng nghi\u1ec7p.<\/p>    <p class=\"translation-block\"><strong>ROI nhanh v\u00e0 bi\u00ean l\u1ee3i nhu\u1eadn cao<\/strong><\/p>    <p>\u0110\u1ed1i v\u1edbi c\u00f4ng su\u1ea5t s\u1ea3n xu\u1ea5t h\u00e0ng ng\u00e0y 5 t\u1ea5n, d\u1ef1a tr\u00ean gi\u00e1 th\u1ecb tr\u01b0\u1eddng hi\u1ec7n t\u1ea1i<br>Kho\u1ea3n \u0111\u1ea7u t\u01b0 c\u00f3 th\u1ec3 thu h\u1ed3i trong kho\u1ea3ng 6\u20138 th\u00e1ng v\u1edbi l\u1ee3i nhu\u1eadn g\u1ed9p \u0111\u1ea1t 40%<\/p>   <div class=\"wp-block-image\"> <figure class=\"aligncenter size-large\"><img loading=\"lazy\" decoding=\"async\" width=\"720\" height=\"540\" src=\"https:\/\/charcoalmaking.com\/wp-content\/uploads\/2023\/07\/charcoal-production-line-1.webp\" alt=\"nh\u00e0 m\u00e1y ch\u1ebf bi\u1ebfn than\" class=\"wp-image-177\" srcset=\"https:\/\/charcoalmaking.com\/wp-content\/uploads\/2023\/07\/charcoal-production-line-1.webp 720w, https:\/\/charcoalmaking.com\/wp-content\/uploads\/2023\/07\/charcoal-production-line-1-360x270.webp 360w\" sizes=\"auto, (max-width: 720px) 100vw, 720px\" \/><figcaption class=\"wp-element-caption\">nh\u00e0 m\u00e1y ch\u1ebf bi\u1ebfn than<\/figcaption><\/figure> <\/div>   <h2 class=\"wp-block-heading\">K\u1ebft lu\u1eadn<\/h2>    <p>\u0110\u1ea7u t\u01b0 v\u00e0o m\u1ed9t d\u00f2ng s\u1ea3n xu\u1ea5t than ho\u1ea1t t\u00ednh t\u1ef1 \u0111\u1ed9ng kh\u00f4ng ch\u1ec9 l\u00e0 n\u00e2ng c\u1ea5p thi\u1ebft b\u1ecb\u2014it l\u00e0 b\u01b0\u1edbc quan tr\u1ecdng \u0111\u1ec3 n\u00e2ng cao s\u1ee9c c\u1ea1nh tranh c\u1ee7a c\u00f4ng ty. C\u00e1c gi\u1ea3i ph\u00e1p th\u00f4ng minh, ti\u1ebft ki\u1ec7m n\u0103ng l\u01b0\u1ee3ng v\u00e0 hi\u1ec7u su\u1ea5t cao s\u1ebd bi\u1ebfn nh\u00e0 m\u00e1y than c\u1ee7a b\u1ea1n th\u00e0nh m\u1ed9t c\u01a1 s\u1edf hi\u1ec7n \u0111\u1ea1i.<\/p>    <p>Vui l\u00f2ng li\u00ean h\u1ec7 v\u1edbi ch\u00fang t\u00f4i \u0111\u1ec3 bi\u1ebft th\u00f4ng tin chi ti\u1ebft h\u01a1n v\u1ec1 d\u00f2ng s\u1ea3n xu\u1ea5t than ho\u1ea1t t\u00ednh c\u1ee7a ch\u00fang t\u00f4i!<\/p>    <figure class=\"wp-block-embed is-type-wp-embed is-provider-charcoal-machinery wp-block-embed-charcoal-machinery\"><div class=\"wp-block-embed__wrapper\"> <blockquote class=\"wp-embedded-content\" data-secret=\"qFmQ2cIVON\"><a href=\"https:\/\/charcoalmaking.com\/vi\/charcoal-production-line\/\">D\u00e2y chuy\u1ec1n s\u1ea3n xu\u1ea5t than | M\u00e1y than<\/a><\/blockquote><iframe loading=\"lazy\" class=\"wp-embedded-content\" sandbox=\"allow-scripts\" security=\"restricted\" style=\"position: absolute; visibility: hidden;\" title=\"\u201cD\u00e2y chuy\u1ec1n s\u1ea3n xu\u1ea5t than c\u1ee7i | M\u00e1y than c\u1ee7i\u201d \u2014 M\u00e1y m\u00f3c than c\u1ee7i\" src=\"https:\/\/charcoalmaking.com\/charcoal-production-line\/embed\/#?secret=3RHgQAfKwh#?secret=qFmQ2cIVON\" data-secret=\"qFmQ2cIVON\" width=\"500\" height=\"282\" frameborder=\"0\" marginwidth=\"0\" marginheight=\"0\" scrolling=\"no\"><\/iframe> <\/div><\/figure>","protected":false},"excerpt":{"rendered":"<p>Can traditional charcoal factories truly remain profitable? Is there a more efficient, energy-saving way to produce high-quality charcoal? Automatic charcoal production lines are emerging as the new trend in the global charcoal industry. They enable businesses to achieve higher profits with less labor and in less time. Composition and process of an automatic charcoal production [&hellip;]<\/p>\n","protected":false},"author":1,"featured_media":0,"parent":0,"menu_order":0,"comment_status":"closed","ping_status":"closed","template":"","meta":{"footnotes":""},"class_list":["post-1782","page","type-page","status-publish","hentry"],"_links":{"self":[{"href":"https:\/\/charcoalmaking.com\/vi\/wp-json\/wp\/v2\/pages\/1782","targetHints":{"allow":["GET"]}}],"collection":[{"href":"https:\/\/charcoalmaking.com\/vi\/wp-json\/wp\/v2\/pages"}],"about":[{"href":"https:\/\/charcoalmaking.com\/vi\/wp-json\/wp\/v2\/types\/page"}],"author":[{"embeddable":true,"href":"https:\/\/charcoalmaking.com\/vi\/wp-json\/wp\/v2\/users\/1"}],"replies":[{"embeddable":true,"href":"https:\/\/charcoalmaking.com\/vi\/wp-json\/wp\/v2\/comments?post=1782"}],"version-history":[{"count":0,"href":"https:\/\/charcoalmaking.com\/vi\/wp-json\/wp\/v2\/pages\/1782\/revisions"}],"wp:attachment":[{"href":"https:\/\/charcoalmaking.com\/vi\/wp-json\/wp\/v2\/media?parent=1782"}],"curies":[{"name":"wp","href":"https:\/\/api.w.org\/{rel}","templated":true}]}}